  {"id":9991,"date":"2021-05-13T11:41:26","date_gmt":"2021-05-13T15:41:26","guid":{"rendered":"https:\/\/www.bbbso.ca\/impliquez-vous\/programme-de-mentorat-mpower-pour-la-jeunesse\/"},"modified":"2024-06-21T21:21:01","modified_gmt":"2024-06-22T01:21:01","slug":"programme-de-mentorat-mpower-pour-la-jeunesse","status":"publish","type":"page","link":"https:\/\/www.bbbso.ca\/fr\/impliquez-vous\/programme-de-mentorat-mpower-pour-la-jeunesse\/","title":{"rendered":"Programme de mentorat MPower pour la jeunesse"},"content":{"rendered":"\n<h2 class=\"wp-block-heading\" id=\"what-is-mpower\">QU&#8217;EST-CE QUE MPOWER?<\/h2>\n\n<p>Le programme MPower accueille des jeunes \u00e2g\u00e9s de 15 \u00e0 24 ans qui souhaitent compter sur la pr\u00e9sence d\u2019un mentor dans leur vie. Si vous souhaitez obtenir du soutien afin de conna\u00eetre du succ\u00e8s dans votre vie d\u2019adulte ou si vous souhaitez rencontrer quelqu\u2019un avec qui discuter et pratiquer des activit\u00e9s, ce programme est pour vous.<\/p>\n\n<p>Au d\u00e9but de votre participation au programme, des \u00e9v\u00e9nements de groupes au cours desquels vous rencontrerez des mentors potentiels seront organis\u00e9s. Il en reviendra ensuite \u00e0 vous de d\u00e9cider avec qui vous souhaitez poursuivre le jumelage, en fonction de vos affinit\u00e9s avec les personnes que vous aurez rencontr\u00e9es.<\/p>\n\n<h2 class=\"wp-block-heading\" id=\"long-term-friendship\">UNE AMITI\u00c9 DURABLE<\/h2>\n\n<p>Par le partage d\u2019exp\u00e9riences communes entre mentors et mentor\u00e9s qu\u2019il favorise, le programme contribue \u00e0 soutenir les jeunes participants dans leur transition vers l\u2019\u00e2ge adulte. Entre 15 et 24 ans, on se trouve \u00e0 un moment charni\u00e8re de la vie au cours duquel on d\u00e9couvre ce qui nous passionne, la direction que l\u2019on souhaite donner \u00e0 sa vie et comment prendre des d\u00e9cisions importantes. Les mentors ont le pouvoir de nous accompagner au fil de ce parcours!<\/p>\n\n<p>Le soutien et les encouragements offerts par un mentor nous permettent d&#8217;adopter une nouvelle vision de l\u2019avenir, de d\u00e9couvrir de nouvelles options et d&#8217;explorer d\u2019autres possibilit\u00e9s. Avec votre mentor, vous exprimerez votre plein potentiel et tisserez un lien d\u2019amiti\u00e9 durable.<\/p>\n\n<h2 class=\"wp-block-heading\" id=\"things-a-mentor-can-do-for-you\">CE QU&#8217;UN MENTOR PEUT FAIRE POUR TOI :<\/h2>\n\n<ul class=\"wp-block-list\">\n<li>T\u2019\u00e9couter<\/li>\n\n\n\n<li>T\u2019aider \u00e0 te pr\u00e9parer au march\u00e9 du travail : CV, lettre de motivation, entrevues, etc.<\/li>\n\n\n\n<li>\u00catre ton alli\u00e9 en soutenant tes choix de vie<\/li>\n\n\n\n<li>Se porter \u00e0 la d\u00e9fense de tes droits et de tes int\u00e9r\u00eats<\/li>\n\n\n\n<li>\u00catre un mod\u00e8le positif<\/li>\n\n\n\n<li>T\u2019enseigner diff\u00e9rentes comp\u00e9tences<\/li>\n\n\n\n<li>T\u2019aider \u00e0 planifier ton parcours postsecondaire<\/li>\n\n\n\n<li>T\u2019aider \u00e0 essayer de nouvelles choses<\/li>\n\n\n\n<li>Mettre du plaisir dans ta vie<\/li>\n<\/ul>\n\n<h2 class=\"wp-block-heading\" id=\"be-a-big-and-ignite-potential-in-young-adults\">FAITES PARTIE DE NOS GRAND.E.S ET AIDEZ DE JEUNES ADULTES \u00c0 EXPRIMER LEUR PLEIN POTENTIEL<\/h2>\n\n<p>Nous avons besoin de b\u00e9n\u00e9voles de 18 ans et plus qui souhaitent faire une v\u00e9ritable diff\u00e9rence dans la vie d\u2019un jeune adulte en offrant un minimum de 10 heures de leur temps par mois.<\/p>\n\n<h5 class=\"wp-block-heading\" id=\"who-are-the-mentors\">QUI SONT NOS MENTORS?<\/h5>\n\n<ul class=\"wp-block-list\">\n<li>Nos mentors sont des adultes b\u00e9n\u00e9voles non r\u00e9mun\u00e9r\u00e9s dont l\u2019\u00e2ge et les exp\u00e9riences de vie varient.<\/li>\n\n\n\n<li>Nos mentors acceptent de s\u2019engager pendant au moins deux ans.<\/li>\n\n\n\n<li>Nos mentors sont choisis parce qu\u2019ils comprennent ce que vit un jeune vuln\u00e9rable et parce qu\u2019ils ont d\u00e9montr\u00e9 leur capacit\u00e9 \u00e0 cr\u00e9er et \u00e0 entretenir des relations durables et saines.<\/li>\n\n\n\n<li>Nos mentors sont pr\u00eats \u00e0 travailler de fa\u00e7on persistante pour \u00e9tablir un lien avec le jeune et surmonter les obstacles auxquels sera confront\u00e9e la relation<\/li>\n\n\n\n<li>Nos mentors savent appr\u00e9cier les forces de chaque jeune, les soutenir dans l\u2019atteinte de leurs objectifs actuels et futurs et leur donner les conseils et les outils n\u00e9cessaires \u00e0 leur \u00e9panouissement futur<\/li>\n\n\n\n<li>Nos mentors sont ouverts \u00e0 suivre la formation n\u00e9cessaire et \u00e0 obtenir du soutien et des conseils de la part du personnel du programme et d\u2019autres mentors<\/li>\n<\/ul>\n\n<h2 class=\"wp-block-heading\" id=\"mpower-s-goal\">L\u2019OBJECTIF DE MPOWER<\/h2>\n\n<p>Cr\u00e9er un r\u00e9seau de soutien social pour les jeunes et leur donner un sentiment de stabilit\u00e9 au cours de leur transition vers l\u2019\u00e2ge adulte.<\/p>\n\n<h3 class=\"wp-block-heading\" id=\"ready-to-be-a-mentor\">VOUS AVEZ ENVIE DE VOUS LANCER?<\/h3>\n\n<p>Si vous croyez \u00eatre pr\u00eat \u00e0 postuler pour faire partie de ce programme de mentorat ou d\u2019un autre de nos programmes, notre nouveau processus de demande en ligne vous permettra d\u2019effectuer votre demande beaucoup plus facilement qu\u2019avant!<\/p>\n\n<h3 class=\"wp-block-heading\" id=\"get-involved\">IMPLIQUEZ-VOUS!<\/h3>\n\n<p>Pour en savoir plus sur comment devenir mentor ou b\u00e9n\u00e9vole, ou pour savoir comment faire un don \u00e0 Grands Fr\u00e8res Grandes Soeurs d&#8217;Ottawa, <a href=\"https:\/\/www.bbbso.ca\/fr\/contactez-nous\/\">veuillez communiquer avec nous<\/a> d\u00e8s aujourd\u2019hui.<\/p>\n\n<div style=\"height:40px\" aria-hidden=\"true\" class=\"wp-block-spacer\"><\/div>\n\n<iframe loading=\"lazy\" src=\"https:\/\/analytics.clickdimensions.com\/bigbrothersbigsistersca-anc2a\/pages\/evu3xwdreempvaanojbpka.html?PageId=5d37f5125167e911a954000d3a36e990\" allowtransparency=\"true\" width=\"100%\" height=\"600px\" type=\"text\/html\" frameborder=\"0\" style=\"border:0\"><\/iframe>\n\n<div style=\"height:20px\" aria-hidden=\"true\" class=\"wp-block-spacer\"><\/div>\n\n<h3 class=\"wp-block-heading has-text-align-center\" id=\"made-possible-with-support-from\">RENDU POSSIBLE GR\u00c2CE AU SOUTIEN DE :<\/h3>\n\n<figure class=\"wp-block-gallery has-nested-images columns-4 wp-block-gallery-1 is-layout-flex wp-block-gallery-is-layout-flex\">\n<figure class=\"wp-block-image size-large\"><img loading=\"lazy\" decoding=\"async\" width=\"250\" height=\"89\" data-id=\"111\" src=\"https:\/\/www.bbbso.ca\/wp-content\/uploads\/2021\/02\/ottawa.png\" alt=\"\" class=\"wp-image-111\"\/><\/figure>\n\n\n\n<figure class=\"wp-block-image size-large\"><img loading=\"lazy\" decoding=\"async\" width=\"498\" height=\"273\" data-id=\"112\" src=\"https:\/\/www.bbbso.ca\/wp-content\/uploads\/2021\/02\/UWEO-BILINGUAL-COLOURHorizontal.jpg\" alt=\"\" class=\"wp-image-112\" srcset=\"https:\/\/www.bbbso.ca\/wp-content\/uploads\/2021\/02\/UWEO-BILINGUAL-COLOURHorizontal.jpg 498w, https:\/\/www.bbbso.ca\/wp-content\/uploads\/2021\/02\/UWEO-BILINGUAL-COLOURHorizontal-480x263.jpg 480w\" sizes=\"(min-width: 0px) and (max-width: 480px) 480px, (min-width: 481px) 498px, 100vw\" \/><\/figure>\n\n\n\n<figure class=\"wp-block-image size-large\"><img loading=\"lazy\" decoding=\"async\" width=\"256\" height=\"256\" data-id=\"5986\" src=\"https:\/\/www.bbbso.ca\/wp-content\/uploads\/2021\/05\/logo-TD-1.jpg\" alt=\"\" class=\"wp-image-5986\" srcset=\"https:\/\/www.bbbso.ca\/wp-content\/uploads\/2021\/05\/logo-TD-1.jpg 256w, https:\/\/www.bbbso.ca\/wp-content\/uploads\/2021\/05\/logo-TD-1-150x150.jpg 150w, https:\/\/www.bbbso.ca\/wp-content\/uploads\/2021\/05\/logo-TD-1-100x100.jpg 100w\" sizes=\"(max-width: 256px) 100vw, 256px\" \/><\/figure>\n<\/figure>\n","protected":false},"excerpt":{"rendered":"<p>QU&#8217;EST-CE QUE MPOWER? Le programme MPower accueille des jeunes \u00e2g\u00e9s de 15 \u00e0 24 ans qui souhaitent compter sur la pr\u00e9sence d\u2019un mentor dans leur vie. Si vous souhaitez obtenir du soutien afin de conna\u00eetre du succ\u00e8s dans votre vie d\u2019adulte ou si vous souhaitez rencontrer quelqu\u2019un avec qui discuter et pratiquer des activit\u00e9s, ce [&hellip;]<\/p>\n","protected":false},"author":1,"featured_media":9121,"parent":9949,"menu_order":0,"comment_status":"closed","ping_status":"closed","template":"","meta":{"_et_pb_use_builder":"off","_et_pb_old_content":"","_et_gb_content_width":"","_coblocks_attr":"","_coblocks_dimensions":"","_coblocks_responsive_height":"","_coblocks_accordion_ie_support":"","_monsterinsights_skip_tracking":false,"_monsterinsights_sitenote_active":false,"_monsterinsights_sitenote_note":"","_monsterinsights_sitenote_category":0,"footnotes":""},"class_list":["post-9991","page","type-page","status-publish","has-post-thumbnail","hentry"],"aioseo_notices":[],"_links":{"self":[{"href":"https:\/\/www.bbbso.ca\/fr\/wp-json\/wp\/v2\/pages\/9991","targetHints":{"allow":["GET"]}}],"collection":[{"href":"https:\/\/www.bbbso.ca\/fr\/wp-json\/wp\/v2\/pages"}],"about":[{"href":"https:\/\/www.bbbso.ca\/fr\/wp-json\/wp\/v2\/types\/page"}],"author":[{"embeddable":true,"href":"https:\/\/www.bbbso.ca\/fr\/wp-json\/wp\/v2\/users\/1"}],"replies":[{"embeddable":true,"href":"https:\/\/www.bbbso.ca\/fr\/wp-json\/wp\/v2\/comments?post=9991"}],"version-history":[{"count":1,"href":"https:\/\/www.bbbso.ca\/fr\/wp-json\/wp\/v2\/pages\/9991\/revisions"}],"predecessor-version":[{"id":9992,"href":"https:\/\/www.bbbso.ca\/fr\/wp-json\/wp\/v2\/pages\/9991\/revisions\/9992"}],"up":[{"embeddable":true,"href":"https:\/\/www.bbbso.ca\/fr\/wp-json\/wp\/v2\/pages\/9949"}],"wp:featuredmedia":[{"embeddable":true,"href":"https:\/\/www.bbbso.ca\/fr\/wp-json\/wp\/v2\/media\/9121"}],"wp:attachment":[{"href":"https:\/\/www.bbbso.ca\/fr\/wp-json\/wp\/v2\/media?parent=9991"}],"curies":[{"name":"wp","href":"https:\/\/api.w.org\/{rel}","templated":true}]}}