  {"id":9987,"date":"2021-05-31T16:00:49","date_gmt":"2021-05-31T20:00:49","guid":{"rendered":"https:\/\/www.bbbso.ca\/evenements\/bouger-pour-le-mentorat\/"},"modified":"2024-06-21T21:12:47","modified_gmt":"2024-06-22T01:12:47","slug":"bouger-pour-le-mentorat","status":"publish","type":"page","link":"https:\/\/www.bbbso.ca\/fr\/evenements\/bouger-pour-le-mentorat\/","title":{"rendered":"Bouger pour le mentorat"},"content":{"rendered":"\n<p>En 2024, joignez-vous \u00e0 Grands Fr\u00e8res Grandes Soeurs d&#8217;Ottawa (GFGSO) et BOUGEZ POUR LE MENTORAT! Enfilez vos chaussures et rejoignez-nous \u00e0 l\u2019occasion d\u2019\u00e9v\u00e9nements des plus excitants : Parties de quilles, week-end de course et pickleball.<\/p>\n\n<p>Que vous soyez un athl\u00e8te chevronn\u00e9 ou que vous cherchiez simplement des fa\u00e7ons amusantes de soutenir le mentorat dans notre communaut\u00e9, il y en aura pour tous les go\u00fbts. De plus, en participant, vous aurez un impact direct sur la vie des jeunes d\u2019Ottawa.<\/p>\n\n<p>Vous souhaitez en savoir plus ou devenir partenaire \u00e0 l\u2019occasion de ces \u00e9v\u00e9nements? Communiquez avec Jake Naylor, agent de d\u00e9veloppement, au <a href=\"tel:6132474776\" target=\"_blank\" rel=\"noreferrer noopener\">613-247-4776<\/a>, poste 329.<\/p>\n\n<div style=\"height:22px\" aria-hidden=\"true\" class=\"wp-block-spacer\"><\/div>\n\n<h3 class=\"wp-block-heading\">Bougeons ensemble pour soutenir le mentorat et faisons une diff\u00e9rence dans la vie des jeunes de la r\u00e9gion!<\/h3>\n","protected":false},"excerpt":{"rendered":"<p>En 2024, joignez-vous \u00e0 Grands Fr\u00e8res Grandes Soeurs d&#8217;Ottawa (GFGSO) et BOUGEZ POUR LE MENTORAT! Enfilez vos chaussures et rejoignez-nous \u00e0 l\u2019occasion d\u2019\u00e9v\u00e9nements des plus excitants : Parties de quilles, week-end de course et pickleball. Que vous soyez un athl\u00e8te chevronn\u00e9 ou que vous cherchiez simplement des fa\u00e7ons amusantes de soutenir le mentorat dans notre [&hellip;]<\/p>\n","protected":false},"author":14,"featured_media":9248,"parent":9943,"menu_order":1,"comment_status":"closed","ping_status":"closed","template":"","meta":{"_et_pb_use_builder":"off","_et_pb_old_content":"","_et_gb_content_width":"","_coblocks_attr":"","_coblocks_dimensions":"","_coblocks_responsive_height":"","_coblocks_accordion_ie_support":"","_monsterinsights_skip_tracking":false,"_monsterinsights_sitenote_active":false,"_monsterinsights_sitenote_note":"","_monsterinsights_sitenote_category":0,"footnotes":""},"class_list":["post-9987","page","type-page","status-publish","has-post-thumbnail","hentry"],"aioseo_notices":[],"_links":{"self":[{"href":"https:\/\/www.bbbso.ca\/fr\/wp-json\/wp\/v2\/pages\/9987","targetHints":{"allow":["GET"]}}],"collection":[{"href":"https:\/\/www.bbbso.ca\/fr\/wp-json\/wp\/v2\/pages"}],"about":[{"href":"https:\/\/www.bbbso.ca\/fr\/wp-json\/wp\/v2\/types\/page"}],"author":[{"embeddable":true,"href":"https:\/\/www.bbbso.ca\/fr\/wp-json\/wp\/v2\/users\/14"}],"replies":[{"embeddable":true,"href":"https:\/\/www.bbbso.ca\/fr\/wp-json\/wp\/v2\/comments?post=9987"}],"version-history":[{"count":1,"href":"https:\/\/www.bbbso.ca\/fr\/wp-json\/wp\/v2\/pages\/9987\/revisions"}],"predecessor-version":[{"id":9988,"href":"https:\/\/www.bbbso.ca\/fr\/wp-json\/wp\/v2\/pages\/9987\/revisions\/9988"}],"up":[{"embeddable":true,"href":"https:\/\/www.bbbso.ca\/fr\/wp-json\/wp\/v2\/pages\/9943"}],"wp:featuredmedia":[{"embeddable":true,"href":"https:\/\/www.bbbso.ca\/fr\/wp-json\/wp\/v2\/media\/9248"}],"wp:attachment":[{"href":"https:\/\/www.bbbso.ca\/fr\/wp-json\/wp\/v2\/media?parent=9987"}],"curies":[{"name":"wp","href":"https:\/\/api.w.org\/{rel}","templated":true}]}}