  {"id":9983,"date":"2021-05-13T11:43:38","date_gmt":"2021-05-13T15:43:38","guid":{"rendered":"https:\/\/www.bbbso.ca\/impliquez-vous\/programme-de-mentorat-rendez-vous-a-lecole\/"},"modified":"2024-06-21T21:08:10","modified_gmt":"2024-06-22T01:08:10","slug":"programme-de-mentorat-rendez-vous-a-lecole","status":"publish","type":"page","link":"https:\/\/www.bbbso.ca\/fr\/impliquez-vous\/programme-de-mentorat-rendez-vous-a-lecole\/","title":{"rendered":"Programme de mentorat Rendez-vous \u00e0 l\u2019\u00e9cole"},"content":{"rendered":"\n<h2 class=\"wp-block-heading\" id=\"in-school-mentoring-co-op-placement\">PROGRAMME DE MENTORAT \u00c0 L\u2019\u00c9COLE EN \u00c9DUCATION COOP\u00c9RATIVE<\/h2>\n\n<p>Le mentorat peut jouer un r\u00f4le majeur dans la vie d&#8217;un.e Petit.e. L\u2019exp\u00e9rience peut \u00e9galement changer compl\u00e8tement la vie de l\u2019adulte participant. Le programme de mentorat Rendez-vous \u00e0 l&#8217;\u00e9cole donne la chance \u00e0 des finissants du secondaire et \u00e0 des \u00e9tudiants au coll\u00e9gial en stage de jouer un r\u00f4le de mentor aupr\u00e8s d\u2019enfants du primaire \u00e2g\u00e9s de 7 \u00e0 11 ans.<\/p>\n\n<p>Voil\u00e0 une merveilleuse occasion de tisser un lien d\u2019amiti\u00e9 durable qui aura des retomb\u00e9es positives dans la vie des deux participants.<\/p>\n\n<p>Il peut toutefois arriver que les sorties ne soient pas possibles. C\u2019est pourquoi le programme de mentorat Rendez-vous \u00e0 l&#8217;\u00e9cole permet aux Grand.e.s de rencontrer les Petit.e.s pendant l\u2019ann\u00e9e scolaire, ouvrant ainsi la voie \u00e0 de nouvelles opportunit\u00e9s et aidant les enfants \u00e0 atteindre leur plein potentiel.<\/p>\n\n<h3 class=\"wp-block-heading\" id=\"training-for-bigs\">FORMATION DESTIN\u00c9E AUX GRAND.E.S<\/h3>\n\n<p>Tous les Grand.e.s recevront une formation avant le d\u00e9but du programme. Toutes les rencontres avec les Petit.e.s se d\u00e9rouleront sur la propri\u00e9t\u00e9 de l\u2019\u00e9cole et sous la supervision de personnel de Grands Fr\u00e8res Grandes Soeurs d&#8217;Ottawa form\u00e9 et exp\u00e9riment\u00e9.<\/p>\n\n<p>Pour plus d\u2019informations sur le programme ou pour savoir comment vous impliquer, contactez Grands Fr\u00e8res Grandes Soeurs d&#8217;Ottawa d\u00e8s aujourd\u2019hui<\/p>\n\n<div style=\"height:40px\" aria-hidden=\"true\" class=\"wp-block-spacer\"><\/div>\n\n<iframe loading=\"lazy\" src=\"https:\/\/analytics.clickdimensions.com\/bigbrothersbigsistersca-anc2a\/pages\/evu3xwdreempvaanojbpka.html?PageId=5d37f5125167e911a954000d3a36e990\" allowtransparency=\"true\" width=\"100%\" height=\"600px\" type=\"text\/html\" frameborder=\"0\" style=\"border:0\"><\/iframe>\n\n<div style=\"height:42px\" aria-hidden=\"true\" class=\"wp-block-spacer\"><\/div>\n\n<h3 class=\"wp-block-heading has-text-align-center\" id=\"made-possible-with-support-from\">RENDU POSSIBLE GR\u00c2CE AU SOUTIEN DE :<\/h3>\n\n<div class=\"wp-block-divi-layout\">[et_pb_section fb_built=&#8221;1&#8243; admin_label=&#8221;section&#8221; _builder_version=&#8221;3.22&#8243; global_colors_info=&#8221;{}&#8221;][et_pb_row column_structure=&#8221;1_4,1_4,1_4,1_4&#8243; use_custom_gutter=&#8221;on&#8221; gutter_width=&#8221;4&#8243; make_equal=&#8221;on&#8221; admin_label=&#8221;row&#8221; _builder_version=&#8221;4.14.7&#8243; background_size=&#8221;initial&#8221; background_position=&#8221;top_left&#8221; background_repeat=&#8221;repeat&#8221; global_colors_info=&#8221;{}&#8221;][et_pb_column type=&#8221;1_4&#8243; _builder_version=&#8221;4.14.7&#8243; _module_preset=&#8221;default&#8221; custom_css_main_element=&#8221;margin: auto&#8221; global_colors_info=&#8221;{}&#8221;][et_pb_image src=&#8221;https:\/\/www.bbbso.ca\/wp-content\/uploads\/2021\/02\/ottawa.png&#8221; title_text=&#8221;ottawa&#8221; _builder_version=&#8221;4.14.7&#8243; _module_preset=&#8221;default&#8221; global_colors_info=&#8221;{}&#8221;][\/et_pb_image][\/et_pb_column][et_pb_column type=&#8221;1_4&#8243; _builder_version=&#8221;4.14.7&#8243; _module_preset=&#8221;default&#8221; custom_css_main_element=&#8221;margin: auto&#8221; global_colors_info=&#8221;{}&#8221;][et_pb_image src=&#8221;https:\/\/www.bbbso.ca\/wp-content\/uploads\/2021\/06\/ON_POS_LOGO_RGB.png&#8221; title_text=&#8221;ON_POS_LOGO_RGB&#8221; _builder_version=&#8221;4.14.7&#8243; _module_preset=&#8221;default&#8221; global_colors_info=&#8221;{}&#8221;][\/et_pb_image][\/et_pb_column][et_pb_column type=&#8221;1_4&#8243; _builder_version=&#8221;4.14.7&#8243; _module_preset=&#8221;default&#8221; custom_css_main_element=&#8221;margin: auto&#8221; global_colors_info=&#8221;{}&#8221;][et_pb_image src=&#8221;https:\/\/www.bbbso.ca\/wp-content\/uploads\/2021\/05\/logo-TD-1.jpg&#8221; title_text=&#8221;logo-TD&#8221; _builder_version=&#8221;4.14.7&#8243; _module_preset=&#8221;default&#8221; width=&#8221;74%&#8221; global_colors_info=&#8221;{}&#8221;][\/et_pb_image][\/et_pb_column][et_pb_column type=&#8221;1_4&#8243; _builder_version=&#8221;4.14.7&#8243; _module_preset=&#8221;default&#8221; custom_css_main_element=&#8221;margin: auto&#8221; global_colors_info=&#8221;{}&#8221;][\/et_pb_column][\/et_pb_row][\/et_pb_section]<\/div>\n\n<p><\/p>\n","protected":false},"excerpt":{"rendered":"<p>PROGRAMME DE MENTORAT \u00c0 L\u2019\u00c9COLE EN \u00c9DUCATION COOP\u00c9RATIVE Le mentorat peut jouer un r\u00f4le majeur dans la vie d&#8217;un.e Petit.e. L\u2019exp\u00e9rience peut \u00e9galement changer compl\u00e8tement la vie de l\u2019adulte participant. Le programme de mentorat Rendez-vous \u00e0 l&#8217;\u00e9cole donne la chance \u00e0 des finissants du secondaire et \u00e0 des \u00e9tudiants au coll\u00e9gial en stage de jouer [&hellip;]<\/p>\n","protected":false},"author":1,"featured_media":9030,"parent":9949,"menu_order":0,"comment_status":"closed","ping_status":"closed","template":"","meta":{"_et_pb_use_builder":"off","_et_pb_old_content":"","_et_gb_content_width":"","_coblocks_attr":"","_coblocks_dimensions":"","_coblocks_responsive_height":"","_coblocks_accordion_ie_support":"","_monsterinsights_skip_tracking":false,"_monsterinsights_sitenote_active":false,"_monsterinsights_sitenote_note":"","_monsterinsights_sitenote_category":0,"footnotes":""},"class_list":["post-9983","page","type-page","status-publish","has-post-thumbnail","hentry"],"aioseo_notices":[],"_links":{"self":[{"href":"https:\/\/www.bbbso.ca\/fr\/wp-json\/wp\/v2\/pages\/9983","targetHints":{"allow":["GET"]}}],"collection":[{"href":"https:\/\/www.bbbso.ca\/fr\/wp-json\/wp\/v2\/pages"}],"about":[{"href":"https:\/\/www.bbbso.ca\/fr\/wp-json\/wp\/v2\/types\/page"}],"author":[{"embeddable":true,"href":"https:\/\/www.bbbso.ca\/fr\/wp-json\/wp\/v2\/users\/1"}],"replies":[{"embeddable":true,"href":"https:\/\/www.bbbso.ca\/fr\/wp-json\/wp\/v2\/comments?post=9983"}],"version-history":[{"count":1,"href":"https:\/\/www.bbbso.ca\/fr\/wp-json\/wp\/v2\/pages\/9983\/revisions"}],"predecessor-version":[{"id":9984,"href":"https:\/\/www.bbbso.ca\/fr\/wp-json\/wp\/v2\/pages\/9983\/revisions\/9984"}],"up":[{"embeddable":true,"href":"https:\/\/www.bbbso.ca\/fr\/wp-json\/wp\/v2\/pages\/9949"}],"wp:featuredmedia":[{"embeddable":true,"href":"https:\/\/www.bbbso.ca\/fr\/wp-json\/wp\/v2\/media\/9030"}],"wp:attachment":[{"href":"https:\/\/www.bbbso.ca\/fr\/wp-json\/wp\/v2\/media?parent=9983"}],"curies":[{"name":"wp","href":"https:\/\/api.w.org\/{rel}","templated":true}]}}