  {"id":9976,"date":"2021-06-11T16:14:23","date_gmt":"2021-06-11T20:14:23","guid":{"rendered":"https:\/\/www.bbbso.ca\/effectuez-un-don-testamentaire\/"},"modified":"2024-06-26T00:14:16","modified_gmt":"2024-06-26T04:14:16","slug":"effectuez-un-don-testamentaire","status":"publish","type":"page","link":"https:\/\/www.bbbso.ca\/fr\/comment-donner\/effectuez-un-don-testamentaire\/","title":{"rendered":"Effectuez un don testamentaire"},"content":{"rendered":"\n<h2 class=\"wp-block-heading\">POUR PARTICIPER \u00c0 LA CR\u00c9ATION D\u2019UN AVENIR PLUS GRAND ET PLUS BRILLANT<\/h2>\n\n<p>Posez un grand geste pour l\u2019avenir et aidez-nous \u00e0 r\u00e9aliser notre mission visant \u00e0 faire en sorte que tous les jeunes puissent r\u00e9aliser leur plein potentiel en couchant Grands Fr\u00e8res Grandes Soeurs d&#8217;Ottawa sur votre testament ou votre plan successoral.<\/p>\n\n<p>La pand\u00e9mie actuelle de COVID-19 a amen\u00e9 beaucoup d\u2019entre nous \u00e0 r\u00e9fl\u00e9chir au sens de la vie et \u00e0 la fa\u00e7on dont nous pouvons faire une diff\u00e9rence. Plusieurs de nos donateurs nous ont mentionn\u00e9 avoir commenc\u00e9 \u00e0 r\u00e9diger un testament pour la toute premi\u00e8re fois. Cette information nous a amen\u00e9s \u00e0 nous associer \u00e0 Legal Wills, qui vous offre des \u00e9conomies allant jusqu\u2019\u00e0 30 % sur leurs services en ligne. Consultez <a href=\"https:\/\/www.legalwills.ca\/bbbso-deal?refcode=bbbso30\">legalwills.ca\/bbbso<\/a> pour commencer.<\/p>\n\n<div style=\"height:34px\" aria-hidden=\"true\" class=\"wp-block-spacer\"><\/div>\n\n<h3 class=\"wp-block-heading\">CONTACTEZ-NOUS<\/h3>\n\n<p>Pour vous renseigner sur le processus pour effectuer un don testamentaire ou si vous \u00eates un conseiller, veuillez lire notre section FAQ ci-dessous, ou contactez :<\/p>\n\n<p><strong>Erin Helmer<\/strong> | Directrice du d\u00e9veloppement <br\/><a href=\"mailto:erin.helmer@bigbrothersbigsisters.ca\">erin.helmer@bigbrothersbigsisters.ca<\/a><br\/>(613) 247 &#8211; 4776, poste 319<\/p>\n\n<p>Grands Fr\u00e8res Grandes Soeurs d&#8217;Ottawa<br\/>1642 av. Woodroffe, Suite 12<br\/>Ottawa, ON K2G 1W2<\/p>\n\n<p>Num\u00e9ro d&#8217;enregistrement de l&#8217;organisme de bienfaisance : 10679 4431 RR0001<\/p>\n\n<div style=\"height:34px\" aria-hidden=\"true\" class=\"wp-block-spacer\"><\/div>\n\n<h3 class=\"wp-block-heading\">DE LA PART D\u2019UN SUPPORTER<\/h3>\n\n<p>\u00ab Notre plus grande r\u00e9ussite, nous la voyons dans les yeux des jeunes enfants qui s\u2019\u00e9panouissent en participant \u00e0 notre programme unique de mentorat individuel. En tant qu\u2019ancien Grand Fr\u00e8re, je sais pertinemment que le mentorat a le pouvoir de changer des vies et de rendre l\u2019avenir plus radieux.<\/p>\n\n<figure class=\"wp-block-image alignright size-full is-resized paddedimage\"><img loading=\"lazy\" decoding=\"async\" src=\"https:\/\/www.bbbso.ca\/wp-content\/uploads\/2021\/06\/John-Ouellete-LB-Rob.jpg\" alt=\"\" class=\"wp-image-6243\" width=\"406\" height=\"320\"\/><\/figure>\n\n<p>\u00ab Lorsqu\u2019on m\u2019a jumel\u00e9 avec Rob pour la premi\u00e8re fois, il \u00e9tait un jeune gar\u00e7on de 10 ans tr\u00e8s timide. J\u2019ai ressenti une telle joie \u00e0 le voir gagner en confiance et s\u2019\u00e9panouir, d\u2019abord comme adolescent, puis comme jeune homme, et de le voir ultimement obtenir une ma\u00eetrise en g\u00e9nie a\u00e9rospatial. Rob est un gar\u00e7on rempli de potentiel promis \u00e0 un brillant avenir. Je suis tr\u00e8s heureux qu\u2019il ait pu \u00eatre pr\u00e9sent \u00e0 mon mariage!<\/p>\n\n<p>\u00ab Grands Fr\u00e8res Grandes Soeurs d&#8217;Ottawa cherche \u00e0 B\u00e2tir l\u2019avenir, et c\u2019est pourquoi j\u2019ai choisi d\u2019effectuer un legs de bienfaisance au nom de cette grande organisation dans mon testament. Il est tr\u00e8s important pour moi d\u2019\u00eatre assur\u00e9 que GFGSO demeurera pr\u00e9sent pour la prochaine g\u00e9n\u00e9ration d\u2019enfants et de jeunes, car<\/p>\n\n<p>apr\u00e8s tout, notre avenir, c\u2019est eux. \u00bb<\/p>\n\n<p><strong>~John Ouellette, ancien de GFGSO<\/strong><\/p>\n\n<div style=\"height:34px\" aria-hidden=\"true\" class=\"wp-block-spacer\"><\/div>\n\n<h3 class=\"wp-block-heading\">QUESTIONS FR\u00c9QUENTES CONCERNANT LES DONS TESTAMENTAIRES<\/h3>\n\n<div class=\"schema-faq wp-block-yoast-faq-block questions\"><div class=\"schema-faq-section\" id=\"faq-question-1623442317730\"><strong class=\"schema-faq-question\">J\u2019aimerais continuer de soutenir la mission de GFGSO apr\u00e8s mon d\u00e9c\u00e8s. Comment dois-je proc\u00e9der?<\/strong> <p class=\"schema-faq-answer\">Vous pouvez le faire de trois fa\u00e7ons :<br>\u2022 Effectuer un legs \u00e0 Grands Fr\u00e8res Grandes Soeurs d&#8217;Ottawa dans votre testament ou votre police d\u2019assurance vie.<br>\u2022 Faire un don d\u2019actions ou de titres \u00e0 Grands Fr\u00e8res Grandes Soeurs d&#8217;Ottawa<\/p> <\/div> <div class=\"schema-faq-section\" id=\"faq-question-1623442382811\"><strong class=\"schema-faq-question\">Comment effectuer un don dans mon testament?<\/strong> <p class=\"schema-faq-answer\">Vous pouvez proc\u00e9der de plusieurs fa\u00e7ons, mais la plus commune est le legs testamentaire. Si vous avez recours aux services d\u2019un professionnel pour la r\u00e9daction de votre testament, comme un planificateur financier ou un courtier en assurance, discutez avec eux de votre d\u00e9sir de faire un don testamentaire.<br><br>Un professionnel pourra \u00e9galement vous informer des diff\u00e9rents avantages fiscaux li\u00e9s \u00e0 ce type de don.<\/p> <\/div> <div class=\"schema-faq-section\" id=\"faq-question-1623442414693\"><strong class=\"schema-faq-question\">Puis-je laisser un don en m\u00e9moire d\u2019un \u00eatre cher?<\/strong> <p class=\"schema-faq-answer\">Un don est une merveilleuse fa\u00e7on d\u2019honorer une personne qui a fait une diff\u00e9rence dans votre vie. Vous pouvez \u00e9galement cr\u00e9er un fonds d\u00e9di\u00e9, un type de don qui sera organis\u00e9 par l&#8217;entremise de votre testament, de la m\u00eame mani\u00e8re que vous effectueriez un legs personnel provenant de votre succession. Veillez \u00e0 pr\u00e9ciser que le don est effectu\u00e9 en m\u00e9moire d\u2019une personne en particulier et\/ou pour un usage sp\u00e9cifique.<\/p> <\/div> <div class=\"schema-faq-section\" id=\"faq-question-1623442429351\"><strong class=\"schema-faq-question\">Dois-je informer GFGSO que je compte effectuer ce don?<\/strong> <p class=\"schema-faq-answer\">Cette d\u00e9cision vous revient enti\u00e8rement! Nous nous r\u00e9jouissons toujours d\u2019apprendre qu\u2019une personne compte nous l\u00e9guer un don d\u2019espoir.<br><br>Si vous choisissez de nous contacter, informez-nous de votre don d\u2019avance afin que nous puissions souligner votre g\u00e9n\u00e9rosit\u00e9. Cela nous donnera \u00e9galement l\u2019occasion de vous parler de diff\u00e9rentes fa\u00e7ons de proc\u00e9der.<\/p> <\/div> <\/div>\n","protected":false},"excerpt":{"rendered":"<p>POUR PARTICIPER \u00c0 LA CR\u00c9ATION D\u2019UN AVENIR PLUS GRAND ET PLUS BRILLANT Posez un grand geste pour l\u2019avenir et aidez-nous \u00e0 r\u00e9aliser notre mission visant \u00e0 faire en sorte que tous les jeunes puissent r\u00e9aliser leur plein potentiel en couchant Grands Fr\u00e8res Grandes Soeurs d&#8217;Ottawa sur votre testament ou votre plan successoral. La pand\u00e9mie actuelle [&hellip;]<\/p>\n","protected":false},"author":1,"featured_media":9424,"parent":10062,"menu_order":0,"comment_status":"closed","ping_status":"closed","template":"","meta":{"_et_pb_use_builder":"off","_et_pb_old_content":"","_et_gb_content_width":"","_coblocks_attr":"","_coblocks_dimensions":"","_coblocks_responsive_height":"","_coblocks_accordion_ie_support":"","_monsterinsights_skip_tracking":false,"_monsterinsights_sitenote_active":false,"_monsterinsights_sitenote_note":"","_monsterinsights_sitenote_category":0,"footnotes":""},"class_list":["post-9976","page","type-page","status-publish","has-post-thumbnail","hentry"],"aioseo_notices":[],"_links":{"self":[{"href":"https:\/\/www.bbbso.ca\/fr\/wp-json\/wp\/v2\/pages\/9976","targetHints":{"allow":["GET"]}}],"collection":[{"href":"https:\/\/www.bbbso.ca\/fr\/wp-json\/wp\/v2\/pages"}],"about":[{"href":"https:\/\/www.bbbso.ca\/fr\/wp-json\/wp\/v2\/types\/page"}],"author":[{"embeddable":true,"href":"https:\/\/www.bbbso.ca\/fr\/wp-json\/wp\/v2\/users\/1"}],"replies":[{"embeddable":true,"href":"https:\/\/www.bbbso.ca\/fr\/wp-json\/wp\/v2\/comments?post=9976"}],"version-history":[{"count":1,"href":"https:\/\/www.bbbso.ca\/fr\/wp-json\/wp\/v2\/pages\/9976\/revisions"}],"predecessor-version":[{"id":9977,"href":"https:\/\/www.bbbso.ca\/fr\/wp-json\/wp\/v2\/pages\/9976\/revisions\/9977"}],"up":[{"embeddable":true,"href":"https:\/\/www.bbbso.ca\/fr\/wp-json\/wp\/v2\/pages\/10062"}],"wp:featuredmedia":[{"embeddable":true,"href":"https:\/\/www.bbbso.ca\/fr\/wp-json\/wp\/v2\/media\/9424"}],"wp:attachment":[{"href":"https:\/\/www.bbbso.ca\/fr\/wp-json\/wp\/v2\/media?parent=9976"}],"curies":[{"name":"wp","href":"https:\/\/api.w.org\/{rel}","templated":true}]}}