  {"id":9969,"date":"2021-05-13T11:09:21","date_gmt":"2021-05-13T15:09:21","guid":{"rendered":"https:\/\/www.bbbso.ca\/impliquez-vous\/programme-de-mentorat-a-lecole\/"},"modified":"2024-06-21T20:46:53","modified_gmt":"2024-06-22T00:46:53","slug":"programme-de-mentorat-a-lecole","status":"publish","type":"page","link":"https:\/\/www.bbbso.ca\/fr\/impliquez-vous\/programme-de-mentorat-a-lecole\/","title":{"rendered":"Programme de mentorat \u00e0 l\u2019\u00e9cole"},"content":{"rendered":"\n<h2 class=\"wp-block-heading has-text-align-center\" id=\"go-back-and-help-a-child-go-forward\">REVENIR EN ARRI\u00c8RE POUR AIDER UN ENFANT \u00c0 ALLER DE L\u2019AVANT<\/h2>\n\n<p>Notre programme de mentorat \u00e0 l&#8217;\u00e9cole offre \u00e0 tous les enfants qui y participent un mod\u00e8le et un ami avec qui ils peuvent discuter dans le lieu familier que constitue pour eux leur \u00e9cole. Pendant une heure chaque semaine, les Grand.e.s et les Petit.e.s \u00e9changeront des histoires portant sur les exp\u00e9riences qu\u2019ils vivent (ou ont v\u00e9cues) \u00e0 l\u2019\u00e9cole et pendant leur jeunesse.<\/p>\n\n<h3 class=\"wp-block-heading\" id=\"how-mentoring-helps-children\">COMMENT LE MENTORAT PERMET-IL D\u2019AIDER LES ENFANTS?<\/h3>\n\n<p>Tisser des liens en jouant \u00e0 des jeux de soci\u00e9t\u00e9, en faisant du bricolage ou en passant du temps ensemble au parc permet aux enfants d\u2019atteindre leur plein potentiel. Les programmes de mentorat peuvent aider les enfants \u00e0 rester \u00e0 l\u2019\u00e9cole, \u00e0 \u00e9viter l\u2019intimidation et \u00e0 d\u00e9velopper un plus grand respect pour leur famille, leurs pairs et leur communaut\u00e9.<\/p>\n\n<p>Toutefois, les bienfaits ne sont pas que sociaux! Ce programme vise \u00e0 :<\/p>\n\n<ul class=\"wp-block-list\">\n<li>Jumeler l&#8217;enfant avec une personne qui sera son mod\u00e8le et son ami ;<\/li>\n\n\n\n<li>Promouvoir l&#8217;importance de poursuivre son parcours scolaire et d\u2019entretenir des relations saines avec la famille et les pairs;<\/li>\n\n\n\n<li>Insuffler la confiance en soi n\u00e9cessaire pour prendre des d\u00e9cisions saines;<\/li>\n\n\n\n<li>Encourager les comp\u00e9tences en leadership et l\u2019ind\u00e9pendance d\u2019esprit; et<\/li>\n\n\n\n<li>Surtout, faire une diff\u00e9rence tout en vous amusant!<\/li>\n<\/ul>\n\n<div style=\"height:20px\" aria-hidden=\"true\" class=\"wp-block-spacer\"><\/div>\n\n<h2 class=\"wp-block-heading has-text-align-center\" id=\"workplace-partnership-opportunity\">Opportunit\u00e9 de partenariat en milieu de travail<\/h2>\n\n<p>Le programme de mentorat \u00e0 l\u2019\u00e9cole est une excellente occasion de faire la promotion du b\u00e9n\u00e9volat aupr\u00e8s des employ\u00e9s. La recherche montre que les employ\u00e9s qui redonnent \u00e0 leur communaut\u00e9 par l\u2019interm\u00e9diaire de leur employeur sont plus productifs, ont une opinion plus positive de l\u2019entreprise pour laquelle ils travaillent et pr\u00e9sentent un plus grand engagement envers elle.<\/p>\n\n<p>Pendant une heure chaque semaine, pendant les heures de classe, les employ\u00e9s peuvent faire du b\u00e9n\u00e9volat dans le cadre du programme de mentorat \u00e0 l\u2019\u00e9cole. GFGSO peut vous offrir une pr\u00e9sentation pour susciter l\u2019int\u00e9r\u00eat de vos employ\u00e9s et s\u2019adaptera \u00e0 votre horaire afin d\u2019effectuer cette rencontre au moment et \u00e0 l\u2019endroit qui vous conviendra.*<\/p>\n\n<p>* Ce programme est offert en mode virtuel jusqu&#8217;\u00e0 nouvel ordre.<\/p>\n\n<p><a href=\"https:\/\/www.bbbso.ca\/ways-to-give\/other-ways-to-give\/\">D\u00e9couvrez d&#8217;autres fa\u00e7ons de collaborer avec nous ici.<\/a><\/p>\n\n<p><\/p>\n\n<h2 class=\"wp-block-heading has-text-align-center\" id=\"mentoring-makes-a-difference-according-to-a-2005-study\">LE MENTORAT FAIT UNE V\u00c9RITABLE DIFF\u00c9RENCE SELON UNE \u00c9TUDE R\u00c9ALIS\u00c9E EN 2005&#8230;<\/h2>\n\n<div class=\"wp-block-columns has-luminous-vivid-amber-background-color has-background is-layout-flex wp-container-core-columns-is-layout-9d6595d7 wp-block-columns-is-layout-flex\">\n<div class=\"wp-block-column is-layout-flow wp-block-column-is-layout-flow\">\n<div style=\"height:20px\" aria-hidden=\"true\" class=\"wp-block-spacer\"><\/div>\n\n\n\n<h5 class=\"wp-block-heading has-text-align-center has-black-color has-text-color has-huge-font-size\" id=\"90\">90%<\/h5>\n\n\n\n<p class=\"has-text-align-center\">des mentors ont constat\u00e9 un changement positif chez l\u2019enfant qu\u2019ils ont accompagn\u00e9<\/p>\n\n\n\n<div style=\"height:20px\" aria-hidden=\"true\" class=\"wp-block-spacer\"><\/div>\n<\/div>\n\n\n\n<div class=\"wp-block-column is-layout-flow wp-block-column-is-layout-flow\">\n<div style=\"height:20px\" aria-hidden=\"true\" class=\"wp-block-spacer\"><\/div>\n\n\n\n<h5 class=\"wp-block-heading has-text-align-center has-black-color has-text-color has-huge-font-size\" id=\"88\">88%<\/h5>\n\n\n\n<p class=\"has-text-align-center\">des \u00e9tudiants ont montr\u00e9 une am\u00e9lioration de leur litt\u00e9racie<\/p>\n\n\n\n<div style=\"height:20px\" aria-hidden=\"true\" class=\"wp-block-spacer\"><\/div>\n<\/div>\n\n\n\n<div class=\"wp-block-column is-layout-flow wp-block-column-is-layout-flow\">\n<div style=\"height:20px\" aria-hidden=\"true\" class=\"wp-block-spacer\"><\/div>\n\n\n\n<h5 class=\"wp-block-heading has-text-align-center has-black-color has-text-color has-huge-font-size\" id=\"64\">64%<\/h5>\n\n\n\n<p class=\"has-text-align-center\">des \u00e9tudiants ont d\u00e9velopp\u00e9 un niveau plus \u00e9lev\u00e9 d&#8217;estime de soi<\/p>\n\n\n\n<div style=\"height:20px\" aria-hidden=\"true\" class=\"wp-block-spacer\"><\/div>\n<\/div>\n<\/div>\n\n<div style=\"height:17px\" aria-hidden=\"true\" class=\"wp-block-spacer\"><\/div>\n\n<h2 class=\"wp-block-heading has-text-align-center\" id=\"the-impact-of-in-school-mentoring\">L\u2019IMPACT DU MENTORAT \u00c0 L\u2019\u00c9COLE<\/h2>\n\n<figure class=\"wp-block-embed is-type-video is-provider-youtube wp-block-embed-youtube wp-embed-aspect-16-9 wp-has-aspect-ratio\"><div class=\"wp-block-embed__wrapper\">\n<iframe loading=\"lazy\" title=\"Beyond the classroom - Impact of In School Mentoring\" width=\"1080\" height=\"608\" src=\"https:\/\/www.youtube.com\/embed\/AFpnBFi8AH8?feature=oembed&#038;enablejsapi=1\"  allow=\"accelerometer; autoplay; clipboard-write; encrypted-media; gyroscope; picture-in-picture; web-share\" referrerpolicy=\"strict-origin-when-cross-origin\" allowfullscreen><\/iframe>\n<\/div><\/figure>\n\n<div style=\"height:35px\" aria-hidden=\"true\" class=\"wp-block-spacer\"><\/div>\n\n<iframe loading=\"lazy\" src=\"https:\/\/analytics.clickdimensions.com\/bigbrothersbigsistersca-anc2a\/pages\/evu3xwdreempvaanojbpka.html?PageId=5d37f5125167e911a954000d3a36e990\" allowtransparency=\"true\" width=\"100%\" height=\"500px\" type=\"text\/html\" frameborder=\"0\" style=\"border:0\"><\/iframe>\n\n<div style=\"height:35px\" aria-hidden=\"true\" class=\"wp-block-spacer\"><\/div>\n\n<h3 class=\"wp-block-heading has-text-align-center\" id=\"made-possible-with-support-from\">RENDU POSSIBLE GR\u00c2CE AU SOUTIEN DE :<\/h3>\n\n<figure class=\"wp-block-gallery has-nested-images columns-4 wp-block-gallery-1 is-layout-flex wp-block-gallery-is-layout-flex\">\n<figure class=\"wp-block-image size-full\"><img loading=\"lazy\" decoding=\"async\" width=\"3600\" height=\"1440\" data-id=\"6177\" src=\"https:\/\/www.bbbso.ca\/wp-content\/uploads\/2021\/06\/ON_POS_LOGO_RGB.png\" alt=\"\" class=\"wp-image-6177\" srcset=\"https:\/\/www.bbbso.ca\/wp-content\/uploads\/2021\/06\/ON_POS_LOGO_RGB.png 3600w, https:\/\/www.bbbso.ca\/wp-content\/uploads\/2021\/06\/ON_POS_LOGO_RGB-1280x512.png 1280w, https:\/\/www.bbbso.ca\/wp-content\/uploads\/2021\/06\/ON_POS_LOGO_RGB-980x392.png 980w, https:\/\/www.bbbso.ca\/wp-content\/uploads\/2021\/06\/ON_POS_LOGO_RGB-480x192.png 480w\" sizes=\"(min-width: 0px) and (max-width: 480px) 480px, (min-width: 481px) and (max-width: 980px) 980px, (min-width: 981px) and (max-width: 1280px) 1280px, (min-width: 1281px) 3600px, 100vw\" \/><\/figure>\n\n\n\n<figure class=\"wp-block-image size-full\"><img loading=\"lazy\" decoding=\"async\" width=\"1017\" height=\"471\" data-id=\"6181\" src=\"https:\/\/www.bbbso.ca\/wp-content\/uploads\/2021\/06\/OTFHORIZcolour.jpg\" alt=\"\" class=\"wp-image-6181\" srcset=\"https:\/\/www.bbbso.ca\/wp-content\/uploads\/2021\/06\/OTFHORIZcolour.jpg 1017w, https:\/\/www.bbbso.ca\/wp-content\/uploads\/2021\/06\/OTFHORIZcolour-980x454.jpg 980w, https:\/\/www.bbbso.ca\/wp-content\/uploads\/2021\/06\/OTFHORIZcolour-480x222.jpg 480w\" sizes=\"(min-width: 0px) and (max-width: 480px) 480px, (min-width: 481px) and (max-width: 980px) 980px, (min-width: 981px) 1017px, 100vw\" \/><\/figure>\n\n\n\n<figure class=\"wp-block-image size-full\"><img loading=\"lazy\" decoding=\"async\" width=\"250\" height=\"89\" data-id=\"111\" src=\"https:\/\/www.bbbso.ca\/wp-content\/uploads\/2021\/02\/ottawa.png\" alt=\"\" class=\"wp-image-111\"\/><\/figure>\n\n\n\n<figure class=\"wp-block-image size-thumbnail\"><img loading=\"lazy\" decoding=\"async\" width=\"150\" height=\"150\" data-id=\"5986\" src=\"https:\/\/www.bbbso.ca\/wp-content\/uploads\/2021\/05\/logo-TD-1-150x150.jpg\" alt=\"\" class=\"wp-image-5986\" srcset=\"https:\/\/www.bbbso.ca\/wp-content\/uploads\/2021\/05\/logo-TD-1-150x150.jpg 150w, https:\/\/www.bbbso.ca\/wp-content\/uploads\/2021\/05\/logo-TD-1-100x100.jpg 100w, https:\/\/www.bbbso.ca\/wp-content\/uploads\/2021\/05\/logo-TD-1.jpg 256w\" sizes=\"(max-width: 150px) 100vw, 150px\" \/><\/figure>\n<\/figure>\n\n<p class=\"has-text-align-center\" style=\"font-size:12px\"><em>Les initiatives de mentorat virtuel pendant la COVID-19 sont rendues possibles gr\u00e2ce au Fonds d\u2019urgence pour l\u2019appui communautaire du Gouvernement du Canada et la Fondation communautaire d\u2019Ottawa.<\/em><\/p>\n","protected":false},"excerpt":{"rendered":"<p>REVENIR EN ARRI\u00c8RE POUR AIDER UN ENFANT \u00c0 ALLER DE L\u2019AVANT Notre programme de mentorat \u00e0 l&#8217;\u00e9cole offre \u00e0 tous les enfants qui y participent un mod\u00e8le et un ami avec qui ils peuvent discuter dans le lieu familier que constitue pour eux leur \u00e9cole. Pendant une heure chaque semaine, les Grand.e.s et les Petit.e.s [&hellip;]<\/p>\n","protected":false},"author":1,"featured_media":9118,"parent":9949,"menu_order":0,"comment_status":"closed","ping_status":"closed","template":"","meta":{"_et_pb_use_builder":"","_et_pb_old_content":"","_et_gb_content_width":"","_coblocks_attr":"","_coblocks_dimensions":"","_coblocks_responsive_height":"","_coblocks_accordion_ie_support":"","_monsterinsights_skip_tracking":false,"_monsterinsights_sitenote_active":false,"_monsterinsights_sitenote_note":"","_monsterinsights_sitenote_category":0,"footnotes":""},"class_list":["post-9969","page","type-page","status-publish","has-post-thumbnail","hentry"],"aioseo_notices":[],"_links":{"self":[{"href":"https:\/\/www.bbbso.ca\/fr\/wp-json\/wp\/v2\/pages\/9969","targetHints":{"allow":["GET"]}}],"collection":[{"href":"https:\/\/www.bbbso.ca\/fr\/wp-json\/wp\/v2\/pages"}],"about":[{"href":"https:\/\/www.bbbso.ca\/fr\/wp-json\/wp\/v2\/types\/page"}],"author":[{"embeddable":true,"href":"https:\/\/www.bbbso.ca\/fr\/wp-json\/wp\/v2\/users\/1"}],"replies":[{"embeddable":true,"href":"https:\/\/www.bbbso.ca\/fr\/wp-json\/wp\/v2\/comments?post=9969"}],"version-history":[{"count":1,"href":"https:\/\/www.bbbso.ca\/fr\/wp-json\/wp\/v2\/pages\/9969\/revisions"}],"predecessor-version":[{"id":9970,"href":"https:\/\/www.bbbso.ca\/fr\/wp-json\/wp\/v2\/pages\/9969\/revisions\/9970"}],"up":[{"embeddable":true,"href":"https:\/\/www.bbbso.ca\/fr\/wp-json\/wp\/v2\/pages\/9949"}],"wp:featuredmedia":[{"embeddable":true,"href":"https:\/\/www.bbbso.ca\/fr\/wp-json\/wp\/v2\/media\/9118"}],"wp:attachment":[{"href":"https:\/\/www.bbbso.ca\/fr\/wp-json\/wp\/v2\/media?parent=9969"}],"curies":[{"name":"wp","href":"https:\/\/api.w.org\/{rel}","templated":true}]}}