  {"id":9962,"date":"2021-05-05T11:21:27","date_gmt":"2021-05-05T15:21:27","guid":{"rendered":"https:\/\/www.bbbso.ca\/programme-de-paniers-des-fetes\/"},"modified":"2024-06-26T00:14:16","modified_gmt":"2024-06-26T04:14:16","slug":"programme-de-paniers-des-fetes","status":"publish","type":"page","link":"https:\/\/www.bbbso.ca\/fr\/comment-donner\/programme-de-paniers-des-fetes\/","title":{"rendered":"Programme de paniers des F\u00eates"},"content":{"rendered":"\n<h2 class=\"wp-block-heading\">En soutien aux familles de GFGSO<\/h2>\n\n<p>Merci de l\u2019int\u00e9r\u00eat que vous portez aux de Grands Fr\u00e8res Grandes Soeurs d&#8217;Ottawa (GFGSO) en cette p\u00e9riode des f\u00eates. Vos dons de cartes-cadeaux et d\u2019argent aident des familles de GFGSO dans le besoin \u00e0 se procurer des produits d\u2019\u00e9picerie et des cadeaux qui leur permettront de c\u00e9l\u00e9brer les F\u00eates dans la joie. Les membres du personnel de GFGSO remettront les cartes-cadeaux aux familles en main propre pour leur montrer toute la bont\u00e9 et la g\u00e9n\u00e9rosit\u00e9 dont vous faites preuve.<\/p>\n\n<p>Si vous le d\u00e9sirez, il nous fera plaisir d\u2019ajouter une carte de souhaits ou une photo avec les cartes-cadeaux pour personnaliser votre pr\u00e9sent davantage. Vous trouverez ci-dessous des suggestions de montants pour soutenir nos familles. Rappelez-vous toutefois que tous les montants, petits ou grands, nous sont utiles pour leur venir en aide.<\/p>\n\n<p><strong>Ensembles de paniers des F\u00eates :<\/strong><\/p>\n\n<p>TOTAL DE L\u2019ENSEMBLE BOULE DE NEIGE (FAMILLE DE 2 OU 3) : 150 $<\/p>\n\n<ul class=\"wp-block-list\">\n<li>Carte-cadeau de 150$ pour l&#8217;\u00e9picerie (Loblaws, Walmart Sobeys ou Food Basics)<\/li>\n<\/ul>\n\n<p>TOTAL DE L\u2019ENSEMBLE BOULE NEIGEUSE (FAMILLE DE 2 OU 3) : 200 $<\/p>\n\n<ul class=\"wp-block-list\">\n<li>Carte-cadeau de 100 $ pour l&#8217;\u00e9picerie (Loblaws, Walmart Sobeys ou Food Basics)<\/li>\n\n\n\n<li>Carte-cadeau de 100 $ pour des cadeaux (Shoppers Drug Mart, Walmart, Toys R US, Sportcheck ou Winners)<\/li>\n<\/ul>\n\n<p>TOTAL DE L\u2019ENSEMBLE ANGE DANS LA NEIGE (FAMILLE DE 2 OU 3) : 250 $<\/p>\n\n<ul class=\"wp-block-list\">\n<li>Carte-cadeau de 150$ pour l&#8217;\u00e9picerie (Loblaws, Walmart Sobeys ou Food Basics)<\/li>\n\n\n\n<li>Carte-cadeau de 100 $ pour des cadeaux (Shoppers Drug Mart, Walmart, Toys R US, Sportcheck ou Winners)<\/li>\n<\/ul>\n\n<p>TOTAL DE L\u2019ENSEMBLE BONHOMME DE NEIGE (FAMILLE DE 2 OU 3) : 300 $<\/p>\n\n<ul class=\"wp-block-list\">\n<li>Carte-cadeau de 175$ pour l&#8217;\u00e9picerie (Loblaws, Walmart Sobeys ou Food Basics)<\/li>\n\n\n\n<li>Carte-cadeau de 125$ pour des cadeaux (Shoppers Drug Mart, Walmart, Toys R US, Sportcheck ou Winners)<\/li>\n<\/ul>\n\n<p>TOTAL DE L\u2019ENSEMBLE CH\u00c2TEAU DE NEIGE (FAMILLE DE 3 OU 4) : 400 $<\/p>\n\n<ul class=\"wp-block-list\">\n<li>Carte-cadeau de 250$ pour l&#8217;\u00e9picerie (Loblaws, Walmart Sobeys ou Food Basics)<\/li>\n\n\n\n<li>Carte-cadeau de 150$ pour des cadeaux (Shoppers Drug Mart, Walmart, Toys R US, Sportcheck ou Winners)<\/li>\n<\/ul>\n\n<p>TOTAL DE L\u2019ENSEMBLE ROYAUME DE NEIGE (FAMILLE DE 5 et PLUS) : 550 $<\/p>\n\n<ul class=\"wp-block-list\">\n<li>Carte-cadeau de 300$ pour l&#8217;\u00e9picerie (Loblaws, Walmart Sobeys ou Food Basics)<\/li>\n\n\n\n<li>Carte-cadeau de 250$ pour des cadeaux (Shoppers Drug Mart, Walmart, Toys R US, Sportcheck ou Winners)<\/li>\n<\/ul>\n\n<p>Veuillez vous assurer que la confirmation d\u2019activation de la carte-cadeau est incluse (une confirmation distincte est habituellement remise pour chaque carte-cadeau) et que vous avez rempli et fix\u00e9 \u00e0 l&#8217;ext\u00e9rieur de votre enveloppe le <a href=\"https:\/\/www.bbbso.ca\/wp-content\/uploads\/2023\/12\/HH-Donation-Form.pdf\" target=\"_blank\" rel=\"noreferrer noopener\">FORMULAIRE DE DON AU PROGRAMME DE PANIERS DES F\u00caTES <\/a> Un re\u00e7u fiscal sera donn\u00e9 pour les dons en argent et les dons de cartes-cadeaux (assurez-vous de cocher la case \u00e0 cet effet sur le <a href=\"https:\/\/www.bbbso.ca\/wp-content\/uploads\/2023\/12\/HH-Donation-Form.pdf\" target=\"_blank\" rel=\"noreferrer noopener\">FORMULAIRE DE DON AU PROGRAMME DE PANIERS DES F\u00caTES). <\/a> Nous aimerions \u00e9galement que vous nous fassiez parvenir quelques photos de vous avec votre carte de souhaits ou votre carte-cadeau. Nous utiliserons ces photos pour mettre en valeur les dons re\u00e7us pendant les F\u00eates dans les publications de GFGSO sur les m\u00e9dias sociaux.<\/p>\n\n<p><strong>DIRECTIVES POUR LE D\u00c9P\u00d4T :<\/strong><\/p>\n\n<p>Il vous sera possible de venir d\u00e9poser les cartes au bureau de GFGSO (1645 av. Woodroffre &#8211; Ancienne \u00e9cole secondaire de la Conf\u00e9d\u00e9ration) du lundi au vendredi, de 9 h \u00e0 16 h. Pour prendre d\u2019autres dispositions pour effectuer un d\u00e9p\u00f4t en dehors des heures de bureau, veuillez contacter Erin (<a href=\"mailto:erin.helmer@bbbso.ca\">erin.helmer@bbbso.ca<\/a>). <\/p>\n\n<p><strong><u>LA DATE LIMITE DE D\u00c9P\u00d4T est le vendredi 15 d\u00e9cembre 2023.<\/u><\/strong><\/p>\n\n<p>Si vous pr\u00e9f\u00e9rez faire un don maintenant, veuillez cliquer <a href=\"http:\/\/www.canadahelps.org\/en\/pages\/please-support-the-2023-holiday-hamper-campaign\/\" target=\"_blank\" rel=\"noreferrer noopener\">ICI. <\/a><\/p>\n","protected":false},"excerpt":{"rendered":"<p>En soutien aux familles de GFGSO Merci de l\u2019int\u00e9r\u00eat que vous portez aux de Grands Fr\u00e8res Grandes Soeurs d&#8217;Ottawa (GFGSO) en cette p\u00e9riode des f\u00eates. Vos dons de cartes-cadeaux et d\u2019argent aident des familles de GFGSO dans le besoin \u00e0 se procurer des produits d\u2019\u00e9picerie et des cadeaux qui leur permettront de c\u00e9l\u00e9brer les F\u00eates [&hellip;]<\/p>\n","protected":false},"author":1,"featured_media":0,"parent":10062,"menu_order":0,"comment_status":"closed","ping_status":"closed","template":"","meta":{"_et_pb_use_builder":"off","_et_pb_old_content":"","_et_gb_content_width":"","_coblocks_attr":"","_coblocks_dimensions":"","_coblocks_responsive_height":"","_coblocks_accordion_ie_support":"","_monsterinsights_skip_tracking":false,"_monsterinsights_sitenote_active":false,"_monsterinsights_sitenote_note":"","_monsterinsights_sitenote_category":0,"footnotes":""},"class_list":["post-9962","page","type-page","status-publish","hentry"],"aioseo_notices":[],"_links":{"self":[{"href":"https:\/\/www.bbbso.ca\/fr\/wp-json\/wp\/v2\/pages\/9962","targetHints":{"allow":["GET"]}}],"collection":[{"href":"https:\/\/www.bbbso.ca\/fr\/wp-json\/wp\/v2\/pages"}],"about":[{"href":"https:\/\/www.bbbso.ca\/fr\/wp-json\/wp\/v2\/types\/page"}],"author":[{"embeddable":true,"href":"https:\/\/www.bbbso.ca\/fr\/wp-json\/wp\/v2\/users\/1"}],"replies":[{"embeddable":true,"href":"https:\/\/www.bbbso.ca\/fr\/wp-json\/wp\/v2\/comments?post=9962"}],"version-history":[{"count":1,"href":"https:\/\/www.bbbso.ca\/fr\/wp-json\/wp\/v2\/pages\/9962\/revisions"}],"predecessor-version":[{"id":9963,"href":"https:\/\/www.bbbso.ca\/fr\/wp-json\/wp\/v2\/pages\/9962\/revisions\/9963"}],"up":[{"embeddable":true,"href":"https:\/\/www.bbbso.ca\/fr\/wp-json\/wp\/v2\/pages\/10062"}],"wp:attachment":[{"href":"https:\/\/www.bbbso.ca\/fr\/wp-json\/wp\/v2\/media?parent=9962"}],"curies":[{"name":"wp","href":"https:\/\/api.w.org\/{rel}","templated":true}]}}