  {"id":9949,"date":"2021-04-12T14:43:25","date_gmt":"2021-04-12T18:43:25","guid":{"rendered":"https:\/\/www.bbbso.ca\/impliquez-vous\/"},"modified":"2024-06-21T20:22:34","modified_gmt":"2024-06-22T00:22:34","slug":"impliquez-vous","status":"publish","type":"page","link":"https:\/\/www.bbbso.ca\/fr\/impliquez-vous\/","title":{"rendered":"Impliquez-vous"},"content":{"rendered":"\n<h1 class=\"wp-block-heading has-text-align-center\">DEVENONS #PLUSGRANDSENSEMBLE!<\/h1>\n\n<div class=\"wp-block-divi-layout\">[et_pb_section fb_built=&#8221;1&#8243; admin_label=&#8221;Services&#8221; _builder_version=&#8221;3.22&#8243; custom_padding=&#8221;0px|0px|30px|0px||&#8221;][et_pb_row column_structure=&#8221;1_3,1_3,1_3&#8243; _builder_version=&#8221;3.25&#8243; background_size=&#8221;initial&#8221; background_position=&#8221;top_left&#8221; background_repeat=&#8221;repeat&#8221; custom_padding=&#8221;|||&#8221;][et_pb_column type=&#8221;1_3&#8243; _builder_version=&#8221;3.25&#8243; background_position=&#8221;top_left&#8221; custom_padding=&#8221;|||&#8221; custom_padding__hover=&#8221;|||&#8221;][et_pb_blurb title=&#8221;Faire du b\u00e9n\u00e9volat dans la communaut\u00e9&#8221; url=&#8221;@ET-DC@eyJkeW5hbWljIjp0cnVlLCJjb250ZW50IjoicG9zdF9saW5rX3VybF9wYWdlIiwic2V0dGluZ3MiOnsicG9zdF9pZCI6IjU1MDQiLCJlbmFibGVfaHRtbCI6Im9mZiJ9fQ==@&#8221; image=&#8221;https:\/\/www.bbbso.ca\/wp-content\/uploads\/2021\/02\/volunteering.png&#8221; admin_label=&#8221;Volunteer in the Community&#8221; _builder_version=&#8221;4.9.4&#8243; header_font=&#8221;Montserrat|700|||||||&#8221; header_text_color=&#8221;#37BFCD&#8221; body_font=&#8221;Nunito Sans||||||||&#8221; body_text_color=&#8221;#263457&#8243; text_orientation=&#8221;center&#8221; custom_padding=&#8221;|4%|4%|4%|false|true&#8221; animation_direction=&#8221;bottom&#8221; hover_enabled=&#8221;0&#8243; global_colors_info=&#8221;{}&#8221; _dynamic_attributes=&#8221;url&#8221; sticky_enabled=&#8221;0&#8243;]<p>Que vous vouliez devenir mentor ou faire une diff\u00e9rence dans votre communaut\u00e9, sachez que tout commence ici!<\/p>[\/et_pb_blurb][\/et_pb_column][et_pb_column type=&#8221;1_3&#8243; _builder_version=&#8221;3.25&#8243; background_position=&#8221;top_left&#8221; custom_padding=&#8221;|||&#8221; custom_padding__hover=&#8221;|||&#8221;][et_pb_blurb title=&#8221;R\u00e9f\u00e9rer un.e Petit.e&#8221; url=&#8221;@ET-DC@eyJkeW5hbWljIjp0cnVlLCJjb250ZW50IjoicG9zdF9saW5rX3VybF9wYWdlIiwic2V0dGluZ3MiOnsicG9zdF9pZCI6IjU1MTEiLCJlbmFibGVfaHRtbCI6Im9mZiJ9fQ==@&#8221; image=&#8221;https:\/\/www.bbbso.ca\/wp-content\/uploads\/2021\/02\/mentoring.png&#8221; admin_label=&#8221;Refer a Little&#8221; _builder_version=&#8221;4.9.4&#8243; header_font=&#8221;Montserrat|700|||||||&#8221; header_text_color=&#8221;#37BFCD&#8221; body_font=&#8221;Nunito Sans||||||||&#8221; body_text_color=&#8221;#263457&#8243; text_orientation=&#8221;center&#8221; custom_padding=&#8221;|4%|4%|4%|false|true&#8221; animation_direction=&#8221;bottom&#8221; hover_enabled=&#8221;0&#8243; global_colors_info=&#8221;{}&#8221; _dynamic_attributes=&#8221;url&#8221; sticky_enabled=&#8221;0&#8243;]<p>Faites une diff\u00e9rence et aidez des jeunes \u00e0 r\u00e9aliser leur plein potentiel! Apprenez-en davantage sur nos programmes et faites une diff\u00e9rence dans votre communaut\u00e9.<\/p>[\/et_pb_blurb][\/et_pb_column][et_pb_column type=&#8221;1_3&#8243; _builder_version=&#8221;3.25&#8243; background_position=&#8221;top_left&#8221; custom_padding=&#8221;|||&#8221; custom_padding__hover=&#8221;|||&#8221;][et_pb_blurb title=&#8221;Faire un don&#8221; url=&#8221;https:\/\/www.canadahelps.org\/en\/dn\/4020&#8243; image=&#8221;https:\/\/www.bbbso.ca\/wp-content\/uploads\/2021\/02\/donations.png&#8221; admin_label=&#8221;Make a Donation&#8221; _builder_version=&#8221;4.9.4&#8243; header_font=&#8221;Montserrat|700|||||||&#8221; header_text_color=&#8221;#37BFCD&#8221; body_font=&#8221;Nunito Sans||||||||&#8221; body_text_color=&#8221;#263457&#8243; text_orientation=&#8221;center&#8221; custom_padding=&#8221;|4%|4%|4%|false|true&#8221; animation_direction=&#8221;bottom&#8221; hover_enabled=&#8221;0&#8243; global_colors_info=&#8221;{}&#8221; url_new_window=&#8221;on&#8221; sticky_enabled=&#8221;0&#8243;]<p class=\"cta_text\">Qu\u2019il soit petit ou grand, chaque don fait une diff\u00e9rence.<span>&nbsp;<\/span><a href=\"https:\/\/www.bbbso.ca\/wp-content\/uploads\/2017\/04\/ROI_MentoringEffect_EN.pdf\" target=\"_blank\" rel=\"noopener\">Chaque dollar investi dans les initiatives de mentorat rapporte 18 $ \u00e0 votre communaut\u00e9!<\/a><\/p>[\/et_pb_blurb][\/et_pb_column][\/et_pb_row][et_pb_row column_structure=&#8221;1_3,1_3,1_3&#8243; _builder_version=&#8221;3.25&#8243; background_size=&#8221;initial&#8221; background_position=&#8221;top_left&#8221; background_repeat=&#8221;repeat&#8221; custom_padding=&#8221;10px||11px|||&#8221;][et_pb_column type=&#8221;1_3&#8243; _builder_version=&#8221;3.25&#8243; background_position=&#8221;top_left&#8221; custom_padding=&#8221;|||&#8221; custom_padding__hover=&#8221;|||&#8221;][et_pb_button button_url=&#8221;@ET-DC@eyJkeW5hbWljIjp0cnVlLCJjb250ZW50IjoicG9zdF9saW5rX3VybF9wYWdlIiwic2V0dGluZ3MiOnsicG9zdF9pZCI6IjU1MDQiLCJlbmFibGVfaHRtbCI6Im9mZiJ9fQ==@&#8221; button_text=&#8221;Je veux m\u2019impliquer&#8221; _builder_version=&#8221;4.9.4&#8243; _dynamic_attributes=&#8221;button_url&#8221; _module_preset=&#8221;default&#8221; hover_enabled=&#8221;0&#8243; sticky_enabled=&#8221;0&#8243;][\/et_pb_button][\/et_pb_column][et_pb_column type=&#8221;1_3&#8243; _builder_version=&#8221;3.25&#8243; background_position=&#8221;top_left&#8221; custom_padding=&#8221;|||&#8221; custom_padding__hover=&#8221;|||&#8221;][et_pb_button button_url=&#8221;@ET-DC@eyJkeW5hbWljIjp0cnVlLCJjb250ZW50IjoicG9zdF9saW5rX3VybF9wYWdlIiwic2V0dGluZ3MiOnsicG9zdF9pZCI6IjU1MTEiLCJlbmFibGVfaHRtbCI6Im9mZiJ9fQ==@&#8221; button_text=&#8221;En savoir plus&#8221; _builder_version=&#8221;4.9.4&#8243; _dynamic_attributes=&#8221;button_url&#8221; _module_preset=&#8221;default&#8221;][\/et_pb_button][\/et_pb_column][et_pb_column type=&#8221;1_3&#8243; _builder_version=&#8221;3.25&#8243; background_position=&#8221;top_left&#8221; custom_padding=&#8221;|||&#8221; custom_padding__hover=&#8221;|||&#8221;][et_pb_button button_url=&#8221;https:\/\/www.canadahelps.org\/en\/dn\/4020&#8243; url_new_window=&#8221;on&#8221; button_text=&#8221;Donner maintenant&#8221; _builder_version=&#8221;4.9.4&#8243; _module_preset=&#8221;default&#8221; hover_enabled=&#8221;0&#8243; sticky_enabled=&#8221;0&#8243;][\/et_pb_button][\/et_pb_column][\/et_pb_row][\/et_pb_section]<\/div>\n\n<h2 class=\"wp-block-heading\">DEVENEZ B\u00c9N\u00c9VOLE ET AIDEZ LES JEUNES D\u2019OTTAWA \u00c0 EXPRIMER LEUR PLEIN POTENTIEL<\/h2>\n\n<h3 class=\"wp-block-heading\">POURQUOI DEVENIR MENTOR?<\/h3>\n\n<p>En ne donnant que quelques heures de votre semaine, vous pourrez aider un enfant \u00e0 r\u00e9ussir. Ce qui distingue GFGSO des autres organismes venant en aide aux enfants, c\u2019est que nous recherchons des b\u00e9n\u00e9voles qui sont pr\u00eats \u00e0 s\u2019engager \u00e0 long terme.<\/p>\n\n<p>Bien que nous demandions \u00e0 nos mentors un engagement minimal d\u2019un an, nous esp\u00e9rons que nos Grand.e.s continueront \u00e0 accompagner leurs Petit.e.s jusqu\u2019\u00e0 ce qu\u2019ils atteignent l\u2019\u00e2ge de 18 ans, jusqu\u2019\u00e0 la conclusion du jumelage. En accompagnant un enfant jusqu\u2019\u00e0 sa graduation, vous :<\/p>\n\n<ul class=\"wp-block-list\">\n<li>Lui donnerez la motivation dont il a besoin pour rester \u00e0 l\u2019\u00e9cole;<\/li>\n\n\n\n<li>L\u2019encouragerez \u00e0 \u00e9viter les comportements \u00e0 risque; et<\/li>\n\n\n\n<li>Constaterez directement l\u2019importance d&#8217;aider les autres dans votre communaut\u00e9.<\/li>\n<\/ul>\n\n<h3 class=\"wp-block-heading\">VOUS N\u2019\u00caTES PAS SEUL.<\/h3>\n\n<p>Lorsque vous faites du b\u00e9n\u00e9volat avec GFGSO, vous n\u2019\u00eates jamais seul. Notre personnel est l\u00e0 pour vous accompagner, ainsi que l\u2019enfant et sa famille, tout au long de votre relation de mentorat.<\/p>\n\n<h3 class=\"wp-block-heading\">DU SOUTIEN SOUS PLUSIEURS FORMES<\/h3>\n\n<p>Nous n\u2019avons pas toujours suffisamment de ressources financi\u00e8res pour r\u00e9pondre ad\u00e9quatement \u00e0 l\u2019enthousiasme que suscitent nos programmes chez nos b\u00e9n\u00e9voles. En ayant acc\u00e8s \u00e0 plus de sources de financement, nous serons en mesure d&#8217;effectuer davantage de jumelages.<\/p>\n\n<p>Nous sommes toujours immens\u00e9ment reconnaissants envers les personnes qui souhaitent s\u2019impliquer et offrir du mentorat. S\u2019il nous est impossible de vous accueillir parmi nos b\u00e9n\u00e9voles, sachez que ce n&#8217;est jamais parce que nous ne voulons pas de vous! C\u2019est pourquoi nous vous invitons \u00e0 devenir donateur pendant votre b\u00e9n\u00e9volat ou pendant que vous attendez votre jumelage.<\/p>\n\n<div style=\"height:26px\" aria-hidden=\"true\" class=\"wp-block-spacer\"><\/div>\n\n<div class=\"wp-block-buttons is-layout-flex wp-block-buttons-is-layout-flex\">\n<div class=\"wp-block-button is-style-shadow\"><a class=\"wp-block-button__link wp-element-button\" href=\"https:\/\/www.bbbso.ca\/volunteer\/apply\/\">Devenez Grand Fr\u00e8re ou Grande Soeur d\u00e8s aujourd\u2019hui!<\/a><\/div>\n<\/div>\n","protected":false},"excerpt":{"rendered":"<p>DEVENONS #PLUSGRANDSENSEMBLE! DEVENEZ B\u00c9N\u00c9VOLE ET AIDEZ LES JEUNES D\u2019OTTAWA \u00c0 EXPRIMER LEUR PLEIN POTENTIEL POURQUOI DEVENIR MENTOR? En ne donnant que quelques heures de votre semaine, vous pourrez aider un enfant \u00e0 r\u00e9ussir. Ce qui distingue GFGSO des autres organismes venant en aide aux enfants, c\u2019est que nous recherchons des b\u00e9n\u00e9voles qui sont pr\u00eats \u00e0 [&hellip;]<\/p>\n","protected":false},"author":1,"featured_media":9046,"parent":0,"menu_order":0,"comment_status":"closed","ping_status":"closed","template":"","meta":{"_et_pb_use_builder":"off","_et_pb_old_content":"","_et_gb_content_width":"","_coblocks_attr":"","_coblocks_dimensions":"","_coblocks_responsive_height":"","_coblocks_accordion_ie_support":"","_monsterinsights_skip_tracking":false,"_monsterinsights_sitenote_active":false,"_monsterinsights_sitenote_note":"","_monsterinsights_sitenote_category":0,"footnotes":""},"class_list":["post-9949","page","type-page","status-publish","has-post-thumbnail","hentry"],"aioseo_notices":[],"_links":{"self":[{"href":"https:\/\/www.bbbso.ca\/fr\/wp-json\/wp\/v2\/pages\/9949","targetHints":{"allow":["GET"]}}],"collection":[{"href":"https:\/\/www.bbbso.ca\/fr\/wp-json\/wp\/v2\/pages"}],"about":[{"href":"https:\/\/www.bbbso.ca\/fr\/wp-json\/wp\/v2\/types\/page"}],"author":[{"embeddable":true,"href":"https:\/\/www.bbbso.ca\/fr\/wp-json\/wp\/v2\/users\/1"}],"replies":[{"embeddable":true,"href":"https:\/\/www.bbbso.ca\/fr\/wp-json\/wp\/v2\/comments?post=9949"}],"version-history":[{"count":1,"href":"https:\/\/www.bbbso.ca\/fr\/wp-json\/wp\/v2\/pages\/9949\/revisions"}],"predecessor-version":[{"id":9950,"href":"https:\/\/www.bbbso.ca\/fr\/wp-json\/wp\/v2\/pages\/9949\/revisions\/9950"}],"wp:featuredmedia":[{"embeddable":true,"href":"https:\/\/www.bbbso.ca\/fr\/wp-json\/wp\/v2\/media\/9046"}],"wp:attachment":[{"href":"https:\/\/www.bbbso.ca\/fr\/wp-json\/wp\/v2\/media?parent=9949"}],"curies":[{"name":"wp","href":"https:\/\/api.w.org\/{rel}","templated":true}]}}