  {"id":9934,"date":"2021-06-11T13:36:39","date_gmt":"2021-06-11T17:36:39","guid":{"rendered":"https:\/\/www.bbbso.ca\/don-dactions-et-de-titres\/"},"modified":"2024-06-26T00:14:16","modified_gmt":"2024-06-26T04:14:16","slug":"don-dactions-et-de-titres","status":"publish","type":"page","link":"https:\/\/www.bbbso.ca\/fr\/comment-donner\/don-dactions-et-de-titres\/","title":{"rendered":"Don d&#8217;actions et de titres"},"content":{"rendered":"\n<h2 class=\"wp-block-heading\">VOTRE DON FAIT UNE DIFF\u00c9RENCE POUR LES JEUNES \u00c0 RISQUE<\/h2>\n\n<p>Un don de titres constitue une belle fa\u00e7on d\u2019avoir un impact significatif dans la vie de jeunes \u00e0 risque d\u2019Ottawa, tout en vous procurant certains avantages fiscaux. Votre don peut prendre la forme d&#8217;actions, d&#8217;obligations ou de fonds communs de placement.<\/p>\n\n<p>Si vous poss\u00e9dez des titres ou des fonds communs de placement cot\u00e9s en bourse, surtout ceux qui ont augment\u00e9 en valeur, en faire don \u00e0 Grands Fr\u00e8res Grandes Soeurs d&#8217;Ottawa (GFGSO) constitue une excellente fa\u00e7on de soutenir nos programmes de mentorat tout en obtenant des avantages fiscaux importants.<\/p>\n\n<div style=\"height:34px\" aria-hidden=\"true\" class=\"wp-block-spacer\"><\/div>\n\n<h2 class=\"wp-block-heading\">COMMENT FAIRE UN DON<\/h2>\n\n<p>Les changements apport\u00e9s aux lois fiscales canadiennes signifient que vous pouvez faire don de titres cot\u00e9s en bourse \u00e0 un organisme de bienfaisance enregistr\u00e9 comme GFGSO et \u00e9liminer l\u2019imp\u00f4t sur les gains en capital sur la valeur appr\u00e9ci\u00e9e. Vous recevrez un re\u00e7u fiscal bas\u00e9 sur la valeur marchande des actions \u00e0 la date du don.<\/p>\n\n<p>Comme tous les dons faits \u00e0 GFGSO, votre don de titres soutiendra nos programmes de mentorat qui, chaque ann\u00e9e, profitent \u00e0 plus de 1000 jeunes \u00e0 risque partout \u00e0 Ottawa. Un don d\u2019actions \u00e0 Grands Fr\u00e8res Grandes S\u0153urs d\u2019Ottawa est rapide et facile \u00e0 faire ; il suffit de t\u00e9l\u00e9charger notre formulaire pour commencer le processus.<\/p>\n\n<div style=\"height:20px\" aria-hidden=\"true\" class=\"wp-block-spacer\"><\/div>\n\n<div class=\"wp-block-buttons is-horizontal is-content-justification-left is-layout-flex wp-container-core-buttons-is-layout-7e5fce0a wp-block-buttons-is-layout-flex\">\n<div class=\"wp-block-button is-style-shadow is-style-outline is-style-outline--1\"><a class=\"wp-block-button__link has-white-color has-text-color has-background wp-element-button\" href=\"https:\/\/www.bbbso.ca\/wp-content\/uploads\/2023\/05\/Shares-Securities-Transfer-Form-fillable.pdf\" style=\"border-radius:50px;background-color:#37bfcd\" target=\"_blank\" rel=\"noreferrer noopener\">T\u00e9l\u00e9chargez notre formulaire de don<\/a><\/div>\n<\/div>\n","protected":false},"excerpt":{"rendered":"<p>VOTRE DON FAIT UNE DIFF\u00c9RENCE POUR LES JEUNES \u00c0 RISQUE Un don de titres constitue une belle fa\u00e7on d\u2019avoir un impact significatif dans la vie de jeunes \u00e0 risque d\u2019Ottawa, tout en vous procurant certains avantages fiscaux. Votre don peut prendre la forme d&#8217;actions, d&#8217;obligations ou de fonds communs de placement. Si vous poss\u00e9dez des [&hellip;]<\/p>\n","protected":false},"author":1,"featured_media":9425,"parent":10062,"menu_order":0,"comment_status":"closed","ping_status":"closed","template":"","meta":{"_et_pb_use_builder":"off","_et_pb_old_content":"","_et_gb_content_width":"","_coblocks_attr":"","_coblocks_dimensions":"","_coblocks_responsive_height":"","_coblocks_accordion_ie_support":"","_monsterinsights_skip_tracking":false,"_monsterinsights_sitenote_active":false,"_monsterinsights_sitenote_note":"","_monsterinsights_sitenote_category":0,"footnotes":""},"class_list":["post-9934","page","type-page","status-publish","has-post-thumbnail","hentry"],"aioseo_notices":[],"_links":{"self":[{"href":"https:\/\/www.bbbso.ca\/fr\/wp-json\/wp\/v2\/pages\/9934","targetHints":{"allow":["GET"]}}],"collection":[{"href":"https:\/\/www.bbbso.ca\/fr\/wp-json\/wp\/v2\/pages"}],"about":[{"href":"https:\/\/www.bbbso.ca\/fr\/wp-json\/wp\/v2\/types\/page"}],"author":[{"embeddable":true,"href":"https:\/\/www.bbbso.ca\/fr\/wp-json\/wp\/v2\/users\/1"}],"replies":[{"embeddable":true,"href":"https:\/\/www.bbbso.ca\/fr\/wp-json\/wp\/v2\/comments?post=9934"}],"version-history":[{"count":1,"href":"https:\/\/www.bbbso.ca\/fr\/wp-json\/wp\/v2\/pages\/9934\/revisions"}],"predecessor-version":[{"id":9935,"href":"https:\/\/www.bbbso.ca\/fr\/wp-json\/wp\/v2\/pages\/9934\/revisions\/9935"}],"up":[{"embeddable":true,"href":"https:\/\/www.bbbso.ca\/fr\/wp-json\/wp\/v2\/pages\/10062"}],"wp:featuredmedia":[{"embeddable":true,"href":"https:\/\/www.bbbso.ca\/fr\/wp-json\/wp\/v2\/media\/9425"}],"wp:attachment":[{"href":"https:\/\/www.bbbso.ca\/fr\/wp-json\/wp\/v2\/media?parent=9934"}],"curies":[{"name":"wp","href":"https:\/\/api.w.org\/{rel}","templated":true}]}}