  {"id":9916,"date":"2021-04-13T14:27:21","date_gmt":"2021-04-13T18:27:21","guid":{"rendered":"https:\/\/www.bbbso.ca\/opportunites-de-carriere\/"},"modified":"2024-06-21T20:22:32","modified_gmt":"2024-06-22T00:22:32","slug":"opportunites-de-carriere","status":"publish","type":"page","link":"https:\/\/www.bbbso.ca\/fr\/impliquez-vous\/opportunites-de-carriere\/","title":{"rendered":"Opportunit\u00e9s de carri\u00e8re"},"content":{"rendered":"\n<p>Grands Fr\u00e8res Grandes Soeurs d&#8217;Ottawa est toujours pr\u00eate \u00e0 accueillir de personnes d\u00e9vou\u00e9es et engag\u00e9es qui souhaitent travailler dans un environnement dynamique et stimulant, et qui se passionnent pour l\u2019am\u00e9lioration de la vie des enfants de la ville d\u2019Ottawa par l&#8217;entremise d\u2019initiatives de mentorat.<\/p>\n\n<p>Nos opportunit\u00e9s d\u2019emploi seront publi\u00e9es ci-dessous \u00e0 mesure qu\u2019elles deviendront disponibles. Nous encourageons les personnes qualifi\u00e9es \u00e0 envoyer leur CV aux personnes-ressources mentionn\u00e9es dans l\u2019offre d\u2019emploi qui les int\u00e9ressent. Seules les candidatures retenues seront contact\u00e9es. Pri\u00e8re de ne pas faire de suivi de votre dossier par t\u00e9l\u00e9phone ou par courriel.<\/p>\n\n<div style=\"height:44px\" aria-hidden=\"true\" class=\"wp-block-spacer\"><\/div>\n\n<div class=\"wp-block-query is-layout-flow wp-block-query-is-layout-flow\"><ul class=\"columns-3 wp-block-post-template is-layout-grid wp-container-core-post-template-is-layout-2fc57c17 wp-block-post-template-is-layout-grid\"><li class=\"wp-block-post post-9801 post type-post status-publish format-standard has-post-thumbnail hentry category-job-opportunities\">\n<figure class=\"alignwide wp-block-post-featured-image\"><a href=\"https:\/\/www.bbbso.ca\/fr\/description-de-poste-membre-du-conseil-dadministration\/\" target=\"_blank\"  ><img loading=\"lazy\" decoding=\"async\" width=\"1024\" height=\"1326\" src=\"https:\/\/www.bbbso.ca\/wp-content\/uploads\/2024\/04\/2024-BD-Recruitment-One-Pager.jpg\" class=\"attachment-post-thumbnail size-post-thumbnail wp-post-image\" alt=\"DESCRIPTION DE POSTE &#8211; MEMBRE DU CONSEIL D&#8217;ADMINISTRATION\" style=\"object-fit:cover;\" srcset=\"https:\/\/www.bbbso.ca\/wp-content\/uploads\/2024\/04\/2024-BD-Recruitment-One-Pager.jpg 1024w, https:\/\/www.bbbso.ca\/wp-content\/uploads\/2024\/04\/2024-BD-Recruitment-One-Pager-980x1269.jpg 980w, https:\/\/www.bbbso.ca\/wp-content\/uploads\/2024\/04\/2024-BD-Recruitment-One-Pager-480x622.jpg 480w\" sizes=\"(min-width: 0px) and (max-width: 480px) 480px, (min-width: 481px) and (max-width: 980px) 980px, (min-width: 981px) 1024px, 100vw\" \/><\/a><\/figure>\n\n<div class=\"wp-block-post-excerpt\"><p class=\"wp-block-post-excerpt__excerpt\">R\u00f4le du Conseil d&#8217;administration Le conseil d&#8217;administration est moralement et l\u00e9galement responsable de toutes les activit\u00e9s de l&#8217;Agence, qui sont r\u00e9gies par son \u00e9nonc\u00e9 de mission et ses objectifs. Ultimement, le Conseil est responsable de l&#8217;approbation du budget annuel ; de l&#8217;approbation, de l&#8217;\u00e9valuation et de la r\u00e9vision des politiques et des programmes de l&#8217;Agence<\/p><p class=\"wp-block-post-excerpt__more-text\"><a class=\"wp-block-post-excerpt__more-link\" href=\"https:\/\/www.bbbso.ca\/fr\/description-de-poste-membre-du-conseil-dadministration\/\">En savoir plus<\/a><\/p><\/div>\n\n\n<hr class=\"wp-block-separator has-css-opacity\"\/>\n\n<\/li><\/ul><\/div>\n","protected":false},"excerpt":{"rendered":"<p>Grands Fr\u00e8res Grandes Soeurs d&#8217;Ottawa est toujours pr\u00eate \u00e0 accueillir de personnes d\u00e9vou\u00e9es et engag\u00e9es qui souhaitent travailler dans un environnement dynamique et stimulant, et qui se passionnent pour l\u2019am\u00e9lioration de la vie des enfants de la ville d\u2019Ottawa par l&#8217;entremise d\u2019initiatives de mentorat. Nos opportunit\u00e9s d\u2019emploi seront publi\u00e9es ci-dessous \u00e0 mesure qu\u2019elles deviendront disponibles. [&hellip;]<\/p>\n","protected":false},"author":1,"featured_media":9048,"parent":9949,"menu_order":0,"comment_status":"closed","ping_status":"closed","template":"","meta":{"_et_pb_use_builder":"off","_et_pb_old_content":"","_et_gb_content_width":"","_coblocks_attr":"","_coblocks_dimensions":"","_coblocks_responsive_height":"","_coblocks_accordion_ie_support":"","_monsterinsights_skip_tracking":false,"_monsterinsights_sitenote_active":false,"_monsterinsights_sitenote_note":"","_monsterinsights_sitenote_category":0,"footnotes":""},"class_list":["post-9916","page","type-page","status-publish","has-post-thumbnail","hentry"],"aioseo_notices":[],"_links":{"self":[{"href":"https:\/\/www.bbbso.ca\/fr\/wp-json\/wp\/v2\/pages\/9916","targetHints":{"allow":["GET"]}}],"collection":[{"href":"https:\/\/www.bbbso.ca\/fr\/wp-json\/wp\/v2\/pages"}],"about":[{"href":"https:\/\/www.bbbso.ca\/fr\/wp-json\/wp\/v2\/types\/page"}],"author":[{"embeddable":true,"href":"https:\/\/www.bbbso.ca\/fr\/wp-json\/wp\/v2\/users\/1"}],"replies":[{"embeddable":true,"href":"https:\/\/www.bbbso.ca\/fr\/wp-json\/wp\/v2\/comments?post=9916"}],"version-history":[{"count":1,"href":"https:\/\/www.bbbso.ca\/fr\/wp-json\/wp\/v2\/pages\/9916\/revisions"}],"predecessor-version":[{"id":9917,"href":"https:\/\/www.bbbso.ca\/fr\/wp-json\/wp\/v2\/pages\/9916\/revisions\/9917"}],"up":[{"embeddable":true,"href":"https:\/\/www.bbbso.ca\/fr\/wp-json\/wp\/v2\/pages\/9949"}],"wp:featuredmedia":[{"embeddable":true,"href":"https:\/\/www.bbbso.ca\/fr\/wp-json\/wp\/v2\/media\/9048"}],"wp:attachment":[{"href":"https:\/\/www.bbbso.ca\/fr\/wp-json\/wp\/v2\/media?parent=9916"}],"curies":[{"name":"wp","href":"https:\/\/api.w.org\/{rel}","templated":true}]}}