  {"id":9748,"date":"2023-11-10T10:03:39","date_gmt":"2023-11-10T15:03:39","guid":{"rendered":"https:\/\/www.bbbso.ca\/programme-de-mentorat-communautaire-gfgs\/"},"modified":"2024-06-21T20:22:33","modified_gmt":"2024-06-22T00:22:33","slug":"programme-de-mentorat-communautaire-gfgs","status":"publish","type":"page","link":"https:\/\/www.bbbso.ca\/fr\/impliquez-vous\/programme-de-mentorat-communautaire-gfgs\/","title":{"rendered":"Programme de mentorat communautaire GFGS"},"content":{"rendered":"\n<h2 class=\"wp-block-heading\" id=\"making-a-difference-while-having-fun\">CE QU\u2019ON ACCOMPLIT AUJOURD\u2019HUI FAIT UNE DIFF\u00c9RENCE DEMAIN<\/h2>\n\n<p>Votre exp\u00e9rience de mentorat vous donnera l\u2019occasion de vous lier d\u2019amiti\u00e9 avec un jeune de 6 \u00e0 14 ans et de lui servir de mod\u00e8le et de confident. Vous pourrez lui parler de votre propre jeunesse et l\u2019aider \u00e0 atteindre son plein potentiel.<\/p>\n\n<p>En tant que Grand.e, vous ferez partie d\u2019un programme visant \u00e0 :<\/p>\n\n<ul class=\"wp-block-list\">\n<li>Jumeler des jeunes avec une personne pouvant leur servir de mod\u00e8le et avec qui ils pourront tisser un lien d\u2019amiti\u00e9;<\/li>\n\n\n\n<li>Promouvoir l&#8217;importance de poursuivre son parcours scolaire et d\u2019entretenir des relations saines avec la famille et les pairs;<\/li>\n\n\n\n<li>Insuffler la confiance en soi n\u00e9cessaire pour prendre des d\u00e9cisions saines;<\/li>\n\n\n\n<li>Encourager les comp\u00e9tences en leadership et l\u2019ind\u00e9pendance d\u2019esprit; et,<\/li>\n\n\n\n<li>Surtout, faire une diff\u00e9rence tout en vous amusant!<\/li>\n<\/ul>\n\n<p>PLUSIEURS DE NOS GRAND.E.S AFFIRMENT QUE CETTE EXP\u00c9RIENCE A CHANG\u00c9 LEUR VIE TOUT AUTANT QUE CELLE DE LEURS PETIT.E.S.<\/p>\n\n<div class=\"wp-block-columns is-layout-flex wp-container-core-columns-is-layout-9d6595d7 wp-block-columns-is-layout-flex\">\n<div class=\"wp-block-column is-layout-flow wp-block-column-is-layout-flow\" style=\"flex-basis:50%\">\n<figure class=\"wp-block-embed is-type-video is-provider-youtube wp-block-embed-youtube wp-embed-aspect-16-9 wp-has-aspect-ratio\"><div class=\"wp-block-embed__wrapper\">\n<iframe loading=\"lazy\" title=\"Mentoring Stories: Jesse &amp; Ryan\" width=\"1080\" height=\"608\" src=\"https:\/\/www.youtube.com\/embed\/7eOLtbyYI2g?feature=oembed&#038;enablejsapi=1\"  allow=\"accelerometer; autoplay; clipboard-write; encrypted-media; gyroscope; picture-in-picture; web-share\" referrerpolicy=\"strict-origin-when-cross-origin\" allowfullscreen><\/iframe>\n<\/div><\/figure>\n<\/div>\n\n\n\n<div class=\"wp-block-column is-layout-flow wp-block-column-is-layout-flow\" style=\"flex-basis:50%\">\n<figure class=\"wp-block-embed is-type-video is-provider-youtube wp-block-embed-youtube wp-embed-aspect-16-9 wp-has-aspect-ratio\"><div class=\"wp-block-embed__wrapper\">\n<iframe loading=\"lazy\" title=\"Inspiration - What Does it Mean to You?\" width=\"1080\" height=\"608\" src=\"https:\/\/www.youtube.com\/embed\/m37prDr-W5I?feature=oembed&#038;enablejsapi=1\"  allow=\"accelerometer; autoplay; clipboard-write; encrypted-media; gyroscope; picture-in-picture; web-share\" referrerpolicy=\"strict-origin-when-cross-origin\" allowfullscreen><\/iframe>\n<\/div><\/figure>\n<\/div>\n<\/div>\n\n<h3 class=\"wp-block-heading\" id=\"how-does-being-a-big-brother-work\">COMMENT LE PROGRAMME FONCTIONNE-T-IL?<\/h3>\n\n<p>Le programme de mentorat communautaire GFGS exige une sortie r\u00e9guli\u00e8re par semaine (d\u2019une dur\u00e9e de 2 \u00e0 4 heures), et un engagement minimal d\u2019un an.<\/p>\n\n<p>Ces rencontres r\u00e9guli\u00e8res contribuent au d\u00e9veloppement de votre lien avec votre Petite. La relation est fond\u00e9e sur la confiance et les int\u00e9r\u00eats communs, et est soutenue par des travailleurs sociaux exp\u00e9riment\u00e9s.<\/p>\n\n<p>Notre processus de demande vous simplifie la t\u00e2che au moment de soumettre votre candidature! Si vous croyez \u00eatre pr\u00eat \u00e0 devenir #PlusGrandsEnsemble, <a href=\"https:\/\/www.bbbso.ca\/volunteer\/apply\/\">cliquez ici! <\/a><\/p>\n\n<p>Pour en savoir plus sur comment devenir mentor ou b\u00e9n\u00e9vole, ou pour savoir comment faire un don \u00e0 Grands Fr\u00e8res Grandes Soeurs d&#8217;Ottawa, veuillez communiquer avec nous d\u00e8s aujourd\u2019hui.<\/p>\n\n<div style=\"height:40px\" aria-hidden=\"true\" class=\"wp-block-spacer\"><\/div>\n\n<iframe loading=\"lazy\" src=\"https:\/\/analytics.clickdimensions.com\/bigbrothersbigsistersca-anc2a\/pages\/evu3xwdreempvaanojbpka.html?PageId=5d37f5125167e911a954000d3a36e990\" allowtransparency=\"true\" width=\"100%\" height=\"600px\" type=\"text\/html\" frameborder=\"0\" style=\"border:0\"><\/iframe>\n\n<div style=\"height:35px\" aria-hidden=\"true\" class=\"wp-block-spacer\"><\/div>\n\n<h3 class=\"wp-block-heading\" id=\"made-possible-with-support-from\">RENDU POSSIBLE GR\u00c2CE AU SOUTIEN DE :<\/h3>\n\n<figure class=\"wp-block-gallery has-nested-images columns-default wp-block-gallery-1 is-layout-flex wp-block-gallery-is-layout-flex\">\n<figure class=\"wp-block-image size-full\"><img loading=\"lazy\" decoding=\"async\" width=\"498\" height=\"273\" data-id=\"112\" src=\"https:\/\/www.bbbso.ca\/wp-content\/uploads\/2021\/02\/UWEO-BILINGUAL-COLOURHorizontal.jpg\" alt=\"\" class=\"wp-image-112\" srcset=\"https:\/\/www.bbbso.ca\/wp-content\/uploads\/2021\/02\/UWEO-BILINGUAL-COLOURHorizontal.jpg 498w, https:\/\/www.bbbso.ca\/wp-content\/uploads\/2021\/02\/UWEO-BILINGUAL-COLOURHorizontal-480x263.jpg 480w\" sizes=\"(min-width: 0px) and (max-width: 480px) 480px, (min-width: 481px) 498px, 100vw\" \/><\/figure>\n\n\n\n<figure class=\"wp-block-image size-full\"><img loading=\"lazy\" decoding=\"async\" width=\"250\" height=\"89\" data-id=\"111\" src=\"https:\/\/www.bbbso.ca\/wp-content\/uploads\/2021\/02\/ottawa.png\" alt=\"\" class=\"wp-image-111\"\/><\/figure>\n\n\n\n<figure class=\"wp-block-image aligncenter size-full\"><img loading=\"lazy\" decoding=\"async\" width=\"256\" height=\"256\" data-id=\"5986\" src=\"https:\/\/www.bbbso.ca\/wp-content\/uploads\/2021\/05\/logo-TD-1.jpg\" alt=\"\" class=\"wp-image-5986\" srcset=\"https:\/\/www.bbbso.ca\/wp-content\/uploads\/2021\/05\/logo-TD-1.jpg 256w, https:\/\/www.bbbso.ca\/wp-content\/uploads\/2021\/05\/logo-TD-1-150x150.jpg 150w, https:\/\/www.bbbso.ca\/wp-content\/uploads\/2021\/05\/logo-TD-1-100x100.jpg 100w\" sizes=\"(max-width: 256px) 100vw, 256px\" \/><\/figure>\n<\/figure>\n","protected":false},"excerpt":{"rendered":"<p>CE QU\u2019ON ACCOMPLIT AUJOURD\u2019HUI FAIT UNE DIFF\u00c9RENCE DEMAIN Votre exp\u00e9rience de mentorat vous donnera l\u2019occasion de vous lier d\u2019amiti\u00e9 avec un jeune de 6 \u00e0 14 ans et de lui servir de mod\u00e8le et de confident. Vous pourrez lui parler de votre propre jeunesse et l\u2019aider \u00e0 atteindre son plein potentiel. En tant que Grand.e, [&hellip;]<\/p>\n","protected":false},"author":1,"featured_media":0,"parent":9949,"menu_order":0,"comment_status":"closed","ping_status":"closed","template":"","meta":{"_et_pb_use_builder":"off","_et_pb_old_content":"","_et_gb_content_width":"","_coblocks_attr":"","_coblocks_dimensions":"","_coblocks_responsive_height":"","_coblocks_accordion_ie_support":"","_monsterinsights_skip_tracking":false,"_monsterinsights_sitenote_active":false,"_monsterinsights_sitenote_note":"","_monsterinsights_sitenote_category":0,"footnotes":""},"class_list":["post-9748","page","type-page","status-publish","hentry"],"aioseo_notices":[],"_links":{"self":[{"href":"https:\/\/www.bbbso.ca\/fr\/wp-json\/wp\/v2\/pages\/9748","targetHints":{"allow":["GET"]}}],"collection":[{"href":"https:\/\/www.bbbso.ca\/fr\/wp-json\/wp\/v2\/pages"}],"about":[{"href":"https:\/\/www.bbbso.ca\/fr\/wp-json\/wp\/v2\/types\/page"}],"author":[{"embeddable":true,"href":"https:\/\/www.bbbso.ca\/fr\/wp-json\/wp\/v2\/users\/1"}],"replies":[{"embeddable":true,"href":"https:\/\/www.bbbso.ca\/fr\/wp-json\/wp\/v2\/comments?post=9748"}],"version-history":[{"count":1,"href":"https:\/\/www.bbbso.ca\/fr\/wp-json\/wp\/v2\/pages\/9748\/revisions"}],"predecessor-version":[{"id":9749,"href":"https:\/\/www.bbbso.ca\/fr\/wp-json\/wp\/v2\/pages\/9748\/revisions\/9749"}],"up":[{"embeddable":true,"href":"https:\/\/www.bbbso.ca\/fr\/wp-json\/wp\/v2\/pages\/9949"}],"wp:attachment":[{"href":"https:\/\/www.bbbso.ca\/fr\/wp-json\/wp\/v2\/media?parent=9748"}],"curies":[{"name":"wp","href":"https:\/\/api.w.org\/{rel}","templated":true}]}}