  {"id":9738,"date":"2024-03-04T09:46:04","date_gmt":"2024-03-04T14:46:04","guid":{"rendered":"https:\/\/www.bbbso.ca\/programme-de-mentorat-grandes-possibilites\/"},"modified":"2024-06-21T20:22:35","modified_gmt":"2024-06-22T00:22:35","slug":"programme-de-mentorat-grandes-possibilites","status":"publish","type":"page","link":"https:\/\/www.bbbso.ca\/fr\/impliquez-vous\/programme-de-mentorat-grandes-possibilites\/","title":{"rendered":"Programme de mentorat Grandes possibilit\u00e9s"},"content":{"rendered":"\n<p class=\"has-medium-font-size\"><em>\u00ab En lib\u00e9rant le v\u00e9ritable potentiel d\u2019un enfant, nous arrivons \u00e0 cr\u00e9er un avenir o\u00f9 tout est possible \u00bb<\/em><\/p>\n\n<h2 class=\"wp-block-heading\" id=\"making-a-difference-while-having-fun\">EN QUOI CONSISTE LE PROGRAMME GRANDES POSSIBILIT\u00c9S?<\/h2>\n\n<p>Grandes possibilit\u00e9s est un programme de pr\u00e9paration \u00e0 l\u2019emploi qui accueille des jeunes \u00e2g\u00e9s de 15 \u00e0 24 ans.<\/p>\n\n<p>Les comp\u00e9tences sociales et conversationnelles sont essentielles \u00e0 la r\u00e9ussite du jumelage, car elles aident les jeunes \u00e0 visualiser clairement leur cheminement vers les \u00e9tudes postsecondaires et le march\u00e9 du travail.<\/p>\n\n<div class=\"wp-block-columns is-layout-flex wp-container-core-columns-is-layout-9d6595d7 wp-block-columns-is-layout-flex\">\n<div class=\"wp-block-column is-layout-flow wp-block-column-is-layout-flow\" style=\"flex-basis:100%\">\n<div aria-label=\"Carousel Gallery\" class=\"wp-block-coblocks-gallery-carousel\"><div class=\"coblocks-gallery-carousel-swiper-container is-cropped coblocks-gallery has-no-alignment has-caption-style-dark has-horizontal-gutter has-lightbox has-no-thumbnails\"><div class=\"has-carousel has-carousel-lrg swiper-container has-aligned-cells\" data-swiper=\"{\"alignCells\":true,\"autoPlay\":true,\"autoPlaySpeed\":\"5000\",\"draggable\":true,\"freeMode\":false,\"loop\":true,\"navigation\":false,\"pageDots\":false,\"pauseHover\":false,\"responsiveHeight\":false,\"slidesPerView\":2,\"thumbnails\":false,\"uuid\":\"12345\"}\" style=\"height:400px\"><div class=\"swiper-wrapper\"><div class=\"swiper-slide\"><div class=\"coblocks-gallery--item\" role=\"button\" tabindex=\"0\"><figure class=\"coblocks-gallery--figure has-margin-left-5 has-margin-left-mobile-5 has-margin-right-5 has-margin-right-mobile-5\"><img loading=\"lazy\" decoding=\"async\" width=\"1024\" height=\"683\" alt=\"Image gallery image\" class=\"wp-image-9459\" data-id=\"9459\" src=\"https:\/\/www.bbbso.ca\/wp-content\/uploads\/2024\/03\/BBBSC_2019_4E4A2309_book_reading_girl_match-1.jpg\" srcset=\"https:\/\/www.bbbso.ca\/wp-content\/uploads\/2024\/03\/BBBSC_2019_4E4A2309_book_reading_girl_match-1.jpg 1024w, https:\/\/www.bbbso.ca\/wp-content\/uploads\/2024\/03\/BBBSC_2019_4E4A2309_book_reading_girl_match-1-980x654.jpg 980w, https:\/\/www.bbbso.ca\/wp-content\/uploads\/2024\/03\/BBBSC_2019_4E4A2309_book_reading_girl_match-1-480x320.jpg 480w\" sizes=\"(min-width: 0px) and (max-width: 480px) 480px, (min-width: 481px) and (max-width: 980px) 980px, (min-width: 981px) 1024px, 100vw\" \/><\/figure><figcaption class=\"coblocks-gallery--caption coblocks-gallery--primary-caption\"><\/figcaption><\/div><\/div><div class=\"swiper-slide\"><div class=\"coblocks-gallery--item\" role=\"button\" tabindex=\"1\"><figure class=\"coblocks-gallery--figure has-margin-left-5 has-margin-left-mobile-5 has-margin-right-5 has-margin-right-mobile-5\"><img loading=\"lazy\" decoding=\"async\" width=\"1024\" height=\"683\" alt=\"Image gallery image\" class=\"wp-image-9457\" data-id=\"9457\" src=\"https:\/\/www.bbbso.ca\/wp-content\/uploads\/2024\/03\/BBBSA_boy_Tre_Herman_camera_010.jpg\" srcset=\"https:\/\/www.bbbso.ca\/wp-content\/uploads\/2024\/03\/BBBSA_boy_Tre_Herman_camera_010.jpg 1024w, https:\/\/www.bbbso.ca\/wp-content\/uploads\/2024\/03\/BBBSA_boy_Tre_Herman_camera_010-980x654.jpg 980w, https:\/\/www.bbbso.ca\/wp-content\/uploads\/2024\/03\/BBBSA_boy_Tre_Herman_camera_010-480x320.jpg 480w\" sizes=\"(min-width: 0px) and (max-width: 480px) 480px, (min-width: 481px) and (max-width: 980px) 980px, (min-width: 981px) 1024px, 100vw\" \/><\/figure><figcaption class=\"coblocks-gallery--caption coblocks-gallery--primary-caption\"><\/figcaption><\/div><\/div><div class=\"swiper-slide\"><div class=\"coblocks-gallery--item\" role=\"button\" tabindex=\"2\"><figure class=\"coblocks-gallery--figure has-margin-left-5 has-margin-left-mobile-5 has-margin-right-5 has-margin-right-mobile-5\"><img loading=\"lazy\" decoding=\"async\" width=\"683\" height=\"1024\" alt=\"Image gallery image\" class=\"wp-image-9455\" data-id=\"9455\" src=\"https:\/\/www.bbbso.ca\/wp-content\/uploads\/2024\/03\/BBBS_indigenous_girl_activity.jpg\" srcset=\"https:\/\/www.bbbso.ca\/wp-content\/uploads\/2024\/03\/BBBS_indigenous_girl_activity.jpg 683w, https:\/\/www.bbbso.ca\/wp-content\/uploads\/2024\/03\/BBBS_indigenous_girl_activity-480x720.jpg 480w\" sizes=\"(min-width: 0px) and (max-width: 480px) 480px, (min-width: 481px) 683px, 100vw\" \/><\/figure><figcaption class=\"coblocks-gallery--caption coblocks-gallery--primary-caption\"><\/figcaption><\/div><\/div><\/div><\/div><\/div><\/div>\n<\/div>\n<\/div>\n\n<div style=\"height:40px\" aria-hidden=\"true\" class=\"wp-block-spacer\"><\/div>\n\n<div class=\"wp-block-columns is-layout-flex wp-container-core-columns-is-layout-9d6595d7 wp-block-columns-is-layout-flex\">\n<div class=\"wp-block-column is-layout-flow wp-block-column-is-layout-flow\" style=\"flex-basis:100%\">\n<h3 class=\"wp-block-heading\" id=\"how-does-being-a-big-brother-work\">ATELIERS DE PR\u00c9PARATION \u00c0 L&#8217;EMPLOI FLASH MENTORAT<\/h3>\n\n\n\n<p>Toutes les six semaines, GFGSO organise des rencontres entre des professionnels issus de divers secteurs et des jeunes curieux, donnant ainsi la chance \u00e0 ces derniers d&#8217;explorer diff\u00e9rentes possibilit\u00e9s de parcours postsecondaires et de poser des questions \u00e0 leur sujet. Ces s\u00e9ances laissent toute la place \u00e0 la voix des jeunes pour faire en sorte que le programme r\u00e9ponde enti\u00e8rement \u00e0 leurs attentes et \u00e0 leurs besoins.<\/p>\n\n\n\n<ul class=\"wp-block-list\">\n<li>CV et lettres de motivation;<\/li>\n\n\n\n<li>Pr\u00e9paration aux entrevues;<\/li>\n\n\n\n<li>Envoi de demandes aux \u00e9tablissements postsecondaires;<\/li>\n\n\n\n<li>Litt\u00e9ratie financi\u00e8re;<\/li>\n\n\n\n<li>Cr\u00e9ation d\u2019un budget;<\/li>\n\n\n\n<li>D\u00e9veloppement du cr\u00e9dit;<\/li>\n\n\n\n<li>L\u2019emploi et l\u2019invalidit\u00e9;<\/li>\n\n\n\n<li>Recherche d&#8217;emploi 101;<\/li>\n\n\n\n<li>Faire briller sa candidature; et<\/li>\n\n\n\n<li>Pr\u00e9paration \u00e0 l\u2019avenir.<\/li>\n<\/ul>\n<\/div>\n<\/div>\n\n<h3 class=\"wp-block-heading\">OPPORTUNIT\u00c9S DE STAGE ET DE B\u00c9N\u00c9VOLAT AUPR\u00c8S DE THRIVE SELECT THRIFT<\/h3>\n\n<p>Thrive Select Thrift est une entreprise sociale fond\u00e9e par Grands Fr\u00e8res Grandes Soeurs d&#8217;Ottawa. 100 % des recettes des ventes sont remises aux programmes de mentorat. Les jeunes qui sont int\u00e9ress\u00e9s auront l\u2019occasion de travailler dans un environnement professionnel sous la supervision de membres du personnel de GFGSO. Lorsque vous aurez compl\u00e9t\u00e9 votre stage ou vos heures de b\u00e9n\u00e9volat, une lettre de recommandation vous sera remise en fonction de votre rendement et pourra vous servir lors de vos recherches d&#8217;emploi futures.<\/p>\n\n<p>Voici un aper\u00e7u des apprentissages que vous pourriez y faire :<\/p>\n\n<ul class=\"wp-block-list\">\n<li>Aptitudes de vente;<\/li>\n\n\n\n<li>Gestion de l\u2019inventaire;<\/li>\n\n\n\n<li>Comp\u00e9tences en marchandisage;<\/li>\n\n\n\n<li>Gestion de l&#8217;exploitation;<\/li>\n\n\n\n<li>Organisation d\u2019\u00e9v\u00e9nements; et<\/li>\n\n\n\n<li>Marketing.<\/li>\n<\/ul>\n\n<p>Pour que sa candidature soit prise en consid\u00e9ration pour ce projet, le jeune peut faire part de son d\u00e9sir de travailler avec Thrive \u00e0 son professeur d\u2019\u00e9ducation coop\u00e9rative ou envoyer un courriel \u00e0 Hope Wood, directrice du d\u00e9veloppement commercial, \u00e0 <a href=\"mailto:hope.wood@bbbso.ca\">hope.wood@bbbso.ca<\/a>.<\/p>\n\n<h2 class=\"wp-block-heading\">DEVENIR MENTOR<\/h2>\n\n<p>Parlez-nous de votre parcours. Avez-vous des exp\u00e9riences professionnelles, un parcours \u00e9ducatif ou des exp\u00e9riences de vie que vous aimeriez partager? Vous pouvez le faire de deux fa\u00e7ons!<\/p>\n\n<p>Comme indiqu\u00e9 ci-haut, vous pouvez vous inscrire pour animer un atelier Flash mentorat aupr\u00e8s d\u2019un groupe de Petits.e.s et de Grand.e.s en envoyant un courriel \u00e0 Brianna Dusome, directrice des programmes et des partenariats, \u00e0 <a href=\"mailto:brianna.dusome@bbbso.ca\">brianna.dusome@bbbso.ca. <\/a><\/p>\n\n<p>Vous pouvez \u00e9galement remplir la demande ci-dessous pour devenir un mentor Grandes possibilit\u00e9s et accompagner un jeune dans le cadre d\u2019un jumelage \u00ab sur appel \u00bb. Ce faisant, vous l\u2019aiderez \u00e0 :<\/p>\n\n<ul class=\"wp-block-list\">\n<li>Apprendre \u00e0 mieux se conna\u00eetre en allant \u00e0 la d\u00e9couverte de nouvelles possibilit\u00e9s d\u2019avenir;<\/li>\n\n\n\n<li>\u00c9laborer un plan pour son parcours postsecondaire et remplir les demandes n\u00e9cessaires;<\/li>\n\n\n\n<li>Mieux se pr\u00e9parer au march\u00e9 du travail en r\u00e9digeant son CV, des lettres de motivation et en se pr\u00e9parant au processus d\u2019entrevue;<\/li>\n\n\n\n<li>D\u00e9velopper de nouvelles comp\u00e9tences; et<\/li>\n\n\n\n<li>S\u2019\u00e9panouir en \u00e9tant pour lui un mod\u00e8le positif.<\/li>\n<\/ul>\n\n<div class=\"wp-block-divi-layout\">[et_pb_section fb_built=&#8221;1&#8243; admin_label=&#8221;section&#8221; _builder_version=&#8221;4.16&#8243; global_colors_info=&#8221;{}&#8221;][et_pb_row admin_label=&#8221;Bouton du programme de mentorat \u00e0 l\u2019\u00e9cole&#8221; _builder_version=&#8221;4.18.0&#8243; _module_preset=&#8221;default&#8221; background_color=&#8221;gcid-77cb64ad-1f14-4783-8803-1d6a697c0aaf&#8221; width=&#8221;100%&#8221; custom_margin=&#8221;||20px||false|false&#8221; custom_padding=&#8221;0px||0px||false|false&#8221; locked=&#8221;off&#8221; global_colors_info=&#8221;{%22gcid-77cb64ad-1f14-4783-8803-1d6a697c0aaf%22:%91%22background_color%22%93}&#8221;][et_pb_column type=&#8221;4_4&#8243; _builder_version=&#8221;4.18.0&#8243; _module_preset=&#8221;default&#8221; global_colors_info=&#8221;{}&#8221;][et_pb_text _builder_version=&#8221;4.24.2&#8243; _module_preset=&#8221;default&#8221; text_font=&#8221;||on||||||&#8221; text_font_size=&#8221;16px&#8221; text_orientation=&#8221;center&#8221; background_layout=&#8221;dark&#8221; custom_padding=&#8221;2%|15%|2%|15%|true|false&#8221; hover_enabled=&#8221;0&#8243; global_colors_info=&#8221;{}&#8221; sticky_enabled=&#8221;0&#8243;]<p>Ce formulaire est r\u00e9serv\u00e9 aux adultes (18 ans et plus)<br>En vue d\u2019une relation de mentorat aupr\u00e8s de jeunes \u00e2g\u00e9s de 15 \u00e0 24 ans.<\/p>[\/et_pb_text][et_pb_button button_url=&#8221;https:\/\/www.bbbso.ca\/volunteer-application-for-big-possibilities-mentoring-program\/&#8221; url_new_window=&#8221;on&#8221; button_text=&#8221;Soumettre votre candidature d\u00e8s maintenant&#8221; disabled_on=&#8221;off|off|off&#8221; _builder_version=&#8221;4.24.2&#8243; _module_preset=&#8221;default&#8221; custom_margin=&#8221;||||false|false&#8221; hover_enabled=&#8221;0&#8243; custom_css_main_element=&#8221;width: 100%&#8221; locked=&#8221;off&#8221; global_colors_info=&#8221;{}&#8221; sticky_enabled=&#8221;0&#8243;][\/et_pb_button][et_pb_text disabled_on=&#8221;on|on|on&#8221; _builder_version=&#8221;4.23.1&#8243; _module_preset=&#8221;default&#8221; text_font=&#8221;|600|on||||||&#8221; text_text_color=&#8221;#000000&#8243; text_font_size=&#8221;18px&#8221; background_color=&#8221;gcid-e09f2d4b-becd-41da-a355-ef5cb1170557&#8243; custom_padding=&#8221;20px|21px|20px|20px|false|false&#8221; disabled=&#8221;on&#8221; global_colors_info=&#8221;{%22gcid-e09f2d4b-becd-41da-a355-ef5cb1170557%22:%91%22background_color%22%93}&#8221;]<p>Merci de nous avoir fait part de votre d\u00e9sir de faire du b\u00e9n\u00e9volat dans le cadre du programme Mentorat \u00e0 l&#8217;\u00e9cole. Les candidatures sont actuellement ferm\u00e9es du 1er&nbsp; d\u00e9cembre 2023 au 8&nbsp; janvier 2024. Veuillez v\u00e9rifier de nouveau ult\u00e9rieurement pour conna\u00eetre toutes nos opportunit\u00e9s de b\u00e9n\u00e9volat.<\/p>[\/et_pb_text][\/et_pb_column][\/et_pb_row][\/et_pb_section]<\/div>\n\n<div style=\"height:35px\" aria-hidden=\"true\" class=\"wp-block-spacer\"><\/div>\n\n<h3 class=\"wp-block-heading has-text-align-center\" id=\"made-possible-with-support-from\">RENDU POSSIBLE GR\u00c2CE AU SOUTIEN DE :<\/h3>\n\n<div class=\"wp-block-columns are-vertically-aligned-center is-layout-flex wp-container-core-columns-is-layout-9d6595d7 wp-block-columns-is-layout-flex\">\n<div class=\"wp-block-column is-vertically-aligned-center is-content-justification-left is-layout-constrained wp-container-core-column-is-layout-10dcd03b wp-block-column-is-layout-constrained\" style=\"flex-basis:30%\">\n<figure class=\"wp-block-gallery has-nested-images columns-default wp-block-gallery-1 is-layout-flex wp-block-gallery-is-layout-flex\">\n<figure class=\"wp-block-image alignleft size-full\"><img loading=\"lazy\" decoding=\"async\" width=\"290\" height=\"174\" data-id=\"113\" src=\"https:\/\/www.bbbso.ca\/wp-content\/uploads\/2021\/02\/RBC-Foundation.png\" alt=\"\" class=\"wp-image-113\"\/><\/figure>\n<\/figure>\n<\/div>\n<\/div>\n","protected":false},"excerpt":{"rendered":"<p>\u00ab En lib\u00e9rant le v\u00e9ritable potentiel d\u2019un enfant, nous arrivons \u00e0 cr\u00e9er un avenir o\u00f9 tout est possible \u00bb EN QUOI CONSISTE LE PROGRAMME GRANDES POSSIBILIT\u00c9S? Grandes possibilit\u00e9s est un programme de pr\u00e9paration \u00e0 l\u2019emploi qui accueille des jeunes \u00e2g\u00e9s de 15 \u00e0 24 ans. Les comp\u00e9tences sociales et conversationnelles sont essentielles \u00e0 la r\u00e9ussite [&hellip;]<\/p>\n","protected":false},"author":1,"featured_media":0,"parent":9949,"menu_order":0,"comment_status":"closed","ping_status":"closed","template":"","meta":{"_et_pb_use_builder":"off","_et_pb_old_content":"","_et_gb_content_width":"","_coblocks_attr":"","_coblocks_dimensions":"","_coblocks_responsive_height":"","_coblocks_accordion_ie_support":"","_monsterinsights_skip_tracking":false,"_monsterinsights_sitenote_active":false,"_monsterinsights_sitenote_note":"","_monsterinsights_sitenote_category":0,"footnotes":""},"class_list":["post-9738","page","type-page","status-publish","hentry"],"aioseo_notices":[],"_links":{"self":[{"href":"https:\/\/www.bbbso.ca\/fr\/wp-json\/wp\/v2\/pages\/9738","targetHints":{"allow":["GET"]}}],"collection":[{"href":"https:\/\/www.bbbso.ca\/fr\/wp-json\/wp\/v2\/pages"}],"about":[{"href":"https:\/\/www.bbbso.ca\/fr\/wp-json\/wp\/v2\/types\/page"}],"author":[{"embeddable":true,"href":"https:\/\/www.bbbso.ca\/fr\/wp-json\/wp\/v2\/users\/1"}],"replies":[{"embeddable":true,"href":"https:\/\/www.bbbso.ca\/fr\/wp-json\/wp\/v2\/comments?post=9738"}],"version-history":[{"count":1,"href":"https:\/\/www.bbbso.ca\/fr\/wp-json\/wp\/v2\/pages\/9738\/revisions"}],"predecessor-version":[{"id":9739,"href":"https:\/\/www.bbbso.ca\/fr\/wp-json\/wp\/v2\/pages\/9738\/revisions\/9739"}],"up":[{"embeddable":true,"href":"https:\/\/www.bbbso.ca\/fr\/wp-json\/wp\/v2\/pages\/9949"}],"wp:attachment":[{"href":"https:\/\/www.bbbso.ca\/fr\/wp-json\/wp\/v2\/media?parent=9738"}],"curies":[{"name":"wp","href":"https:\/\/api.w.org\/{rel}","templated":true}]}}