  {"id":9736,"date":"2021-05-31T15:56:43","date_gmt":"2021-05-31T19:56:43","guid":{"rendered":"https:\/\/www.bbbso.ca\/grandes-possibilites\/"},"modified":"2024-06-21T19:58:48","modified_gmt":"2024-06-21T23:58:48","slug":"grandes-possibilites","status":"publish","type":"page","link":"https:\/\/www.bbbso.ca\/fr\/evenements\/grandes-possibilites\/","title":{"rendered":"Grandes possibilit\u00e9s"},"content":{"rendered":"\n<p><strong>Grandes possibilit\u00e9s<\/strong> est un programme pour les jeunes ax\u00e9 sur l\u2019exploration professionnelle et sur la pr\u00e9paration \u00e0 l\u2019emploi. Il offre aux jeunes qui y participent l\u2019occasion d&#8217;assister \u00e0 des ateliers et d\u2019explorer toute une panoplie de carri\u00e8res et de domaines auxquels ils n\u2019ont pas l\u2019habitude d\u2019\u00eatre expos\u00e9s. Dans le cadre de ces ateliers, des jeunes \u00e2g\u00e9s de 14 \u00e0 24 ans font la rencontre, en personne ou virtuellement, de professionnels issus d\u2019entreprises et d\u2019organisations locales et apprennent \u00e0 leurs c\u00f4t\u00e9s. Le programme permet \u00e9galement aux participants de se voir cr\u00e9diter des heures de b\u00e9n\u00e9volat!<\/p>\n\n<p><strong>Grandes possibilit\u00e9s<\/strong> a pour mission de fournir aux jeunes participants des comp\u00e9tences de vie et de leur donner la chance de vivre des exp\u00e9riences qui leur permettront d&#8217;explorer, de stimuler leur curiosit\u00e9, et de favoriser leur r\u00e9ussite postsecondaire. Dans le cadre d\u2019ateliers pr\u00e9c\u00e9dents, nous avons notamment abord\u00e9 la r\u00e9daction de CV, la pr\u00e9paration aux entrevues d&#8217;embauche et le travail dans le domaine intense de la vente au d\u00e9tail. <\/p>\n\n<p>Katimavik et HAYS ont particip\u00e9 \u00e0 nos \u00e9v\u00e9nements inauguraux et nous sommes constamment \u00e0 la recherche d\u2019entreprises ou d\u2019industries qui souhaiteraient se faire conna\u00eetre aupr\u00e8s de nos jeunes. <\/p>\n\n<p>Vous \u00eates un jeune de 14 \u00e0 24 ans int\u00e9ress\u00e9 au programme? Un organisme jeunesse qui conna\u00eet des jeunes qui y seraient admissibles? Une entreprise ou un professionnel qui souhaiterait accueillir un atelier <strong>Grandes possibilit\u00e9s<\/strong>? Veuillez communiquer avec Brianna Dusome \u00e0 <a href=\"mailto:brianna.dusome@bigbrothersbigsisters.ca\">brianna.dusome@bigbrothersbigsisters.ca<\/a> pour obtenir plus de d\u00e9tails. <\/p>\n\n<h2 class=\"wp-block-heading has-text-align-center\">Rendu possible gr\u00e2ce au soutien de : <\/h2>\n\n<figure class=\"wp-block-gallery alignwide has-nested-images columns-0 wp-block-gallery-1 is-layout-flex wp-block-gallery-is-layout-flex\">\n<figure class=\"wp-block-image size-large\"><img loading=\"lazy\" decoding=\"async\" width=\"256\" height=\"256\" data-id=\"5975\" src=\"https:\/\/www.bbbso.ca\/wp-content\/uploads\/2021\/05\/logo-RBC-foundation.jpg\" alt=\"\" class=\"wp-image-5975\" srcset=\"https:\/\/www.bbbso.ca\/wp-content\/uploads\/2021\/05\/logo-RBC-foundation.jpg 256w, https:\/\/www.bbbso.ca\/wp-content\/uploads\/2021\/05\/logo-RBC-foundation-150x150.jpg 150w, https:\/\/www.bbbso.ca\/wp-content\/uploads\/2021\/05\/logo-RBC-foundation-100x100.jpg 100w\" sizes=\"(max-width: 256px) 100vw, 256px\" \/><\/figure>\n\n\n\n<figure class=\"wp-block-image size-large\"><img loading=\"lazy\" decoding=\"async\" width=\"256\" height=\"256\" data-id=\"5947\" src=\"https:\/\/www.bbbso.ca\/wp-content\/uploads\/2021\/05\/logo-OCG.jpg\" alt=\"Logo de la fondation communautaire d'Ottawa\" class=\"wp-image-5947\" srcset=\"https:\/\/www.bbbso.ca\/wp-content\/uploads\/2021\/05\/logo-OCG.jpg 256w, https:\/\/www.bbbso.ca\/wp-content\/uploads\/2021\/05\/logo-OCG-150x150.jpg 150w, https:\/\/www.bbbso.ca\/wp-content\/uploads\/2021\/05\/logo-OCG-100x100.jpg 100w\" sizes=\"(max-width: 256px) 100vw, 256px\" \/><\/figure>\n<\/figure>\n\n<p><\/p>\n","protected":false},"excerpt":{"rendered":"<p>Grandes possibilit\u00e9s est un programme pour les jeunes ax\u00e9 sur l\u2019exploration professionnelle et sur la pr\u00e9paration \u00e0 l\u2019emploi. Il offre aux jeunes qui y participent l\u2019occasion d&#8217;assister \u00e0 des ateliers et d\u2019explorer toute une panoplie de carri\u00e8res et de domaines auxquels ils n\u2019ont pas l\u2019habitude d\u2019\u00eatre expos\u00e9s. Dans le cadre de ces ateliers, des jeunes [&hellip;]<\/p>\n","protected":false},"author":1,"featured_media":9311,"parent":9943,"menu_order":3,"comment_status":"closed","ping_status":"closed","template":"","meta":{"_et_pb_use_builder":"off","_et_pb_old_content":"","_et_gb_content_width":"","_coblocks_attr":"","_coblocks_dimensions":"","_coblocks_responsive_height":"","_coblocks_accordion_ie_support":"","_monsterinsights_skip_tracking":false,"_monsterinsights_sitenote_active":false,"_monsterinsights_sitenote_note":"","_monsterinsights_sitenote_category":0,"footnotes":""},"class_list":["post-9736","page","type-page","status-publish","has-post-thumbnail","hentry"],"aioseo_notices":[],"_links":{"self":[{"href":"https:\/\/www.bbbso.ca\/fr\/wp-json\/wp\/v2\/pages\/9736","targetHints":{"allow":["GET"]}}],"collection":[{"href":"https:\/\/www.bbbso.ca\/fr\/wp-json\/wp\/v2\/pages"}],"about":[{"href":"https:\/\/www.bbbso.ca\/fr\/wp-json\/wp\/v2\/types\/page"}],"author":[{"embeddable":true,"href":"https:\/\/www.bbbso.ca\/fr\/wp-json\/wp\/v2\/users\/1"}],"replies":[{"embeddable":true,"href":"https:\/\/www.bbbso.ca\/fr\/wp-json\/wp\/v2\/comments?post=9736"}],"version-history":[{"count":1,"href":"https:\/\/www.bbbso.ca\/fr\/wp-json\/wp\/v2\/pages\/9736\/revisions"}],"predecessor-version":[{"id":9737,"href":"https:\/\/www.bbbso.ca\/fr\/wp-json\/wp\/v2\/pages\/9736\/revisions\/9737"}],"up":[{"embeddable":true,"href":"https:\/\/www.bbbso.ca\/fr\/wp-json\/wp\/v2\/pages\/9943"}],"wp:featuredmedia":[{"embeddable":true,"href":"https:\/\/www.bbbso.ca\/fr\/wp-json\/wp\/v2\/media\/9311"}],"wp:attachment":[{"href":"https:\/\/www.bbbso.ca\/fr\/wp-json\/wp\/v2\/media?parent=9736"}],"curies":[{"name":"wp","href":"https:\/\/api.w.org\/{rel}","templated":true}]}}