  {"id":9699,"date":"2021-06-15T14:32:07","date_gmt":"2021-06-15T18:32:07","guid":{"rendered":"https:\/\/www.bbbso.ca\/contribuez-aux-jumelages\/"},"modified":"2024-06-26T00:14:18","modified_gmt":"2024-06-26T04:14:18","slug":"contribuez-aux-jumelages","status":"publish","type":"page","link":"https:\/\/www.bbbso.ca\/fr\/comment-donner\/contribuez-aux-jumelages\/","title":{"rendered":"Contribuez aux jumelages"},"content":{"rendered":"\n<h2 class=\"wp-block-heading\" id=\"monthly-giving\">Don mensuel <\/h2>\n\n<p><strong>Contribuez aux jumelages d\u00e8s aujourd\u2019hui!<\/strong> Votre don mensuel aide GFGSO \u00e0 jumeler des mentors et des mentor\u00e9s, et soutient les jeunes de la r\u00e9gion d\u2019Ottawa en leur offrant des possibilit\u00e9s d\u2019\u00e9panouissement. Sachez qu\u2019il n\u2019y a pas de petit don, et que vous pouvez ajuster le montant ou l\u2019annuler \u00e0 tout moment. Faites une diff\u00e9rence dans la vie d\u2019un jeune \u2013 joignez-vous \u00e0 nous d\u00e8s maintenant!<\/p>\n\n<div class=\"wp-block-divi-layout\">[et_pb_section fb_built=&#8221;1&#8243; admin_label=&#8221;section&#8221; module_id=&#8221;donate_popup&#8221; module_class=&#8221;popup&#8221; _builder_version=&#8221;4.17.3&#8243; global_colors_info=&#8221;{}&#8221;][et_pb_row admin_label=&#8221;rang\u00e9e&#8221; _builder_version=&#8221;4.16&#8243; background_size=&#8221;initial&#8221; background_position=&#8221;top_left&#8221; background_repeat=&#8221;repeat&#8221; global_colors_info=&#8221;{}&#8221;][et_pb_column type=&#8221;4_4&#8243; _builder_version=&#8221;4.17.3&#8243; _module_preset=&#8221;default&#8221; global_colors_info=&#8221;{}&#8221;][et_pb_code _builder_version=&#8221;4.17.3&#8243; _module_preset=&#8221;default&#8221; global_colors_info=&#8221;{}&#8221;]<iframe loading=\"lazy\" src=\"https:\/\/www.canadahelps.org\/en\/dn\/w\/62200\/donation\" frameborder=\"0\" height=\"1024px\" width=\"968px\" allowfullscreen=\"\"><\/iframe>[\/et_pb_code][\/et_pb_column][\/et_pb_row][\/et_pb_section][et_pb_section fb_built=&#8221;1&#8243; _builder_version=&#8221;4.17.3&#8243; _module_preset=&#8221;default&#8221; global_colors_info=&#8221;{}&#8221;][et_pb_row _builder_version=&#8221;4.17.3&#8243; _module_preset=&#8221;default&#8221; global_colors_info=&#8221;{}&#8221;][et_pb_column type=&#8221;4_4&#8243; _builder_version=&#8221;4.17.3&#8243; _module_preset=&#8221;default&#8221; global_colors_info=&#8221;{}&#8221;][et_pb_button button_url=&#8221;#donate_popup&#8221; button_text=&#8221;Oui! Je veux contribuer aux jumelages!&#8221; _builder_version=&#8221;4.24.1&#8243; _module_preset=&#8221;default&#8221; button_bg_color=&#8221;gcid-77cb64ad-1f14-4783-8803-1d6a697c0aaf&#8221; hover_enabled=&#8221;0&#8243; global_colors_info=&#8221;{%22gcid-77cb64ad-1f14-4783-8803-1d6a697c0aaf%22:%91%22button_bg_color%22%93}&#8221; sticky_enabled=&#8221;0&#8243;][\/et_pb_button][\/et_pb_column][\/et_pb_row][\/et_pb_section]<\/div>\n\n<div class=\"wp-block-columns is-layout-flex wp-container-core-columns-is-layout-9d6595d7 wp-block-columns-is-layout-flex\">\n<div class=\"wp-block-column is-layout-flow wp-block-column-is-layout-flow\">\n<figure class=\"wp-block-image size-large\"><img loading=\"lazy\" decoding=\"async\" width=\"439\" height=\"447\" src=\"https:\/\/www.bbbso.ca\/wp-content\/uploads\/2021\/06\/month-25.jpg\" alt=\"\" class=\"wp-image-6300\" srcset=\"https:\/\/www.bbbso.ca\/wp-content\/uploads\/2021\/06\/month-25.jpg 439w, https:\/\/www.bbbso.ca\/wp-content\/uploads\/2021\/06\/month-25-295x300.jpg 295w\" sizes=\"(max-width: 439px) 100vw, 439px\" \/><\/figure>\n<\/div>\n\n\n\n<div class=\"wp-block-column is-layout-flow wp-block-column-is-layout-flow\">\n<figure class=\"wp-block-image size-large\"><img loading=\"lazy\" decoding=\"async\" width=\"439\" height=\"447\" src=\"https:\/\/www.bbbso.ca\/wp-content\/uploads\/2021\/06\/month-50.jpg\" alt=\"\" class=\"wp-image-6301\" srcset=\"https:\/\/www.bbbso.ca\/wp-content\/uploads\/2021\/06\/month-50.jpg 439w, https:\/\/www.bbbso.ca\/wp-content\/uploads\/2021\/06\/month-50-295x300.jpg 295w\" sizes=\"(max-width: 439px) 100vw, 439px\" \/><\/figure>\n\n\n\n<p><\/p>\n<\/div>\n\n\n\n<div class=\"wp-block-column is-layout-flow wp-block-column-is-layout-flow\">\n<figure class=\"wp-block-image size-large\"><img loading=\"lazy\" decoding=\"async\" width=\"439\" height=\"447\" src=\"https:\/\/www.bbbso.ca\/wp-content\/uploads\/2021\/06\/month-85.jpg\" alt=\"\" class=\"wp-image-6302\" srcset=\"https:\/\/www.bbbso.ca\/wp-content\/uploads\/2021\/06\/month-85.jpg 439w, https:\/\/www.bbbso.ca\/wp-content\/uploads\/2021\/06\/month-85-295x300.jpg 295w\" sizes=\"(max-width: 439px) 100vw, 439px\" \/><\/figure>\n<\/div>\n<\/div>\n\n<h2 class=\"wp-block-heading\"><strong>Pour en savoir plus, veuillez contacter :<\/strong><\/h2>\n\n<p><strong>Erin Helmer<\/strong><br\/><strong>T\u00e9l\u00e9phone :<\/strong> 613.247.4776, poste 319 <br\/><strong>Courriel : <\/strong> <a href=\"mailto:erin.helmer@bigbrothersbigsisters.ca\">erin.helmer@bigbrothersbigsisters.ca<\/a><\/p>\n","protected":false},"excerpt":{"rendered":"<p>Aidez GFGSO \u00e0 planifier son avenir en effectuant un don mensuel. Votre engagement continu soutiendra les jeunes de la r\u00e9gion qui sont confront\u00e9s \u00e0 l\u2019adversit\u00e9 en leur offrant une bou\u00e9e de sauvetage gr\u00e2ce \u00e0 la connexion de soutien d\u2019un mentor adulte de confiance.<\/p>\n","protected":false},"author":1,"featured_media":9420,"parent":10062,"menu_order":0,"comment_status":"closed","ping_status":"closed","template":"","meta":{"_et_pb_use_builder":"off","_et_pb_old_content":"","_et_gb_content_width":"","_coblocks_attr":"","_coblocks_dimensions":"","_coblocks_responsive_height":"","_coblocks_accordion_ie_support":"","_monsterinsights_skip_tracking":false,"_monsterinsights_sitenote_active":false,"_monsterinsights_sitenote_note":"","_monsterinsights_sitenote_category":0,"footnotes":""},"class_list":["post-9699","page","type-page","status-publish","has-post-thumbnail","hentry"],"aioseo_notices":[],"_links":{"self":[{"href":"https:\/\/www.bbbso.ca\/fr\/wp-json\/wp\/v2\/pages\/9699","targetHints":{"allow":["GET"]}}],"collection":[{"href":"https:\/\/www.bbbso.ca\/fr\/wp-json\/wp\/v2\/pages"}],"about":[{"href":"https:\/\/www.bbbso.ca\/fr\/wp-json\/wp\/v2\/types\/page"}],"author":[{"embeddable":true,"href":"https:\/\/www.bbbso.ca\/fr\/wp-json\/wp\/v2\/users\/1"}],"replies":[{"embeddable":true,"href":"https:\/\/www.bbbso.ca\/fr\/wp-json\/wp\/v2\/comments?post=9699"}],"version-history":[{"count":1,"href":"https:\/\/www.bbbso.ca\/fr\/wp-json\/wp\/v2\/pages\/9699\/revisions"}],"predecessor-version":[{"id":9700,"href":"https:\/\/www.bbbso.ca\/fr\/wp-json\/wp\/v2\/pages\/9699\/revisions\/9700"}],"up":[{"embeddable":true,"href":"https:\/\/www.bbbso.ca\/fr\/wp-json\/wp\/v2\/pages\/10062"}],"wp:featuredmedia":[{"embeddable":true,"href":"https:\/\/www.bbbso.ca\/fr\/wp-json\/wp\/v2\/media\/9420"}],"wp:attachment":[{"href":"https:\/\/www.bbbso.ca\/fr\/wp-json\/wp\/v2\/media?parent=9699"}],"curies":[{"name":"wp","href":"https:\/\/api.w.org\/{rel}","templated":true}]}}