  {"id":10062,"date":"2021-04-13T08:48:46","date_gmt":"2021-04-13T12:48:46","guid":{"rendered":"https:\/\/www.bbbso.ca\/comment-donner\/"},"modified":"2024-06-26T00:14:18","modified_gmt":"2024-06-26T04:14:18","slug":"comment-donner","status":"publish","type":"page","link":"https:\/\/www.bbbso.ca\/fr\/comment-donner\/","title":{"rendered":"Comment donner"},"content":{"rendered":"\n<div class=\"wp-block-divi-layout\">[et_pb_section fb_built=&#8221;1&#8243; _builder_version=&#8221;4.9.3&#8243; _module_preset=&#8221;default&#8221;][et_pb_row _builder_version=&#8221;4.9.7&#8243; _module_preset=&#8221;default&#8221; custom_padding=&#8221;0px||||false|false&#8221;][et_pb_column type=&#8221;4_4&#8243; _builder_version=&#8221;4.9.3&#8243; _module_preset=&#8221;default&#8221;][et_pb_cta button_url=&#8221;https:\/\/www.canadahelps.org\/en\/dn\/62200&#8243; url_new_window=&#8221;on&#8221; button_text=&#8221;Donner maintenant!&#8221; admin_label=&#8221;Donner maintenant!&#8221; _builder_version=&#8221;4.9.7&#8243; _module_preset=&#8221;default&#8221; header_text_color=&#8221;#FFFFFF&#8221; header_font_size=&#8221;36px&#8221; body_font=&#8221;||on||||||&#8221; background_color=&#8221;gcid-77cb64ad-1f14-4783-8803-1d6a697c0aaf&#8221; background_image=&#8221;https:\/\/www.bbbso.ca\/wp-content\/uploads\/2021\/04\/header-9.jpg&#8221; background_blend=&#8221;multiply&#8221; custom_button=&#8221;on&#8221; button_text_size=&#8221;28px&#8221; button_text_color=&#8221;#FFFFFF&#8221; button_bg_color=&#8221;gcid-6d7c1959-c7df-404c-83e0-3c492530f9fd&#8221; button_border_width=&#8221;0px&#8221; button_font=&#8221;|700|||||||&#8221; button_use_icon=&#8221;off&#8221; box_shadow_style_button=&#8221;preset1&#8243; global_colors_info=&#8221;{%22gcid-77cb64ad-1f14-4783-8803-1d6a697c0aaf%22:%91%22background_color%22%93,%22gcid-6d7c1959-c7df-404c-83e0-3c492530f9fd%22:%91%22button_bg_color%22%93}&#8221; button_bg_color__hover_enabled=&#8221;on|hover&#8221; button_bg_color__hover=&#8221;#FFB81C&#8221; button_bg_enable_color__hover=&#8221;on&#8221;]<p>Num\u00e9ro d&#8217;enregistrement de l&#8217;organisme de bienfaisance : 10679 4431 RR0001<\/p>[\/et_pb_cta][\/et_pb_column][\/et_pb_row][et_pb_row _builder_version=&#8221;4.9.7&#8243; _module_preset=&#8221;default&#8221; custom_padding=&#8221;0px||||false|false&#8221;][et_pb_column type=&#8221;4_4&#8243; _builder_version=&#8221;4.9.3&#8243; _module_preset=&#8221;default&#8221;][et_pb_cta title=&#8221;Don mensuel&#8221; button_url=&#8221;@ET-DC@eyJkeW5hbWljIjp0cnVlLCJjb250ZW50IjoicG9zdF9saW5rX3VybF9wYWdlIiwic2V0dGluZ3MiOnsicG9zdF9pZCI6IjYyOTkiLCJlbmFibGVfaHRtbCI6Im9mZiJ9fQ==@&#8221; button_text=&#8221;Inscrivez-vous&#8221; admin_label=&#8221;Don mensuel&#8221; _builder_version=&#8221;4.9.7&#8243; _dynamic_attributes=&#8221;button_url&#8221; _module_preset=&#8221;default&#8221; header_text_color=&#8221;#FFFFFF&#8221; header_font_size=&#8221;36px&#8221; body_font=&#8221;||||||||&#8221; background_color=&#8221;gcid-77cb64ad-1f14-4783-8803-1d6a697c0aaf&#8221; background_image=&#8221;https:\/\/www.bbbso.ca\/wp-content\/uploads\/2021\/03\/BBBSA_2019_boy_eyes_012_Kaeden-6.jpg&#8221; background_blend=&#8221;multiply&#8221; custom_button=&#8221;on&#8221; button_text_size=&#8221;18px&#8221; button_text_color=&#8221;#FFFFFF&#8221; button_bg_color=&#8221;gcid-6d7c1959-c7df-404c-83e0-3c492530f9fd&#8221; button_border_width=&#8221;0px&#8221; button_font=&#8221;|700|||||||&#8221; button_use_icon=&#8221;off&#8221; custom_margin=&#8221;||||false|false&#8221; box_shadow_style_button=&#8221;preset1&#8243; global_colors_info=&#8221;{%22gcid-77cb64ad-1f14-4783-8803-1d6a697c0aaf%22:%91%22background_color%22%93,%22gcid-6d7c1959-c7df-404c-83e0-3c492530f9fd%22:%91%22button_bg_color%22%93}&#8221; button_bg_color__hover_enabled=&#8221;on|hover&#8221; button_bg_color__hover=&#8221;#FFB81C&#8221; button_bg_enable_color__hover=&#8221;on&#8221;]<p>Contribuez aux jumelages<\/p>[\/et_pb_cta][\/et_pb_column][\/et_pb_row][et_pb_row use_custom_gutter=&#8221;on&#8221; gutter_width=&#8221;1&#8243; make_equal=&#8221;on&#8221; _builder_version=&#8221;4.9.7&#8243; _module_preset=&#8221;default&#8221; custom_padding=&#8221;0px||||false|false&#8221;][et_pb_column type=&#8221;4_4&#8243; _builder_version=&#8221;4.9.6&#8243; _module_preset=&#8221;default&#8221; background_color=&#8221;gcid-e09f2d4b-becd-41da-a355-ef5cb1170557&#8243; background_enable_color=&#8221;off&#8221; use_background_color_gradient=&#8221;on&#8221; background_color_gradient_start=&#8221;#263457&#8243; background_color_gradient_end=&#8221;#ffffff&#8221; background_color_gradient_direction=&#8221;90deg&#8221; background_color_gradient_start_position=&#8221;50%&#8221; background_color_gradient_end_position=&#8221;70%&#8221; background_color_gradient_overlays_image=&#8221;on&#8221; background_image=&#8221;https:\/\/www.bbbso.ca\/wp-content\/uploads\/2021\/04\/slide-1.jpg&#8221; background_blend=&#8221;multiply&#8221; custom_padding=&#8221;5%|45%|5%|5%|true|false&#8221; global_colors_info=&#8221;{%22gcid-77cb64ad-1f14-4783-8803-1d6a697c0aaf%22:%91%93,%22gcid-e09f2d4b-becd-41da-a355-ef5cb1170557%22:%91%22background_color%22%93,%22gcid-dafb3971-3cc8-4b1a-bd31-e0ac4f38582e%22:%91%22colorStart%22%93}&#8221; colorStart=&#8221;gcid-dafb3971-3cc8-4b1a-bd31-e0ac4f38582e&#8221;][et_pb_text _builder_version=&#8221;4.9.7&#8243; _module_preset=&#8221;default&#8221; text_font=&#8221;Montserrat|700|||||||&#8221; text_text_color=&#8221;#FFFFFF&#8221; text_font_size=&#8221;44px&#8221; text_line_height=&#8221;1em&#8221; hover_enabled=&#8221;0&#8243; text_text_shadow_style=&#8221;preset3&#8243; global_colors_info=&#8221;{%22gcid-dafb3971-3cc8-4b1a-bd31-e0ac4f38582e%22:%91%93}&#8221; text_font_size_last_edited=&#8221;on|phone&#8221; text_font_size_phone=&#8221;32px&#8221; sticky_enabled=&#8221;0&#8243;]<p>Clothes For Kids&#8217; Sake<\/p>[\/et_pb_text][et_pb_text _builder_version=&#8221;4.9.3&#8243; _module_preset=&#8221;default&#8221; text_text_color=&#8221;#FFFFFF&#8221; min_height=&#8221;58px&#8221; custom_margin=&#8221;10px||||false|false&#8221;]AIDEZ-NOUS \u00c0 AMASSER 300 000 LIVRES DE V\u00caTEMENTS![\/et_pb_text][et_pb_button button_url=&#8221;@ET-DC@eyJkeW5hbWljIjp0cnVlLCJjb250ZW50IjoicG9zdF9saW5rX3VybF9wYWdlIiwic2V0dGluZ3MiOnsicG9zdF9pZCI6IjYwMzYiLCJlbmFibGVfaHRtbCI6Im9mZiJ9fQ==@&#8221; button_text=&#8221;TROUVER UN BAC&#8221; button_alignment=&#8221;left&#8221; _builder_version=&#8221;4.9.6&#8243; _dynamic_attributes=&#8221;button_url&#8221; _module_preset=&#8221;default&#8221; global_colors_info=&#8221;{}&#8221; button_text_color__hover=&#8221;#54585a&#8221; button_text_color__hover_enabled=&#8221;on|hover&#8221; button_bg_color__hover=&#8221;#e5e5e5&#8243; button_bg_color__hover_enabled=&#8221;on|hover&#8221;][\/et_pb_button][\/et_pb_column][\/et_pb_row][et_pb_row use_custom_gutter=&#8221;on&#8221; gutter_width=&#8221;1&#8243; make_equal=&#8221;on&#8221; _builder_version=&#8221;4.9.7&#8243; _module_preset=&#8221;default&#8221; custom_padding=&#8221;0px||||false|false&#8221;][et_pb_column type=&#8221;4_4&#8243; _builder_version=&#8221;4.9.3&#8243; _module_preset=&#8221;default&#8221; background_color=&#8221;gcid-dafb3971-3cc8-4b1a-bd31-e0ac4f38582e&#8221; background_image=&#8221;https:\/\/www.bbbso.ca\/wp-content\/uploads\/2021\/04\/leave-a-legacy.jpg&#8221; custom_padding=&#8221;3%|5%|3%|5%|true|true&#8221; global_colors_info=&#8221;{%22gcid-dafb3971-3cc8-4b1a-bd31-e0ac4f38582e%22:%91%22background_color%22%93}&#8221;][et_pb_text _builder_version=&#8221;4.9.6&#8243; _module_preset=&#8221;default&#8221; text_font=&#8221;|||on|||||&#8221; text_text_color=&#8221;#FFFFFF&#8221; text_font_size=&#8221;28px&#8221; text_line_height=&#8221;1.2em&#8221; text_orientation=&#8221;right&#8221; background_layout=&#8221;dark&#8221; custom_padding=&#8221;5%|5%|5%|5%|true|true&#8221; text_text_shadow_style=&#8221;preset3&#8243;]<p>Effectuer un don testamentaire<\/p>[\/et_pb_text][et_pb_text _builder_version=&#8221;4.9.3&#8243; _module_preset=&#8221;default&#8221; text_text_color=&#8221;#FFFFFF&#8221; text_orientation=&#8221;right&#8221; custom_margin=&#8221;10px||11px||false|false&#8221;]<p><span>Pr\u00e9parez demain et aidez-nous \u00e0 poursuivre notre chemin vers l\u2019atteinte de notre objectif.<\/span><\/p>[\/et_pb_text][et_pb_button button_url=&#8221;@ET-DC@eyJkeW5hbWljIjp0cnVlLCJjb250ZW50IjoicG9zdF9saW5rX3VybF9wYWdlIiwic2V0dGluZ3MiOnsicG9zdF9pZCI6IjYyNDIiLCJlbmFibGVfaHRtbCI6Im9mZiJ9fQ==@&#8221; button_text=&#8221;En savoir plus&#8221; _builder_version=&#8221;4.9.6&#8243; _dynamic_attributes=&#8221;button_url&#8221; _module_preset=&#8221;default&#8221; global_colors_info=&#8221;{}&#8221; button_text_color__hover=&#8221;#54585a&#8221; button_text_color__hover_enabled=&#8221;on|hover&#8221; button_bg_color__hover=&#8221;#e5e5e5&#8243; button_bg_color__hover_enabled=&#8221;on|hover&#8221;][\/et_pb_button][\/et_pb_column][\/et_pb_row][et_pb_row use_custom_gutter=&#8221;on&#8221; gutter_width=&#8221;1&#8243; make_equal=&#8221;on&#8221; _builder_version=&#8221;4.9.7&#8243; _module_preset=&#8221;default&#8221; background_color=&#8221;gcid-e09f2d4b-becd-41da-a355-ef5cb1170557&#8243; background_image=&#8221;https:\/\/www.bbbso.ca\/wp-content\/uploads\/2021\/04\/charity-27.jpg&#8221; background_blend=&#8221;overlay&#8221; locked=&#8221;off&#8221; global_colors_info=&#8221;{%22gcid-77cb64ad-1f14-4783-8803-1d6a697c0aaf%22:%91%93,%22gcid-e09f2d4b-becd-41da-a355-ef5cb1170557%22:%91%22background_color%22%93,%22gcid-dafb3971-3cc8-4b1a-bd31-e0ac4f38582e%22:%91%93}&#8221;][et_pb_column type=&#8221;4_4&#8243; _builder_version=&#8221;4.9.6&#8243; _module_preset=&#8221;default&#8221; background_color=&#8221;RGBA(0,0,0,0)&#8221; background_enable_image=&#8221;off&#8221; custom_css_main_element=&#8221;margin:auto;&#8221; global_colors_info=&#8221;{%22gcid-77cb64ad-1f14-4783-8803-1d6a697c0aaf%22:%91%93,%22gcid-e09f2d4b-becd-41da-a355-ef5cb1170557%22:%91%93}&#8221;][et_pb_text _builder_version=&#8221;4.9.7&#8243; _module_preset=&#8221;default&#8221; text_font=&#8221;Montserrat|700|||||||&#8221; text_text_color=&#8221;#FFFFFF&#8221; text_font_size=&#8221;44px&#8221; text_line_height=&#8221;1em&#8221; text_orientation=&#8221;center&#8221; custom_padding=&#8221;||12px|||&#8221; hover_enabled=&#8221;0&#8243; text_text_shadow_style=&#8221;preset3&#8243; global_colors_info=&#8221;{%22gcid-dafb3971-3cc8-4b1a-bd31-e0ac4f38582e%22:%91%93}&#8221; text_font_size_last_edited=&#8221;on|phone&#8221; text_font_size_phone=&#8221;32px&#8221; sticky_enabled=&#8221;0&#8243;]<p>Don d&#8217;actions et de titres<\/p>[\/et_pb_text][et_pb_button button_url=&#8221;@ET-DC@eyJkeW5hbWljIjp0cnVlLCJjb250ZW50IjoicG9zdF9saW5rX3VybF9wYWdlIiwic2V0dGluZ3MiOnsicG9zdF9pZCI6IjYxODkiLCJlbmFibGVfaHRtbCI6Im9mZiJ9fQ==@&#8221; button_text=&#8221;Obtenir plus d&#039;informations&#8221; _builder_version=&#8221;4.9.6&#8243; _dynamic_attributes=&#8221;button_url&#8221; _module_preset=&#8221;default&#8221;][\/et_pb_button][\/et_pb_column][\/et_pb_row][et_pb_row _builder_version=&#8221;4.9.7&#8243; _module_preset=&#8221;default&#8221; custom_padding=&#8221;||||false|false&#8221;][et_pb_column type=&#8221;4_4&#8243; _builder_version=&#8221;4.9.4&#8243; _module_preset=&#8221;default&#8221;][et_pb_cta title=&#8221;Programme de paniers des F\u00eates&#8221; button_url=&#8221;@ET-DC@eyJkeW5hbWljIjp0cnVlLCJjb250ZW50IjoicG9zdF9saW5rX3VybF9wYWdlIiwic2V0dGluZ3MiOnsicG9zdF9pZCI6IjU2NzgiLCJlbmFibGVfaHRtbCI6Im9mZiJ9fQ==@&#8221; button_text=&#8221;Inscrivez-vous d\u00e8s aujourd&#039;hui&#8221; _builder_version=&#8221;4.9.7&#8243; _dynamic_attributes=&#8221;button_url&#8221; _module_preset=&#8221;default&#8221; header_text_color=&#8221;gcid-77cb64ad-1f14-4783-8803-1d6a697c0aaf&#8221; body_text_color=&#8221;#000000&#8243; background_image=&#8221;https:\/\/www.bbbso.ca\/wp-content\/uploads\/2021\/05\/holiday-hamper-program.jpg&#8221; custom_button=&#8221;on&#8221; button_text_size=&#8221;16px&#8221; button_text_color=&#8221;#FFFFFF&#8221; button_bg_color=&#8221;gcid-6d7c1959-c7df-404c-83e0-3c492530f9fd&#8221; button_border_width=&#8221;0px&#8221; button_border_radius=&#8221;0px&#8221; button_font=&#8221;|||on|||||&#8221; button_use_icon=&#8221;off&#8221; width=&#8221;100%&#8221; max_width=&#8221;100%&#8221; custom_padding=&#8221;|||25%|false|false&#8221; hover_enabled=&#8221;0&#8243; global_colors_info=&#8221;{%22gcid-6d7c1959-c7df-404c-83e0-3c492530f9fd%22:%91%22button_bg_color%22%93,%22gcid-e09f2d4b-becd-41da-a355-ef5cb1170557%22:%91%22button_bg_color__hover%22%93,%22gcid-dafb3971-3cc8-4b1a-bd31-e0ac4f38582e%22:%91%93,%22gcid-77cb64ad-1f14-4783-8803-1d6a697c0aaf%22:%91%22header_text_color%22%93}&#8221; button_bg_color__hover_enabled=&#8221;on|desktop&#8221; button_bg_color__hover=&#8221;gcid-e09f2d4b-becd-41da-a355-ef5cb1170557&#8243; button_bg_enable_color__hover=&#8221;on&#8221; button_text_color__hover_enabled=&#8221;on|hover&#8221; button_text_color__hover=&#8221;#636863&#8243; background_last_edited=&#8221;on|phone&#8221; background_position_phone=&#8221;center&#8221; background_size_phone=&#8221;cover&#8221; sticky_enabled=&#8221;0&#8243;]<p>\u00ab Il y a tant de merveilleuses personnes dans ce monde. Lorsque mon fils est rentr\u00e9 \u00e0 la maison, son visage s&#8217;est illumin\u00e9 et il m&#8217;a dit \u00ab maman, regarde! \u00bb Son visage rayonnait. Alors, il s\u2019est pris un peu de cr\u00e8me glac\u00e9e. No\u00ebl sera m\u00e9morable, c\u2019est certain.Merci \u00e0 tous ceux qui ont donn\u00e9 et aux personnes qui sont venues nous le porter \u00e0 la maison. \u00bb<\/p>\n<p>&#8211; Un membre de la famille de GFGSO<\/p>[\/et_pb_cta][\/et_pb_column][\/et_pb_row][et_pb_row use_custom_gutter=&#8221;on&#8221; gutter_width=&#8221;1&#8243; make_equal=&#8221;on&#8221; _builder_version=&#8221;4.9.4&#8243; _module_preset=&#8221;default&#8221; background_color=&#8221;gcid-e09f2d4b-becd-41da-a355-ef5cb1170557&#8243; custom_margin=&#8221;0px|auto||auto|false|false&#8221; custom_padding=&#8221;||||false|false&#8221; locked=&#8221;off&#8221; global_colors_info=&#8221;{%22gcid-77cb64ad-1f14-4783-8803-1d6a697c0aaf%22:%91%93,%22gcid-e09f2d4b-becd-41da-a355-ef5cb1170557%22:%91%22background_color%22%93}&#8221;][et_pb_column type=&#8221;4_4&#8243; _builder_version=&#8221;4.9.4&#8243; _module_preset=&#8221;default&#8221; background_color=&#8221;RGBA(0,0,0,0)&#8221; custom_css_main_element=&#8221;margin:auto;&#8221; global_colors_info=&#8221;{%22gcid-77cb64ad-1f14-4783-8803-1d6a697c0aaf%22:%91%93,%22gcid-e09f2d4b-becd-41da-a355-ef5cb1170557%22:%91%93}&#8221;][et_pb_text _builder_version=&#8221;4.9.7&#8243; _module_preset=&#8221;default&#8221; text_font=&#8221;Montserrat|700|||||||&#8221; text_text_color=&#8221;#FFFFFF&#8221; text_font_size=&#8221;44px&#8221; text_line_height=&#8221;1em&#8221; text_orientation=&#8221;center&#8221; custom_padding=&#8221;||12px|||&#8221; hover_enabled=&#8221;0&#8243; text_text_shadow_style=&#8221;preset3&#8243; global_colors_info=&#8221;{%22gcid-dafb3971-3cc8-4b1a-bd31-e0ac4f38582e%22:%91%93}&#8221; text_font_size_last_edited=&#8221;on|phone&#8221; text_font_size_phone=&#8221;32px&#8221; sticky_enabled=&#8221;0&#8243;]<p>D&#8217;autres fa\u00e7ons de donner<\/p>[\/et_pb_text][et_pb_button button_text=&#8221;En savoir plus&#8221; _builder_version=&#8221;4.9.7&#8243; _module_preset=&#8221;default&#8221; hover_enabled=&#8221;0&#8243; button_url=&#8221;@ET-DC@eyJkeW5hbWljIjp0cnVlLCJjb250ZW50IjoicG9zdF9saW5rX3VybF9wYWdlIiwic2V0dGluZ3MiOnsicG9zdF9pZCI6IjY1MDgiLCJlbmFibGVfaHRtbCI6Im9mZiJ9fQ==@&#8221; _dynamic_attributes=&#8221;button_url&#8221; sticky_enabled=&#8221;0&#8243;][\/et_pb_button][\/et_pb_column][\/et_pb_row][\/et_pb_section]<\/div>\n","protected":false},"excerpt":{"rendered":"","protected":false},"author":1,"featured_media":0,"parent":0,"menu_order":0,"comment_status":"closed","ping_status":"closed","template":"","meta":{"_et_pb_use_builder":"off","_et_pb_old_content":"","_et_gb_content_width":"","_coblocks_attr":"","_coblocks_dimensions":"","_coblocks_responsive_height":"","_coblocks_accordion_ie_support":"","_monsterinsights_skip_tracking":false,"_monsterinsights_sitenote_active":false,"_monsterinsights_sitenote_note":"","_monsterinsights_sitenote_category":0,"footnotes":""},"class_list":["post-10062","page","type-page","status-publish","hentry"],"aioseo_notices":[],"_links":{"self":[{"href":"https:\/\/www.bbbso.ca\/fr\/wp-json\/wp\/v2\/pages\/10062","targetHints":{"allow":["GET"]}}],"collection":[{"href":"https:\/\/www.bbbso.ca\/fr\/wp-json\/wp\/v2\/pages"}],"about":[{"href":"https:\/\/www.bbbso.ca\/fr\/wp-json\/wp\/v2\/types\/page"}],"author":[{"embeddable":true,"href":"https:\/\/www.bbbso.ca\/fr\/wp-json\/wp\/v2\/users\/1"}],"replies":[{"embeddable":true,"href":"https:\/\/www.bbbso.ca\/fr\/wp-json\/wp\/v2\/comments?post=10062"}],"version-history":[{"count":1,"href":"https:\/\/www.bbbso.ca\/fr\/wp-json\/wp\/v2\/pages\/10062\/revisions"}],"predecessor-version":[{"id":10063,"href":"https:\/\/www.bbbso.ca\/fr\/wp-json\/wp\/v2\/pages\/10062\/revisions\/10063"}],"wp:attachment":[{"href":"https:\/\/www.bbbso.ca\/fr\/wp-json\/wp\/v2\/media?parent=10062"}],"curies":[{"name":"wp","href":"https:\/\/api.w.org\/{rel}","templated":true}]}}