  {"id":10031,"date":"2023-03-03T10:16:08","date_gmt":"2023-03-03T15:16:08","guid":{"rendered":"https:\/\/www.bbbso.ca\/evenements\/bouger-pour-le-mentorat\/la-fin-de-semaine-des-courses-tamarack-dottawa\/"},"modified":"2024-06-25T23:57:03","modified_gmt":"2024-06-26T03:57:03","slug":"la-fin-de-semaine-des-courses-tamarack-dottawa","status":"publish","type":"page","link":"https:\/\/www.bbbso.ca\/fr\/evenements\/la-fin-de-semaine-des-courses-tamarack-dottawa\/","title":{"rendered":"La fin de semaine des courses Tamarack d\u2019Ottawa"},"content":{"rendered":"\n<h2 class=\"wp-block-heading\">25 et 26 mai 2024<\/h2>\n\n<p><strong>42,2 km \/\/ 21,1 km \/\/ 10 km \/\/ 5 km \/\/ 2 km \/\/ MARATHON DES ENFANTS \/\/ 3 D\u00c9FIS<br\/>EN PERSONNE \/\/ VIRTUEL \/\/ MAILLOT VERT<\/strong><\/p>\n\n<p>Participez au meilleur week-end de marathon au Canada.<\/p>\n\n<p>Pr\u00eat \u00e0 courir pour une cause en laquelle vous croyez? Voil\u00e0 une excellente occasion de redonner \u00e0 votre communaut\u00e9 dans le cadre d\u2019un \u00e9v\u00e9nement amusant, accessible et valorisant. <\/p>\n\n<p><strong>Inscrivez-vous d\u00e8s aujourd&#8217;hui et faites de GFGSO votre organisme de bienfaisance de choix :<\/strong><\/p>\n\n<p><a href=\"https:\/\/raceroster.com\/events\/2024\/76026\/tamarack-ottawa-race-weekend-2024\/fundraising-organization\/46158?aff=U4AYPp2p2\" target=\"_blank\" rel=\"noopener\" title=\"\">https:\/\/raceroster.com\/events\/2024\/76026\/tamarack-ottawa-race-weekend-2024\/fundraising-organization\/46158?aff=U4AYPp2p2<\/a><\/p>\n","protected":false},"excerpt":{"rendered":"<p>25 et 26 mai 2024 42,2 km \/\/ 21,1 km \/\/ 10 km \/\/ 5 km \/\/ 2 km \/\/ MARATHON DES ENFANTS \/\/ 3 D\u00c9FISEN PERSONNE \/\/ VIRTUEL \/\/ MAILLOT VERT Participez au meilleur week-end de marathon au Canada. Pr\u00eat \u00e0 courir pour une cause en laquelle vous croyez? Voil\u00e0 une excellente occasion de [&hellip;]<\/p>\n","protected":false},"author":1,"featured_media":10696,"parent":9943,"menu_order":0,"comment_status":"closed","ping_status":"closed","template":"","meta":{"_et_pb_use_builder":"off","_et_pb_old_content":"","_et_gb_content_width":"","_coblocks_attr":"","_coblocks_dimensions":"","_coblocks_responsive_height":"","_coblocks_accordion_ie_support":"","_monsterinsights_skip_tracking":false,"_monsterinsights_sitenote_active":false,"_monsterinsights_sitenote_note":"","_monsterinsights_sitenote_category":0,"footnotes":""},"class_list":["post-10031","page","type-page","status-publish","has-post-thumbnail","hentry"],"aioseo_notices":[],"_links":{"self":[{"href":"https:\/\/www.bbbso.ca\/fr\/wp-json\/wp\/v2\/pages\/10031","targetHints":{"allow":["GET"]}}],"collection":[{"href":"https:\/\/www.bbbso.ca\/fr\/wp-json\/wp\/v2\/pages"}],"about":[{"href":"https:\/\/www.bbbso.ca\/fr\/wp-json\/wp\/v2\/types\/page"}],"author":[{"embeddable":true,"href":"https:\/\/www.bbbso.ca\/fr\/wp-json\/wp\/v2\/users\/1"}],"replies":[{"embeddable":true,"href":"https:\/\/www.bbbso.ca\/fr\/wp-json\/wp\/v2\/comments?post=10031"}],"version-history":[{"count":1,"href":"https:\/\/www.bbbso.ca\/fr\/wp-json\/wp\/v2\/pages\/10031\/revisions"}],"predecessor-version":[{"id":10032,"href":"https:\/\/www.bbbso.ca\/fr\/wp-json\/wp\/v2\/pages\/10031\/revisions\/10032"}],"up":[{"embeddable":true,"href":"https:\/\/www.bbbso.ca\/fr\/wp-json\/wp\/v2\/pages\/9943"}],"wp:featuredmedia":[{"embeddable":true,"href":"https:\/\/www.bbbso.ca\/fr\/wp-json\/wp\/v2\/media\/10696"}],"wp:attachment":[{"href":"https:\/\/www.bbbso.ca\/fr\/wp-json\/wp\/v2\/media?parent=10031"}],"curies":[{"name":"wp","href":"https:\/\/api.w.org\/{rel}","templated":true}]}}