  {"id":10020,"date":"2023-05-12T14:24:48","date_gmt":"2023-05-12T18:24:48","guid":{"rendered":"https:\/\/www.bbbso.ca\/impliquez-vous\/recommander-un-mentore\/"},"modified":"2025-01-06T15:36:30","modified_gmt":"2025-01-06T20:36:30","slug":"recommander-un-mentore","status":"publish","type":"page","link":"https:\/\/www.bbbso.ca\/fr\/impliquez-vous\/recommander-un-mentore\/","title":{"rendered":"Recommander un mentor\u00e9"},"content":{"rendered":"\n<p><strong><strong>Pour les r\u00e9f\u00e9rences communautaires : Si vous \u00eates une agence communautaire\/jeunesse ou une \u00e9cole et que vous souhaitez en savoir plus sur les programmes ou avoir une r\u00e9f\u00e9rence, veuillez vous connecter avec la coordonnatrice des inscriptions, Julie Darvis, au (613) 247-4776 ext. 320 ou <a href=\"mailto:julie.darcis@bigbrothersbigsisters.ca\" title=\"\">julie.darcis@bigbrothersbigsisters.ca<\/a><\/strong><\/strong><\/p>\n\n<p>____________________________________________________________________________________<\/p>\n\n<div class=\"wp-block-group is-content-justification-left is-layout-constrained wp-container-core-group-is-layout-10dcd03b wp-block-group-is-layout-constrained\">\n<h3 class=\"wp-block-heading\"><strong><strong>Programme Grands Fr\u00e8res Grandes Soeurs (pour les jeunes de 6 \u00e0 14 ans)<\/strong><\/strong><\/h3>\n\n\n\n<p>L\u2019objectif du formulaire de demande ou de l\u2019appel t\u00e9l\u00e9phonique est de conna\u00eetre les motivations d\u2019un jeune qui souhaite avoir un Grand Fr\u00e8re ou une Grande Soeur dans sa vie et d\u2019\u00e9valuer son ad\u00e9quation au programme. <\/p>\n\n\n\n<div style=\"height:20px\" aria-hidden=\"true\" class=\"wp-block-spacer\"><\/div>\n<\/div>\n\n<div class=\"wp-block-buttons is-layout-flex wp-block-buttons-is-layout-flex\">\n<div class=\"wp-block-button has-custom-width wp-block-button__width-75\"><a class=\"wp-block-button__link has-black-color has-text-color has-background wp-element-button\" href=\"https:\/\/www.bbbso.ca\/fr\/impliquez-vous\/recommander-un-e-petit-e\/programme-grands-freres-grandes-soeurs\/\" style=\"background-color:#ffb81c\">Plus d\u2019informations sur le <strong><strong>programme Grands Fr\u00e8res Grandes Soeurs<\/strong><\/strong><\/a><\/div>\n<\/div>\n\n<div style=\"height:60px\" aria-hidden=\"true\" class=\"wp-block-spacer\"><\/div>\n\n<div class=\"wp-block-group is-content-justification-left is-layout-constrained wp-container-core-group-is-layout-10dcd03b wp-block-group-is-layout-constrained\">\n<h3 class=\"wp-block-heading\"><strong>Programme MPOWER (pour les jeunes de 15 \u00e0 24 ans)<\/strong><\/h3>\n\n\n\n<p>Pour toutes les demandes de renseignements au sujet du programme MPOWER, veuillez remplir le formulaire ci-dessous et un membre du personnel vous contactera dans les 2 \u00e0 3 jours ouvrables.<\/p>\n<\/div>\n\n<div style=\"height:20px\" aria-hidden=\"true\" class=\"wp-block-spacer\"><\/div>\n\n<div class=\"wp-block-buttons is-layout-flex wp-block-buttons-is-layout-flex\">\n<div class=\"wp-block-button has-custom-width wp-block-button__width-75\"><a class=\"wp-block-button__link has-black-color has-text-color has-background wp-element-button\" href=\"https:\/\/www.bbbso.ca\/fr\/impliquez-vous\/recommander-un-e-petit-e\/programme-mpower\/\" style=\"background-color:#ffb81c\">Plus d\u2019informations sur le <strong>programme<\/strong> <strong>MPOWER<\/strong><\/a><\/div>\n<\/div>\n\n<div style=\"height:60px\" aria-hidden=\"true\" class=\"wp-block-spacer\"><\/div>\n\n<div class=\"wp-block-group is-content-justification-left is-layout-constrained wp-container-core-group-is-layout-10dcd03b wp-block-group-is-layout-constrained\">\n<h3 class=\"wp-block-heading\"><strong>Programme PRISME<\/strong><\/h3>\n\n\n\n<p>Pour toutes les demandes de renseignements au sujet du programme MPOWER, veuillez remplir le formulaire ci-dessous et un membre du personnel vous contactera dans les 2 \u00e0 3 jours ouvrables.<\/p>\n<\/div>\n\n<div style=\"height:20px\" aria-hidden=\"true\" class=\"wp-block-spacer\"><\/div>\n\n<div class=\"wp-block-buttons is-layout-flex wp-block-buttons-is-layout-flex\">\n<div class=\"wp-block-button has-custom-width wp-block-button__width-75\"><a class=\"wp-block-button__link has-black-color has-text-color has-background wp-element-button\" href=\"https:\/\/www.bbbso.ca\/fr\/impliquez-vous\/recommander-un-e-petit-e\/programme-prisme\/\" style=\"background-color:#ffb81c\">Plus d\u2019informations sur le <strong>programme<\/strong> <strong>PRISME<\/strong><\/a><\/div>\n<\/div>\n\n<div style=\"height:60px\" aria-hidden=\"true\" class=\"wp-block-spacer\"><\/div>\n","protected":false},"excerpt":{"rendered":"<p>Pour les r\u00e9f\u00e9rences communautaires : Si vous \u00eates une agence communautaire\/jeunesse ou une \u00e9cole et que vous souhaitez en savoir plus sur les programmes ou avoir une r\u00e9f\u00e9rence, veuillez vous connecter avec la coordonnatrice des inscriptions, Julie Darvis, au (613) 247-4776 ext. 320 ou julie.darcis@bigbrothersbigsisters.ca ____________________________________________________________________________________ Programme Grands Fr\u00e8res Grandes Soeurs (pour les jeunes de [&hellip;]<\/p>\n","protected":false},"author":1,"featured_media":9044,"parent":9949,"menu_order":0,"comment_status":"closed","ping_status":"closed","template":"","meta":{"_et_pb_use_builder":"off","_et_pb_old_content":"","_et_gb_content_width":"","_coblocks_attr":"","_coblocks_dimensions":"","_coblocks_responsive_height":"","_coblocks_accordion_ie_support":"","_monsterinsights_skip_tracking":false,"_monsterinsights_sitenote_active":false,"_monsterinsights_sitenote_note":"","_monsterinsights_sitenote_category":0,"footnotes":""},"class_list":["post-10020","page","type-page","status-publish","has-post-thumbnail","hentry"],"aioseo_notices":[],"_links":{"self":[{"href":"https:\/\/www.bbbso.ca\/fr\/wp-json\/wp\/v2\/pages\/10020","targetHints":{"allow":["GET"]}}],"collection":[{"href":"https:\/\/www.bbbso.ca\/fr\/wp-json\/wp\/v2\/pages"}],"about":[{"href":"https:\/\/www.bbbso.ca\/fr\/wp-json\/wp\/v2\/types\/page"}],"author":[{"embeddable":true,"href":"https:\/\/www.bbbso.ca\/fr\/wp-json\/wp\/v2\/users\/1"}],"replies":[{"embeddable":true,"href":"https:\/\/www.bbbso.ca\/fr\/wp-json\/wp\/v2\/comments?post=10020"}],"version-history":[{"count":2,"href":"https:\/\/www.bbbso.ca\/fr\/wp-json\/wp\/v2\/pages\/10020\/revisions"}],"predecessor-version":[{"id":10441,"href":"https:\/\/www.bbbso.ca\/fr\/wp-json\/wp\/v2\/pages\/10020\/revisions\/10441"}],"up":[{"embeddable":true,"href":"https:\/\/www.bbbso.ca\/fr\/wp-json\/wp\/v2\/pages\/9949"}],"wp:featuredmedia":[{"embeddable":true,"href":"https:\/\/www.bbbso.ca\/fr\/wp-json\/wp\/v2\/media\/9044"}],"wp:attachment":[{"href":"https:\/\/www.bbbso.ca\/fr\/wp-json\/wp\/v2\/media?parent=10020"}],"curies":[{"name":"wp","href":"https:\/\/api.w.org\/{rel}","templated":true}]}}