  {"id":10018,"date":"2021-04-12T15:07:56","date_gmt":"2021-04-12T19:07:56","guid":{"rendered":"https:\/\/www.bbbso.ca\/impliquez-vous\/recommander-un-e-petit-e\/"},"modified":"2024-06-25T23:49:49","modified_gmt":"2024-06-26T03:49:49","slug":"recommander-un-e-petit-e","status":"publish","type":"page","link":"https:\/\/www.bbbso.ca\/fr\/impliquez-vous\/recommander-un-e-petit-e\/","title":{"rendered":"Recommander un.e Petit.e"},"content":{"rendered":"\n<p><strong>Pour les recommandations communautaires : Si vous faites partie d\u2019un organisme communautaire pour les jeunes ou du personnel d\u2019une \u00e9cole et que vous souhaitez en apprendre davantage sur les programmes ou que vous souhaitez nous recommander quelqu\u2019un, veuillez communiquer avec la coordonnatrice des inscriptions, Stephanie Chretien-Gaudreau, au (613) 247-4776 poste 324 ou \u00e0 <a href=\"mailto:stephaniec@bbbso.ca\">stephaniec@bbbso.ca. <\/a><\/strong><\/p>\n\n<p>____________________________________________________________________________________<\/p>\n\n<p><strong>POUR LES PARENTS ET LES TUTEURS<\/strong><\/p>\n\n<p>Veuillez lire les \u00e9tapes indiqu\u00e9es ci-dessous et remplir le formulaire de demande en ligne <a href=\"https:\/\/www.bbbso.ca\/fr\/impliquez-vous\/recommander-un-e-petit-e\/#inquiry\">ici. <\/a><br\/>Les personnes qui n&#8217;ont pas acc\u00e8s \u00e0 Internet peuvent communiquer avec Stephanie Chretien-Gaudreau, coordonnatrice des inscriptions, par t\u00e9l\u00e9phone au (613) 247-4776, poste 324.<\/p>\n\n<p>L\u2019objectif du formulaire de demande ou de l\u2019appel t\u00e9l\u00e9phonique est de conna\u00eetre les motivations d\u2019un jeune qui souhaite avoir un Grand Fr\u00e8re ou une Grande Soeur dans sa vie et d\u2019\u00e9valuer son ad\u00e9quation au programme. Si les crit\u00e8res d&#8217;admissibilit\u00e9 sont remplis, le parent\/tuteur sera invit\u00e9 \u00e0 assister \u00e0 une s\u00e9ance d&#8217;information. Apr\u00e8s avoir rempli le formulaire, veuillez v\u00e9rifier votre dossier de pourriels et de courrier ind\u00e9sirable, ainsi que votre bo\u00eete de r\u00e9ception. Une invitation \u00e0 vous inscrire \u00e0 cette s\u00e9ance d\u2019information vous sera envoy\u00e9e par notre coordonnatrice des inscriptions, <strong>Stephanie Chretien-Gaudreau<\/strong> (<a href=\"mailto:stephaniec@bbbso.ca\">stephaniec@bbbso.ca<\/a>). L\u2019invitation vous sera transmise d\u2019ici 2 \u00e0 3 jours.<\/p>\n\n<p><strong>PROCESSUS D\u2019INSCRIPTION D\u2019UN.E PETIT.E :<\/strong><\/p>\n\n<p><strong>* Veuillez noter que ce processus concerne nos programmes communautaires Grands Fr\u00e8res et Grandes Soeurs destin\u00e9s aux jeunes de 6 \u00e0 14 ans.<\/strong><\/p>\n\n<ol class=\"wp-block-list\" type=\"1\">\n<li>Remplissez le formulaire de demande ci-dessous.<\/li>\n\n\n\n<li>Vous recevrez un lien 2 \u00e0 3 jours apr\u00e8s l\u2019envoi de votre demande pour vous inviter \u00e0 vous inscrire \u00e0 notre s\u00e9ance d&#8217;information virtuelle obligatoire destin\u00e9e aux parents<strong>.<\/strong><\/li>\n<\/ol>\n\n<p><strong>Veuillez surveiller votre dossier de pourriels ou de courrier ind\u00e9sirable. Lors de cette s\u00e9ance, les parents\/tuteurs se familiariseront avec Grands Fr\u00e8res Grandes Soeurs et seront inform\u00e9s du degr\u00e9 d\u2019implication requis de la part de toutes les parties concern\u00e9es. Actuellement, cette s\u00e9ance se tient virtuellement, sur la plateforme Microsoft Teams. Un parent ou un tuteur doit assister \u00e0 la s\u00e9ance. Une fois la <\/strong>s\u00e9ance termin\u00e9e, tous les participants recevront un formulaire de candidature<strong>.<\/strong><\/p>\n\n<ul class=\"wp-block-list\">\n<li>Ce formulaire devra \u00eatre rempli et retourn\u00e9 \u00e0 l\u2019adjoint au programme si vous estimez que le programme qui int\u00e9resse le jeune concern\u00e9 lui convient. Une fois la demande examin\u00e9e, notre coordonnatrice des inscriptions communiquera avec le parent\/tuteur pour planifier une entrevue\/\u00e9valuation familiale afin de s\u2019assurer que le programme convient aux besoins de tout le monde. L\u2019entrevue familiale comprend deux parties. La coordonnatrice des inscriptions rencontrera d\u2019abord les parents ou tuteurs individuellement, puis fera de m\u00eame avec l&#8217;enfant.<\/li>\n\n\n\n<li>Une fois l&#8217;entrevue familiale termin\u00e9e et les exigences du programme satisfaites, nous planifierons une rencontre avec les parents\/tuteurs et le jeune pour suivre la formation obligatoire portant sur la s\u00e9curit\u00e9 des enfants.<\/li>\n\n\n\n<li>Une fois toutes ces \u00e9tapes termin\u00e9es, le dossier sera \u00e9valu\u00e9 et la d\u00e9cision d&#8217;admettre ou non le jeune au programme qui l&#8217;int\u00e9resse.sera prise par l&#8217;organisme.<\/li>\n<\/ul>\n\n<p>Advenant un refus, les parents\/tuteurs seront avis\u00e9s et inform\u00e9s d\u2019autres ressources communautaires appropri\u00e9es qui pourraient convenir aux besoins de la famille.<\/p>\n\n<p>Remarque : Les enfants admis \u00e0 notre programme Grands Fr\u00e8res Grandes Soeurs sont plac\u00e9s sur une liste d\u2019attente. Puisque plusieurs facteurs entrent en ligne de compte au moment de la s\u00e9lection d\u2019un mentor, il nous est impossible de savoir combien de temps l\u2019enfant devra patienter avant d\u2019\u00eatre jumel\u00e9.<\/p>\n\n<p><strong>MPOWER (pour les jeunes de 15 \u00e0 24 ans)<\/strong><\/p>\n\n<p>Pour toutes les demandes de renseignements au sujet du programme MPOWER, veuillez remplir le formulaire ci-dessous et un membre du personnel vous contactera dans les 2 \u00e0 3 jours ouvrables.<\/p>\n","protected":false},"excerpt":{"rendered":"<p>Pour les recommandations communautaires : Si vous faites partie d\u2019un organisme communautaire pour les jeunes ou du personnel d\u2019une \u00e9cole et que vous souhaitez en apprendre davantage sur les programmes ou que vous souhaitez nous recommander quelqu\u2019un, veuillez communiquer avec la coordonnatrice des inscriptions, Stephanie Chretien-Gaudreau, au (613) 247-4776 poste 324 ou \u00e0 stephaniec@bbbso.ca. ____________________________________________________________________________________ [&hellip;]<\/p>\n","protected":false},"author":1,"featured_media":9049,"parent":9949,"menu_order":0,"comment_status":"closed","ping_status":"closed","template":"","meta":{"_et_pb_use_builder":"off","_et_pb_old_content":"","_et_gb_content_width":"","_coblocks_attr":"","_coblocks_dimensions":"","_coblocks_responsive_height":"","_coblocks_accordion_ie_support":"","_monsterinsights_skip_tracking":false,"_monsterinsights_sitenote_active":false,"_monsterinsights_sitenote_note":"","_monsterinsights_sitenote_category":0,"footnotes":""},"class_list":["post-10018","page","type-page","status-publish","has-post-thumbnail","hentry"],"aioseo_notices":[],"_links":{"self":[{"href":"https:\/\/www.bbbso.ca\/fr\/wp-json\/wp\/v2\/pages\/10018","targetHints":{"allow":["GET"]}}],"collection":[{"href":"https:\/\/www.bbbso.ca\/fr\/wp-json\/wp\/v2\/pages"}],"about":[{"href":"https:\/\/www.bbbso.ca\/fr\/wp-json\/wp\/v2\/types\/page"}],"author":[{"embeddable":true,"href":"https:\/\/www.bbbso.ca\/fr\/wp-json\/wp\/v2\/users\/1"}],"replies":[{"embeddable":true,"href":"https:\/\/www.bbbso.ca\/fr\/wp-json\/wp\/v2\/comments?post=10018"}],"version-history":[{"count":1,"href":"https:\/\/www.bbbso.ca\/fr\/wp-json\/wp\/v2\/pages\/10018\/revisions"}],"predecessor-version":[{"id":10019,"href":"https:\/\/www.bbbso.ca\/fr\/wp-json\/wp\/v2\/pages\/10018\/revisions\/10019"}],"up":[{"embeddable":true,"href":"https:\/\/www.bbbso.ca\/fr\/wp-json\/wp\/v2\/pages\/9949"}],"wp:featuredmedia":[{"embeddable":true,"href":"https:\/\/www.bbbso.ca\/fr\/wp-json\/wp\/v2\/media\/9049"}],"wp:attachment":[{"href":"https:\/\/www.bbbso.ca\/fr\/wp-json\/wp\/v2\/media?parent=10018"}],"curies":[{"name":"wp","href":"https:\/\/api.w.org\/{rel}","templated":true}]}}