  {"id":10012,"date":"2022-07-28T15:13:54","date_gmt":"2022-07-28T19:13:54","guid":{"rendered":"https:\/\/www.bbbso.ca\/impliquez-vous\/prisme\/"},"modified":"2024-06-25T23:44:14","modified_gmt":"2024-06-26T03:44:14","slug":"prisme","status":"publish","type":"page","link":"https:\/\/www.bbbso.ca\/fr\/impliquez-vous\/prisme\/","title":{"rendered":"PRISME"},"content":{"rendered":"\n<p>PRISME est un programme de mentorat s\u2019adressant \u00e0 la communaut\u00e9 2SLGBTQ+. PRISME est un programme offert dans les \u00e9coles et la communaut\u00e9. Le programme jumelle des enfants et des jeunes s\u2019identifiant \u00e0 la communaut\u00e9 2SLGBTQ+ avec des mentors faisant \u00e9galement partie de la communaut\u00e9 dans le cadre d\u2019une relation de mentorat individuelle. Au fil de rencontres r\u00e9guli\u00e8res, les deux participants d\u00e9velopperont un lien d\u2019amiti\u00e9 empreint de bienveillance et favorisant l\u2019autonomie.<\/p>\n\n<p>L\u2019objectif d\u2019un jumelage PRISME est de :<\/p>\n\n<ul class=\"wp-block-list\">\n<li>Pr\u00e9senter des mod\u00e8les de r\u00f4le aux enfants et aux jeunes de la communaut\u00e9 2SLGBTQ+ ;<\/li>\n\n\n\n<li>Favoriser la fiert\u00e9 et la confiance en soi ;<\/li>\n\n\n\n<li>Cr\u00e9er des liens interg\u00e9n\u00e9rationnels au sein de la communaut\u00e9 2SLGBTQ+ ;<\/li>\n\n\n\n<li>Conscientiser les familles et offrir du soutien lorsque cela est n\u00e9cessaire ;<\/li>\n\n\n\n<li>Jumeler des enfants et des jeunes de la communaut\u00e9 2SLGBTQ+ avec des mentors d\u2019\u00e2ge adulte avec qui ils se sentiront en s\u00e9curit\u00e9 pour discuter de leur identit\u00e9, mais avec qui ils pourront surtout s\u2019amuser!<\/li>\n<\/ul>\n\n<p>Un enfant ou un jeune souhaitant se voir jumel\u00e9 \u00e0 un mentor doit :<\/p>\n\n<ul class=\"wp-block-list\">\n<li>S\u2019identifier comme membre de la communaut\u00e9 2SLGTBQ+;<\/li>\n\n\n\n<li>\u00catre \u00e2g\u00e9 de 6 \u00e0 24 ans;<\/li>\n\n\n\n<li>Vouloir \u00eatre jumel\u00e9 \u00e0 un mentor qui s\u2019identifie \u00e9galement \u00e0 la communaut\u00e9 2SLGBTQ+<\/li>\n<\/ul>\n\n<p>La communaut\u00e9 2SLGBTQ+ s\u2019y conna\u00eet en mentorat, elle qui a su, tout au cours de son histoire, cr\u00e9er des r\u00e9seaux de soutien informels pour assurer sa survie. Aujourd\u2019hui, la communaut\u00e9 a connu de grandes avanc\u00e9es, mais des obstacles continuent de se dresser sur le chemin des jeunes qui en font partie. La recherche montre que les programmes de mentorat formels constituent un important m\u00e9canisme de protection pour cette population, car ils contribuent au d\u00e9veloppement de leur identit\u00e9 propre.<\/p>\n\n<p><em>Nous sommes fiers que le programme PRISME soit dirig\u00e9 par des personnes faisant partie de la communaut\u00e9 2SLGBTQ+ et qu\u2019il accueille des b\u00e9n\u00e9voles qui en font partie \u00e9galement, afin d\u2019accompagner les jeunes 2SLGBTQ+ qui habitent notre ville! Nous sommes vraiment plus grands ensemble!<\/em><\/p>\n\n<div style=\"height:40px\" aria-hidden=\"true\" class=\"wp-block-spacer\"><\/div>\n\n<iframe loading=\"lazy\" src=\"https:\/\/analytics.clickdimensions.com\/bigbrothersbigsistersca-anc2a\/pages\/evu3xwdreempvaanojbpka.html?PageId=5d37f5125167e911a954000d3a36e990\" allowtransparency=\"true\" width=\"100%\" height=\"600px\" type=\"text\/html\" frameborder=\"0\" style=\"border:0\"><\/iframe>\n\n<div style=\"height:28px\" aria-hidden=\"true\" class=\"wp-block-spacer\"><\/div>\n\n<div style=\"height:35px\" aria-hidden=\"true\" class=\"wp-block-spacer\"><\/div>\n\n<h3 class=\"wp-block-heading has-text-align-center\" id=\"made-possible-with-support-from\">RENDU POSSIBLE GR\u00c2CE AU SOUTIEN DE :<\/h3>\n\n<figure class=\"wp-block-image aligncenter size-full\"><img loading=\"lazy\" decoding=\"async\" width=\"301\" height=\"71\" src=\"https:\/\/www.bbbso.ca\/wp-content\/uploads\/2022\/11\/Telus-Friendly-Future-Foundation.jpg\" alt=\"\" class=\"wp-image-8073\"\/><\/figure>\n\n<figure class=\"wp-block-image aligncenter size-full\"><img loading=\"lazy\" decoding=\"async\" width=\"250\" height=\"89\" src=\"https:\/\/www.bbbso.ca\/wp-content\/uploads\/2021\/05\/OCG-logo.png\" alt=\"\" class=\"wp-image-5958\"\/><\/figure>\n\n<div style=\"height:35px\" aria-hidden=\"true\" class=\"wp-block-spacer\"><\/div>\n\n<div class=\"wp-block-group is-layout-constrained wp-block-group-is-layout-constrained\">\n<p><strong>Vous avez des questions sur le programme PRISME?<\/strong><\/p>\n\n\n\n<p><strong>N\u2019h\u00e9sitez pas \u00e0 nous contacter <\/strong><\/p>\n\n\n\n<p>Brianna Dusome, (elle\/iel)<br\/>Directrice des programmes et partenariats communautaires<br\/><strong>ÌÇÐÄÖ±²¥ of Ottawa<\/strong> | <strong>Grands Fr\u00e8res Grandes Soeurs d\u2019Ottawa<\/strong><br\/><a href=\"mailto:Brianna.Dusome@bigbrothersbigsisters.ca\" target=\"_blank\" rel=\"noreferrer noopener\">Brianna.Dusome@bigbrothersbigsisters.ca<\/a> <a href=\"tel:6132474776\" target=\"_blank\" rel=\"noreferrer noopener\">613.247.4776<\/a>, poste 322<\/p>\n\n\n\n<p><\/p>\n<\/div>\n","protected":false},"excerpt":{"rendered":"<p>PRISME est un programme de mentorat s\u2019adressant \u00e0 la communaut\u00e9 2SLGBTQ+. PRISME est un programme offert dans les \u00e9coles et la communaut\u00e9. Le programme jumelle des enfants et des jeunes s\u2019identifiant \u00e0 la communaut\u00e9 2SLGBTQ+ avec des mentors faisant \u00e9galement partie de la communaut\u00e9 dans le cadre d\u2019une relation de mentorat individuelle. Au fil de [&hellip;]<\/p>\n","protected":false},"author":1,"featured_media":9283,"parent":9949,"menu_order":0,"comment_status":"closed","ping_status":"closed","template":"","meta":{"_et_pb_use_builder":"off","_et_pb_old_content":"","_et_gb_content_width":"","_coblocks_attr":"","_coblocks_dimensions":"","_coblocks_responsive_height":"","_coblocks_accordion_ie_support":"","_monsterinsights_skip_tracking":false,"_monsterinsights_sitenote_active":false,"_monsterinsights_sitenote_note":"","_monsterinsights_sitenote_category":0,"footnotes":""},"class_list":["post-10012","page","type-page","status-publish","has-post-thumbnail","hentry"],"aioseo_notices":[],"_links":{"self":[{"href":"https:\/\/www.bbbso.ca\/fr\/wp-json\/wp\/v2\/pages\/10012","targetHints":{"allow":["GET"]}}],"collection":[{"href":"https:\/\/www.bbbso.ca\/fr\/wp-json\/wp\/v2\/pages"}],"about":[{"href":"https:\/\/www.bbbso.ca\/fr\/wp-json\/wp\/v2\/types\/page"}],"author":[{"embeddable":true,"href":"https:\/\/www.bbbso.ca\/fr\/wp-json\/wp\/v2\/users\/1"}],"replies":[{"embeddable":true,"href":"https:\/\/www.bbbso.ca\/fr\/wp-json\/wp\/v2\/comments?post=10012"}],"version-history":[{"count":1,"href":"https:\/\/www.bbbso.ca\/fr\/wp-json\/wp\/v2\/pages\/10012\/revisions"}],"predecessor-version":[{"id":10013,"href":"https:\/\/www.bbbso.ca\/fr\/wp-json\/wp\/v2\/pages\/10012\/revisions\/10013"}],"up":[{"embeddable":true,"href":"https:\/\/www.bbbso.ca\/fr\/wp-json\/wp\/v2\/pages\/9949"}],"wp:featuredmedia":[{"embeddable":true,"href":"https:\/\/www.bbbso.ca\/fr\/wp-json\/wp\/v2\/media\/9283"}],"wp:attachment":[{"href":"https:\/\/www.bbbso.ca\/fr\/wp-json\/wp\/v2\/media?parent=10012"}],"curies":[{"name":"wp","href":"https:\/\/api.w.org\/{rel}","templated":true}]}}