  {"id":10008,"date":"2021-04-09T15:44:25","date_gmt":"2021-04-09T19:44:25","guid":{"rendered":"https:\/\/www.bbbso.ca\/nos-supporters\/"},"modified":"2024-06-26T00:21:19","modified_gmt":"2024-06-26T04:21:19","slug":"nos-supporters","status":"publish","type":"page","link":"https:\/\/www.bbbso.ca\/fr\/qui-sommes-nous\/nos-supporters\/","title":{"rendered":"Nos supporters"},"content":{"rendered":"\n<h2 class=\"wp-block-heading has-text-align-center\" id=\"100-000\">50 000 $ et plus<\/h2>\n\n<div class=\"wp-block-columns is-layout-flex wp-container-core-columns-is-layout-9d6595d7 wp-block-columns-is-layout-flex\">\n<div class=\"wp-block-column is-layout-constrained wp-block-column-is-layout-constrained\">\n<figure class=\"wp-block-image aligncenter size-large\"><img loading=\"lazy\" decoding=\"async\" width=\"256\" height=\"256\" src=\"https:\/\/www.bbbso.ca\/wp-content\/uploads\/2021\/05\/logo-Ottawa.jpg\" alt=\"\" class=\"wp-image-5964\" srcset=\"https:\/\/www.bbbso.ca\/wp-content\/uploads\/2021\/05\/logo-Ottawa.jpg 256w, https:\/\/www.bbbso.ca\/wp-content\/uploads\/2021\/05\/logo-Ottawa-150x150.jpg 150w, https:\/\/www.bbbso.ca\/wp-content\/uploads\/2021\/05\/logo-Ottawa-100x100.jpg 100w\" sizes=\"(max-width: 256px) 100vw, 256px\" \/><\/figure>\n<\/div>\n\n\n\n<div class=\"wp-block-column is-vertically-aligned-center is-layout-constrained wp-block-column-is-layout-constrained\">\n<figure class=\"wp-block-image aligncenter size-large\"><img loading=\"lazy\" decoding=\"async\" width=\"1017\" height=\"471\" src=\"https:\/\/www.bbbso.ca\/wp-content\/uploads\/2021\/06\/OTFHORIZcolour.jpg\" alt=\"\" class=\"wp-image-6181\" srcset=\"https:\/\/www.bbbso.ca\/wp-content\/uploads\/2021\/06\/OTFHORIZcolour.jpg 1017w, https:\/\/www.bbbso.ca\/wp-content\/uploads\/2021\/06\/OTFHORIZcolour-980x454.jpg 980w, https:\/\/www.bbbso.ca\/wp-content\/uploads\/2021\/06\/OTFHORIZcolour-480x222.jpg 480w\" sizes=\"(min-width: 0px) and (max-width: 480px) 480px, (min-width: 481px) and (max-width: 980px) 980px, (min-width: 981px) 1017px, 100vw\" \/><\/figure>\n<\/div>\n\n\n\n<div class=\"wp-block-column is-layout-constrained wp-block-column-is-layout-constrained\">\n<figure class=\"wp-block-image aligncenter size-large\"><img loading=\"lazy\" decoding=\"async\" width=\"256\" height=\"256\" src=\"https:\/\/www.bbbso.ca\/wp-content\/uploads\/2021\/05\/logo-United-Way.jpg\" alt=\"\" class=\"wp-image-5966\" srcset=\"https:\/\/www.bbbso.ca\/wp-content\/uploads\/2021\/05\/logo-United-Way.jpg 256w, https:\/\/www.bbbso.ca\/wp-content\/uploads\/2021\/05\/logo-United-Way-150x150.jpg 150w, https:\/\/www.bbbso.ca\/wp-content\/uploads\/2021\/05\/logo-United-Way-100x100.jpg 100w\" sizes=\"(max-width: 256px) 100vw, 256px\" \/><\/figure>\n<\/div>\n<\/div>\n\n<div class=\"wp-block-columns are-vertically-aligned-center is-layout-flex wp-container-core-columns-is-layout-9d6595d7 wp-block-columns-is-layout-flex\">\n<div class=\"wp-block-column is-vertically-aligned-center is-layout-constrained wp-block-column-is-layout-constrained\">\n<figure class=\"wp-block-image aligncenter size-medium\"><img loading=\"lazy\" decoding=\"async\" width=\"300\" height=\"120\" src=\"https:\/\/www.bbbso.ca\/wp-content\/uploads\/2021\/06\/ON_POS_LOGO_RGB-300x120.png\" alt=\"\" class=\"wp-image-6177\"\/><\/figure>\n<\/div>\n\n\n\n<div class=\"wp-block-column is-vertically-aligned-center is-layout-constrained wp-block-column-is-layout-constrained\"><\/div>\n\n\n\n<div class=\"wp-block-column is-vertically-aligned-center is-layout-constrained wp-block-column-is-layout-constrained\"><\/div>\n<\/div>\n\n<h2 class=\"wp-block-heading has-text-align-center\" id=\"50-000-99-999\">25 000 $ \u00e0 49 999 $<\/h2>\n\n<div class=\"wp-block-columns is-layout-flex wp-container-core-columns-is-layout-9d6595d7 wp-block-columns-is-layout-flex\">\n<div class=\"wp-block-column is-vertically-aligned-center is-layout-flow wp-block-column-is-layout-flow\">\n<figure class=\"wp-block-image size-large\"><img loading=\"lazy\" decoding=\"async\" width=\"256\" height=\"256\" src=\"https:\/\/www.bbbso.ca\/wp-content\/uploads\/2021\/05\/logo-Maurice-Price-Foundation.jpg\" alt=\"\" class=\"wp-image-5949\" srcset=\"https:\/\/www.bbbso.ca\/wp-content\/uploads\/2021\/05\/logo-Maurice-Price-Foundation.jpg 256w, https:\/\/www.bbbso.ca\/wp-content\/uploads\/2021\/05\/logo-Maurice-Price-Foundation-150x150.jpg 150w, https:\/\/www.bbbso.ca\/wp-content\/uploads\/2021\/05\/logo-Maurice-Price-Foundation-100x100.jpg 100w\" sizes=\"(max-width: 256px) 100vw, 256px\" \/><\/figure>\n<\/div>\n\n\n\n<div class=\"wp-block-column is-vertically-aligned-center is-layout-flow wp-block-column-is-layout-flow\">\n<p class=\"has-text-align-center has-medium-font-size\">Fondation Crabtree<\/p>\n<\/div>\n\n\n\n<div class=\"wp-block-column is-layout-flow wp-block-column-is-layout-flow\">\n<figure class=\"wp-block-image size-large\"><img loading=\"lazy\" decoding=\"async\" width=\"256\" height=\"256\" src=\"https:\/\/www.bbbso.ca\/wp-content\/uploads\/2021\/05\/logo-RBC-foundation.jpg\" alt=\"\" class=\"wp-image-5975\" srcset=\"https:\/\/www.bbbso.ca\/wp-content\/uploads\/2021\/05\/logo-RBC-foundation.jpg 256w, https:\/\/www.bbbso.ca\/wp-content\/uploads\/2021\/05\/logo-RBC-foundation-150x150.jpg 150w, https:\/\/www.bbbso.ca\/wp-content\/uploads\/2021\/05\/logo-RBC-foundation-100x100.jpg 100w\" sizes=\"(max-width: 256px) 100vw, 256px\" \/><\/figure>\n<\/div>\n\n\n\n<div class=\"wp-block-column is-layout-flow wp-block-column-is-layout-flow\">\n<figure class=\"wp-block-image size-large\"><img loading=\"lazy\" decoding=\"async\" width=\"256\" height=\"256\" src=\"https:\/\/www.bbbso.ca\/wp-content\/uploads\/2021\/04\/logo-Taggart-Parkes-Foundation.jpg\" alt=\"\" class=\"wp-image-443\" srcset=\"https:\/\/www.bbbso.ca\/wp-content\/uploads\/2021\/04\/logo-Taggart-Parkes-Foundation.jpg 256w, https:\/\/www.bbbso.ca\/wp-content\/uploads\/2021\/04\/logo-Taggart-Parkes-Foundation-150x150.jpg 150w, https:\/\/www.bbbso.ca\/wp-content\/uploads\/2021\/04\/logo-Taggart-Parkes-Foundation-100x100.jpg 100w\" sizes=\"(max-width: 256px) 100vw, 256px\" \/><\/figure>\n<\/div>\n<\/div>\n\n<h2 class=\"wp-block-heading has-text-align-center\" id=\"10-000-24-999\">10 000 $ \u00e0 24 999 $<\/h2>\n\n<div class=\"wp-block-columns is-layout-flex wp-container-core-columns-is-layout-9d6595d7 wp-block-columns-is-layout-flex\">\n<div class=\"wp-block-column is-vertically-aligned-center is-layout-constrained wp-container-core-column-is-layout-06ee857a wp-block-column-is-layout-constrained\">\n<figure class=\"wp-block-image size-large\"><img loading=\"lazy\" decoding=\"async\" width=\"256\" height=\"256\" src=\"https:\/\/www.bbbso.ca\/wp-content\/uploads\/2021\/05\/logo-crime-prevention-ottawa.jpg\" alt=\"\" class=\"wp-image-5978\" srcset=\"https:\/\/www.bbbso.ca\/wp-content\/uploads\/2021\/05\/logo-crime-prevention-ottawa.jpg 256w, https:\/\/www.bbbso.ca\/wp-content\/uploads\/2021\/05\/logo-crime-prevention-ottawa-150x150.jpg 150w, https:\/\/www.bbbso.ca\/wp-content\/uploads\/2021\/05\/logo-crime-prevention-ottawa-100x100.jpg 100w\" sizes=\"(max-width: 256px) 100vw, 256px\" \/><\/figure>\n<\/div>\n\n\n\n<div class=\"wp-block-column is-vertically-aligned-center is-layout-constrained wp-container-core-column-is-layout-06ee857a wp-block-column-is-layout-constrained\">\n<figure class=\"wp-block-image size-large\"><img loading=\"lazy\" decoding=\"async\" width=\"256\" height=\"256\" src=\"https:\/\/www.bbbso.ca\/wp-content\/uploads\/2021\/05\/logo-Happy-Roots.jpg\" alt=\"Logo de la fondation Happy Roots\" class=\"wp-image-5953\" srcset=\"https:\/\/www.bbbso.ca\/wp-content\/uploads\/2021\/05\/logo-Happy-Roots.jpg 256w, https:\/\/www.bbbso.ca\/wp-content\/uploads\/2021\/05\/logo-Happy-Roots-150x150.jpg 150w, https:\/\/www.bbbso.ca\/wp-content\/uploads\/2021\/05\/logo-Happy-Roots-100x100.jpg 100w\" sizes=\"(max-width: 256px) 100vw, 256px\" \/><\/figure>\n<\/div>\n\n\n\n<div class=\"wp-block-column is-vertically-aligned-center is-layout-constrained wp-container-core-column-is-layout-06ee857a wp-block-column-is-layout-constrained\">\n<figure class=\"wp-block-image size-large\"><img loading=\"lazy\" decoding=\"async\" width=\"256\" height=\"256\" src=\"https:\/\/www.bbbso.ca\/wp-content\/uploads\/2021\/05\/logo-OCG.jpg\" alt=\"Logo de la fondation communautaire d'Ottawa\" class=\"wp-image-5947\" srcset=\"https:\/\/www.bbbso.ca\/wp-content\/uploads\/2021\/05\/logo-OCG.jpg 256w, https:\/\/www.bbbso.ca\/wp-content\/uploads\/2021\/05\/logo-OCG-150x150.jpg 150w, https:\/\/www.bbbso.ca\/wp-content\/uploads\/2021\/05\/logo-OCG-100x100.jpg 100w\" sizes=\"(max-width: 256px) 100vw, 256px\" \/><\/figure>\n<\/div>\n<\/div>\n\n<div class=\"wp-block-columns is-layout-flex wp-container-core-columns-is-layout-9d6595d7 wp-block-columns-is-layout-flex\">\n<div class=\"wp-block-column is-vertically-aligned-center is-layout-constrained wp-container-core-column-is-layout-78383ca2 wp-block-column-is-layout-constrained\">\n<figure class=\"wp-block-image size-full\"><img loading=\"lazy\" decoding=\"async\" width=\"256\" height=\"256\" src=\"https:\/\/www.bbbso.ca\/wp-content\/uploads\/2021\/05\/logo-TD-1.jpg\" alt=\"\" class=\"wp-image-5986\" srcset=\"https:\/\/www.bbbso.ca\/wp-content\/uploads\/2021\/05\/logo-TD-1.jpg 256w, https:\/\/www.bbbso.ca\/wp-content\/uploads\/2021\/05\/logo-TD-1-150x150.jpg 150w, https:\/\/www.bbbso.ca\/wp-content\/uploads\/2021\/05\/logo-TD-1-100x100.jpg 100w\" sizes=\"(max-width: 256px) 100vw, 256px\" \/><\/figure>\n<\/div>\n\n\n\n<div class=\"wp-block-column is-vertically-aligned-center is-layout-flow wp-block-column-is-layout-flow\"><\/div>\n\n\n\n<div class=\"wp-block-column is-vertically-aligned-center is-layout-constrained wp-container-core-column-is-layout-06ee857a wp-block-column-is-layout-constrained\">\n<figure class=\"wp-block-image aligncenter size-full\"><img loading=\"lazy\" decoding=\"async\" width=\"301\" height=\"71\" src=\"https:\/\/www.bbbso.ca\/wp-content\/uploads\/2022\/11\/Telus-Friendly-Future-Foundation.jpg\" alt=\"\" class=\"wp-image-8073\"\/><\/figure>\n<\/div>\n<\/div>\n\n<h2 class=\"wp-block-heading has-text-align-center\" id=\"5-000-9-999\">5 000 $ \u00e0 9 999 $<\/h2>\n\n<div class=\"wp-block-columns is-layout-flex wp-container-core-columns-is-layout-9d6595d7 wp-block-columns-is-layout-flex\">\n<div class=\"wp-block-column is-vertically-aligned-center is-layout-constrained wp-container-core-column-is-layout-06ee857a wp-block-column-is-layout-constrained\">\n<figure class=\"wp-block-image size-large\"><img loading=\"lazy\" decoding=\"async\" width=\"256\" height=\"256\" src=\"https:\/\/www.bbbso.ca\/wp-content\/uploads\/2021\/05\/logo-cisco.jpg\" alt=\"\" class=\"wp-image-5984\" srcset=\"https:\/\/www.bbbso.ca\/wp-content\/uploads\/2021\/05\/logo-cisco.jpg 256w, https:\/\/www.bbbso.ca\/wp-content\/uploads\/2021\/05\/logo-cisco-150x150.jpg 150w, https:\/\/www.bbbso.ca\/wp-content\/uploads\/2021\/05\/logo-cisco-100x100.jpg 100w\" sizes=\"(max-width: 256px) 100vw, 256px\" \/><\/figure>\n<\/div>\n\n\n\n<div class=\"wp-block-column is-vertically-aligned-center is-layout-constrained wp-container-core-column-is-layout-06ee857a wp-block-column-is-layout-constrained\">\n<figure class=\"wp-block-image size-large\"><img loading=\"lazy\" decoding=\"async\" width=\"256\" height=\"256\" src=\"https:\/\/www.bbbso.ca\/wp-content\/uploads\/2021\/05\/logo-scotiabank.jpg\" alt=\"\" class=\"wp-image-5985\" srcset=\"https:\/\/www.bbbso.ca\/wp-content\/uploads\/2021\/05\/logo-scotiabank.jpg 256w, https:\/\/www.bbbso.ca\/wp-content\/uploads\/2021\/05\/logo-scotiabank-150x150.jpg 150w, https:\/\/www.bbbso.ca\/wp-content\/uploads\/2021\/05\/logo-scotiabank-100x100.jpg 100w\" sizes=\"(max-width: 256px) 100vw, 256px\" \/><\/figure>\n<\/div>\n\n\n\n<div class=\"wp-block-column is-vertically-aligned-center is-layout-constrained wp-container-core-column-is-layout-06ee857a wp-block-column-is-layout-constrained\">\n<figure class=\"wp-block-image size-full\"><img loading=\"lazy\" decoding=\"async\" width=\"1014\" height=\"315\" src=\"https:\/\/www.bbbso.ca\/wp-content\/uploads\/2023\/05\/pngegg.png\" alt=\"\" class=\"wp-image-8691\" srcset=\"https:\/\/www.bbbso.ca\/wp-content\/uploads\/2023\/05\/pngegg.png 1014w, https:\/\/www.bbbso.ca\/wp-content\/uploads\/2023\/05\/pngegg-980x304.png 980w, https:\/\/www.bbbso.ca\/wp-content\/uploads\/2023\/05\/pngegg-480x149.png 480w\" sizes=\"(min-width: 0px) and (max-width: 480px) 480px, (min-width: 481px) and (max-width: 980px) 980px, (min-width: 981px) 1014px, 100vw\" \/><\/figure>\n<\/div>\n<\/div>\n\n<h2 class=\"wp-block-heading has-text-align-center\" id=\"our-program-partners\">Les partenaires de nos programmes<\/h2>\n\n<div class=\"wp-block-divi-layout\">[et_pb_section fb_built=&#8221;1&#8243; admin_label=&#8221;section&#8221; _builder_version=&#8221;4.16&#8243; global_colors_info=&#8221;{}&#8221; da_is_popup=&#8221;off&#8221; da_exit_intent=&#8221;off&#8221; da_has_close=&#8221;on&#8221; da_alt_close=&#8221;off&#8221; da_dark_close=&#8221;off&#8221; da_not_modal=&#8221;on&#8221; da_is_singular=&#8221;off&#8221; da_with_loader=&#8221;off&#8221; da_has_shadow=&#8221;on&#8221; da_disable_devices=&#8221;off|off|off&#8221;][et_pb_row column_structure=&#8221;1_5,1_5,1_5,1_5,1_5&#8243; use_custom_gutter=&#8221;on&#8221; gutter_width=&#8221;4&#8243; admin_label=&#8221;row&#8221; _builder_version=&#8221;4.16&#8243; background_size=&#8221;initial&#8221; background_position=&#8221;top_left&#8221; background_repeat=&#8221;repeat&#8221; width=&#8221;100%&#8221; global_colors_info=&#8221;{}&#8221;][et_pb_column type=&#8221;1_5&#8243; _builder_version=&#8221;4.16&#8243; _module_preset=&#8221;default&#8221; global_colors_info=&#8221;{}&#8221;][et_pb_image src=&#8221;https:\/\/www.bbbso.ca\/wp-content\/uploads\/2021\/05\/logo-ocdsb.jpg&#8221; alt=&#8221;Ottawa-Carleton District School Board Logo&#8221; title_text=&#8221;logo-ocdsb&#8221; url=&#8221;http:\/\/www.ocdsb.ca\/&#8221; url_new_window=&#8221;on&#8221; _builder_version=&#8221;4.16&#8243; _module_preset=&#8221;default&#8221; global_colors_info=&#8221;{}&#8221;][\/et_pb_image][\/et_pb_column][et_pb_column type=&#8221;1_5&#8243; _builder_version=&#8221;4.16&#8243; _module_preset=&#8221;default&#8221; global_colors_info=&#8221;{}&#8221;][et_pb_image src=&#8221;https:\/\/www.bbbso.ca\/wp-content\/uploads\/2021\/05\/logo-ocsb.jpg&#8221; alt=&#8221;Ottawa Catholic School Board Logo&#8221; title_text=&#8221;logo-ocsb&#8221; url=&#8221;http:\/\/www.ocsb.ca\/&#8221; url_new_window=&#8221;on&#8221; _builder_version=&#8221;4.16&#8243; _module_preset=&#8221;default&#8221; global_colors_info=&#8221;{}&#8221;][\/et_pb_image][\/et_pb_column][et_pb_column type=&#8221;1_5&#8243; _builder_version=&#8221;4.16&#8243; _module_preset=&#8221;default&#8221; global_colors_info=&#8221;{}&#8221;][et_pb_image src=&#8221;https:\/\/www.bbbso.ca\/wp-content\/uploads\/2021\/05\/logo-conseil-publique.jpg&#8221; alt=&#8221;Logo for Conseil des \u00e9coles publiques de l&#039;Est de l&#039;Ontario&#8221; title_text=&#8221;logo-conseil-publique&#8221; url=&#8221;http:\/\/www.cepeo.on.ca\/&#8221; url_new_window=&#8221;on&#8221; _builder_version=&#8221;4.16&#8243; _module_preset=&#8221;default&#8221; global_colors_info=&#8221;{}&#8221;][\/et_pb_image][\/et_pb_column][et_pb_column type=&#8221;1_5&#8243; _builder_version=&#8221;4.16&#8243; _module_preset=&#8221;default&#8221; global_colors_info=&#8221;{}&#8221;][et_pb_image src=&#8221;https:\/\/www.bbbso.ca\/wp-content\/uploads\/2021\/05\/logo-catholique-francais.jpg&#8221; alt=&#8221;Logo for Conseil des \u00e9coles catholiques du Centre-Est&#8221; title_text=&#8221;logo-catholique-francais&#8221; url=&#8221;http:\/\/www.ecolecatholique.ca\/en&#8221; url_new_window=&#8221;on&#8221; _builder_version=&#8221;4.16&#8243; _module_preset=&#8221;default&#8221; global_colors_info=&#8221;{}&#8221;][\/et_pb_image][\/et_pb_column][et_pb_column type=&#8221;1_5&#8243; _builder_version=&#8221;4.16&#8243; _module_preset=&#8221;default&#8221; global_colors_info=&#8221;{}&#8221;][et_pb_image src=&#8221;https:\/\/www.bbbso.ca\/wp-content\/uploads\/2021\/05\/logo-carleton.jpg&#8221; alt=&#8221;Carleton University Logo&#8221; title_text=&#8221;logo-carleton&#8221; url=&#8221;http:\/\/carleton.ca\/&#8221; url_new_window=&#8221;on&#8221; _builder_version=&#8221;4.16&#8243; _module_preset=&#8221;default&#8221; global_colors_info=&#8221;{}&#8221;][\/et_pb_image][\/et_pb_column][\/et_pb_row][et_pb_row column_structure=&#8221;1_5,1_5,1_5,1_5,1_5&#8243; use_custom_gutter=&#8221;on&#8221; gutter_width=&#8221;4&#8243; admin_label=&#8221;row&#8221; _builder_version=&#8221;4.16&#8243; background_size=&#8221;initial&#8221; background_position=&#8221;top_left&#8221; background_repeat=&#8221;repeat&#8221; width=&#8221;100%&#8221; global_colors_info=&#8221;{}&#8221;][et_pb_column type=&#8221;1_5&#8243; _builder_version=&#8221;4.16&#8243; _module_preset=&#8221;default&#8221; global_colors_info=&#8221;{}&#8221;][et_pb_image src=&#8221;https:\/\/www.bbbso.ca\/wp-content\/uploads\/2021\/05\/logo-ottawa-u.jpg&#8221; alt=&#8221;University of Ottawa Logo&#8221; title_text=&#8221;logo-ottawa-u&#8221; url=&#8221;http:\/\/www.uottawa.ca\/&#8221; url_new_window=&#8221;on&#8221; _builder_version=&#8221;4.16&#8243; _module_preset=&#8221;default&#8221; global_colors_info=&#8221;{}&#8221;][\/et_pb_image][\/et_pb_column][et_pb_column type=&#8221;1_5&#8243; _builder_version=&#8221;4.16&#8243; _module_preset=&#8221;default&#8221; global_colors_info=&#8221;{}&#8221;][et_pb_image src=&#8221;https:\/\/www.bbbso.ca\/wp-content\/uploads\/2021\/05\/logo-algonquin.jpg&#8221; alt=&#8221;Algonquin College Logo&#8221; title_text=&#8221;logo-algonquin&#8221; url=&#8221;http:\/\/www.algonquincollege.com\/&#8221; url_new_window=&#8221;on&#8221; _builder_version=&#8221;4.16&#8243; _module_preset=&#8221;default&#8221; global_colors_info=&#8221;{}&#8221;][\/et_pb_image][\/et_pb_column][et_pb_column type=&#8221;1_5&#8243; _builder_version=&#8221;4.16&#8243; _module_preset=&#8221;default&#8221; global_colors_info=&#8221;{}&#8221;][et_pb_image src=&#8221;https:\/\/www.bbbso.ca\/wp-content\/uploads\/2022\/02\/ociso-logo-final.jpg&#8221; title_text=&#8221;ociso-logo-final&#8221; _builder_version=&#8221;4.16&#8243; _module_preset=&#8221;default&#8221; global_colors_info=&#8221;{}&#8221;][\/et_pb_image][\/et_pb_column][et_pb_column type=&#8221;1_5&#8243; _builder_version=&#8221;4.16&#8243; _module_preset=&#8221;default&#8221; global_colors_info=&#8221;{}&#8221;][et_pb_image src=&#8221;https:\/\/www.bbbso.ca\/wp-content\/uploads\/2021\/05\/logo-childrens-aid.jpg&#8221; alt=&#8221;The Children&#039;s Aid Society of Ottawa Logo&#8221; title_text=&#8221;logo-childrens-aid&#8221; url=&#8221;https:\/\/www.casott.on.ca\/&#8221; url_new_window=&#8221;on&#8221; _builder_version=&#8221;4.16&#8243; _module_preset=&#8221;default&#8221; global_colors_info=&#8221;{}&#8221;][\/et_pb_image][\/et_pb_column][et_pb_column type=&#8221;1_5&#8243; _builder_version=&#8221;4.16&#8243; _module_preset=&#8221;default&#8221; global_colors_info=&#8221;{}&#8221;][et_pb_image src=&#8221;https:\/\/www.bbbso.ca\/wp-content\/uploads\/2021\/05\/logo-police.jpg&#8221; alt=&#8221;Ottawa Police Service Logo&#8221; title_text=&#8221;logo-police&#8221; url=&#8221;https:\/\/www.ottawapolice.ca\/en\/&#8221; url_new_window=&#8221;on&#8221; _builder_version=&#8221;4.16&#8243; _module_preset=&#8221;default&#8221; global_colors_info=&#8221;{}&#8221;][\/et_pb_image][\/et_pb_column][\/et_pb_row][et_pb_row column_structure=&#8221;1_5,1_5,1_5,1_5,1_5&#8243; use_custom_gutter=&#8221;on&#8221; gutter_width=&#8221;4&#8243; admin_label=&#8221;row&#8221; _builder_version=&#8221;4.16&#8243; background_size=&#8221;initial&#8221; background_position=&#8221;top_left&#8221; background_repeat=&#8221;repeat&#8221; width=&#8221;100%&#8221; global_colors_info=&#8221;{}&#8221;][et_pb_column type=&#8221;1_5&#8243; _builder_version=&#8221;4.16&#8243; _module_preset=&#8221;default&#8221; global_colors_info=&#8221;{}&#8221;][et_pb_image src=&#8221;https:\/\/www.bbbso.ca\/wp-content\/uploads\/2021\/05\/logo-kids.jpg&#8221; alt=&#8221;Kids Up Front Logo&#8221; title_text=&#8221;logo-kids&#8221; url=&#8221;https:\/\/www.blushwish.com\/&#8221; url_new_window=&#8221;on&#8221; _builder_version=&#8221;4.16&#8243; _module_preset=&#8221;default&#8221; global_colors_info=&#8221;{}&#8221;][\/et_pb_image][\/et_pb_column][et_pb_column type=&#8221;1_5&#8243; _builder_version=&#8221;4.16&#8243; _module_preset=&#8221;default&#8221; global_colors_info=&#8221;{}&#8221;][et_pb_image src=&#8221;https:\/\/www.bbbso.ca\/wp-content\/uploads\/2021\/05\/logo-bullying.jpg&#8221; alt=&#8221;The Ottawa Bullying Prevention Coalition Logo&#8221; title_text=&#8221;logo-bullying&#8221; url=&#8221;http:\/\/www.parentinginottawa.com\/en\/children\/Bullying.asp&#8221; url_new_window=&#8221;on&#8221; _builder_version=&#8221;4.16&#8243; _module_preset=&#8221;default&#8221; global_colors_info=&#8221;{}&#8221;][\/et_pb_image][\/et_pb_column][et_pb_column type=&#8221;1_5&#8243; _builder_version=&#8221;4.16&#8243; _module_preset=&#8221;default&#8221; global_colors_info=&#8221;{}&#8221;][et_pb_image src=&#8221;https:\/\/www.bbbso.ca\/wp-content\/uploads\/2021\/05\/logo-Britannia-Woods-Community-House.jpg&#8221; alt=&#8221;Britannia Woods Community House Logo&#8221; title_text=&#8221;logo-Britannia-Woods-Community-House&#8221; url=&#8221;http:\/\/www.britanniawoods.com\/&#8221; url_new_window=&#8221;on&#8221; _builder_version=&#8221;4.16&#8243; _module_preset=&#8221;default&#8221; global_colors_info=&#8221;{}&#8221;][\/et_pb_image][\/et_pb_column][et_pb_column type=&#8221;1_5&#8243; _builder_version=&#8221;4.16&#8243; _module_preset=&#8221;default&#8221; global_colors_info=&#8221;{}&#8221;][\/et_pb_column][et_pb_column type=&#8221;1_5&#8243; _builder_version=&#8221;4.16&#8243; _module_preset=&#8221;default&#8221; global_colors_info=&#8221;{}&#8221;][\/et_pb_column][\/et_pb_row][et_pb_row column_structure=&#8221;1_5,1_5,1_5,1_5,1_5&#8243; use_custom_gutter=&#8221;on&#8221; gutter_width=&#8221;4&#8243; admin_label=&#8221;row&#8221; _builder_version=&#8221;4.16&#8243; background_size=&#8221;initial&#8221; background_position=&#8221;top_left&#8221; background_repeat=&#8221;repeat&#8221; width=&#8221;100%&#8221; global_colors_info=&#8221;{}&#8221;][et_pb_column type=&#8221;1_5&#8243; _builder_version=&#8221;4.16&#8243; _module_preset=&#8221;default&#8221; global_colors_info=&#8221;{}&#8221;][\/et_pb_column][et_pb_column type=&#8221;1_5&#8243; _builder_version=&#8221;4.16&#8243; _module_preset=&#8221;default&#8221; global_colors_info=&#8221;{}&#8221;][\/et_pb_column][et_pb_column type=&#8221;1_5&#8243; _builder_version=&#8221;4.16&#8243; _module_preset=&#8221;default&#8221; global_colors_info=&#8221;{}&#8221;][\/et_pb_column][et_pb_column type=&#8221;1_5&#8243; _builder_version=&#8221;4.16&#8243; _module_preset=&#8221;default&#8221; global_colors_info=&#8221;{}&#8221;][\/et_pb_column][et_pb_column type=&#8221;1_5&#8243; _builder_version=&#8221;4.16&#8243; _module_preset=&#8221;default&#8221; global_colors_info=&#8221;{}&#8221;][\/et_pb_column][\/et_pb_row][\/et_pb_section]<\/div>\n\n<h3 class=\"wp-block-heading has-text-align-center\"><br\/><\/h3>\n\n<h3 class=\"wp-block-heading has-text-align-left\" id=\"partnership-collaboration\">Partenariats et collaboration<\/h3>\n\n<p>\u00ab Nous bonifierons notre impact en joignant nos efforts \u00e0 ceux d\u2019autres membres de la communaut\u00e9. \u00bb<\/p>\n\n<h3 class=\"wp-block-heading\" id=\"collaborative-programming\">Programmation collaborative<\/h3>\n\n<p>Si des jeunes de votre communaut\u00e9 sont \u00e0 la recherche de mentorat offert dans le cadre d\u2019un programme autonome ou de services d&#8217;encadrement, GFGSO aimerait vous aider. Veuillez contacter <a href=\"mailto:enrol@bbbso.ca\" target=\"_blank\" rel=\"noreferrer noopener\">enrol@bbbso.ca<\/a> pour planifier une rencontre.<\/p>\n\n<p class=\"has-text-align-center\"><strong>MERCI \u00c0 TOUS LES G\u00c9N\u00c9REUX DONATEURS QUI NOUS SOUTIENNENT ANNUELLEMENT.<\/strong><\/p>\n","protected":false},"excerpt":{"rendered":"<p>50 000 $ et plus 25 000 $ \u00e0 49 999 $ Fondation Crabtree 10 000 $ \u00e0 24 999 $ 5 000 $ \u00e0 9 999 $ Les partenaires de nos programmes Partenariats et collaboration \u00ab Nous bonifierons notre impact en joignant nos efforts \u00e0 ceux d\u2019autres membres de la communaut\u00e9. \u00bb Programmation collaborative [&hellip;]<\/p>\n","protected":false},"author":1,"featured_media":0,"parent":10070,"menu_order":0,"comment_status":"closed","ping_status":"closed","template":"","meta":{"_et_pb_use_builder":"off","_et_pb_old_content":"","_et_gb_content_width":"","_coblocks_attr":"","_coblocks_dimensions":"","_coblocks_responsive_height":"","_coblocks_accordion_ie_support":"","_monsterinsights_skip_tracking":false,"_monsterinsights_sitenote_active":false,"_monsterinsights_sitenote_note":"","_monsterinsights_sitenote_category":0,"footnotes":""},"class_list":["post-10008","page","type-page","status-publish","hentry"],"aioseo_notices":[],"_links":{"self":[{"href":"https:\/\/www.bbbso.ca\/fr\/wp-json\/wp\/v2\/pages\/10008","targetHints":{"allow":["GET"]}}],"collection":[{"href":"https:\/\/www.bbbso.ca\/fr\/wp-json\/wp\/v2\/pages"}],"about":[{"href":"https:\/\/www.bbbso.ca\/fr\/wp-json\/wp\/v2\/types\/page"}],"author":[{"embeddable":true,"href":"https:\/\/www.bbbso.ca\/fr\/wp-json\/wp\/v2\/users\/1"}],"replies":[{"embeddable":true,"href":"https:\/\/www.bbbso.ca\/fr\/wp-json\/wp\/v2\/comments?post=10008"}],"version-history":[{"count":1,"href":"https:\/\/www.bbbso.ca\/fr\/wp-json\/wp\/v2\/pages\/10008\/revisions"}],"predecessor-version":[{"id":10009,"href":"https:\/\/www.bbbso.ca\/fr\/wp-json\/wp\/v2\/pages\/10008\/revisions\/10009"}],"up":[{"embeddable":true,"href":"https:\/\/www.bbbso.ca\/fr\/wp-json\/wp\/v2\/pages\/10070"}],"wp:attachment":[{"href":"https:\/\/www.bbbso.ca\/fr\/wp-json\/wp\/v2\/media?parent=10008"}],"curies":[{"name":"wp","href":"https:\/\/api.w.org\/{rel}","templated":true}]}}