  {"id":10002,"date":"2021-06-18T09:57:42","date_gmt":"2021-06-18T13:57:42","guid":{"rendered":"https:\/\/www.bbbso.ca\/dautres-facons-de-donner\/"},"modified":"2024-06-26T00:14:16","modified_gmt":"2024-06-26T04:14:16","slug":"dautres-facons-de-donner","status":"publish","type":"page","link":"https:\/\/www.bbbso.ca\/fr\/comment-donner\/dautres-facons-de-donner\/","title":{"rendered":"D&#8217;autres fa\u00e7ons de donner"},"content":{"rendered":"\n<h2 class=\"wp-block-heading\">DON JUMEL\u00c9 <\/h2>\n\n<p>Plusieurs employeurs acceptent de donner un montant \u00e9quivalent au v\u00f4tre \u00e0 des organismes de bienfaisance enregistr\u00e9s comme Grands Fr\u00e8res Grandes Soeurs d&#8217;Ottawa (GFGSO). De plus, certains employeurs choisissent de donner aux organismes avec qui vous faites du b\u00e9n\u00e9volat. <a href=\"https:\/\/benevity.com\/\" target=\"_blank\" rel=\"noreferrer noopener\">Benevity <\/a> est une plateforme utilis\u00e9e par de nombreux employeurs (Apple, RBC, TD et autres!) et sur laquelle les employ\u00e9s peuvent faire des dons, qui sont ensuite jumel\u00e9s par leur employeur. GFGSO est enregistr\u00e9 aupr\u00e8s de Benevity.<\/p>\n\n<p>Veuillez contacter votre service des ressources humaines pour obtenir des informations sur la politique de votre entreprise, et si vous avez des questions pour nous, veuillez contacter <strong> Erin Helmer<\/strong>, directrice du d\u00e9veloppement par courriel au <a href=\"mailto:erin.helmer@bigbrothersbigsisters.ca\">erin.helmer@bigbrothersbigsisters.ca<\/a> ou au (613) 247-4776, poste 319.<\/p>\n\n<div style=\"height:34px\" aria-hidden=\"true\" class=\"wp-block-spacer\"><\/div>\n\n<h2 class=\"wp-block-heading\">D\u00c9SIGNATION CENTRAIDE <\/h2>\n\n<p>Grands Fr\u00e8res Grandes Soeurs d&#8217;Ottawa est un fier partenaire communautaire de Centraide Est de l\u2019Ontario. En d\u00e9diant votre don \u00e0 Centraide \u00e0 GFGSO, vous poserez un geste de soutien envers les jeunes de votre communaut\u00e9. <a href=\"https:\/\/www.unitedway.ca\/how-we-help\/find-your-uwc\/\" target=\"_blank\" rel=\"noreferrer noopener\">Communiquez avec le bureau de Centraide dans votre r\u00e9gion pour plus de d\u00e9tails. <\/a><\/p>\n\n<div style=\"height:34px\" aria-hidden=\"true\" class=\"wp-block-spacer\"><\/div>\n\n<h2 class=\"wp-block-heading\">AMASSER DES FONDS POUR GFGSO <\/h2>\n\n<p>Une collecte de fonds au profit de Grands Fr\u00e8res Grandes Soeurs d&#8217;Ottawa vous offre une belle opportunit\u00e9 de susciter l\u2019implication de votre famille, vos amis, vos coll\u00e8gues et votre communaut\u00e9 dans une cause qui vous permettra de faire une GRANDE diff\u00e9rence dans la vie des jeunes de la r\u00e9gion. Les possibilit\u00e9s sont infinies! C\u00e9l\u00e9brez les anniversaires et les \u00e9tapes importantes de la vie, organisez une vente de p\u00e2tisseries ou une vente de garage, planifiez une journ\u00e9e \u00ab d\u00e9contract\u00e9e \u00bb au bureau, ou choisissez de faire de GFGSO votre organisme de bienfaisance de choix \u00e0 l\u2019occasion d\u2019un tournoi de golf, d\u2019un \u00e9v\u00e9nement ou d\u2019une c\u00e9l\u00e9bration des F\u00eates. <\/p>\n\n<p>Cr\u00e9ez votre propre page de collecte de fonds en quelques minutes. Il vous suffit de cliquer sur le bouton ci-dessous, ou de contacter <strong>Erin Helmer<\/strong>, directrice du d\u00e9veloppement par courriel au <a href=\"mailto:erin.helmer@bigbrothersbigsisters.ca\">erin.helmer@bigbrothersbigsisters.ca<\/a> ou au (613) 247-4776, poste 319.<\/p>\n\n<a href=\"https:\/\/www.canadahelps.org\/en\/pages\/page\/new\/?charity=1817&#038;fund=166854\"><img decoding=\"async\" src=\"https:\/\/www.canadahelps.org\/image\/FundRaiseNow\/en\/FundRaiseNow1.png\" border=\"0\" alt=\"Commencez \u00e0 amasser des fonds d\u00e8s maintenant par l\u2019entremise de CanadaHelps.org!\"\/><\/a>\n\n<div style=\"height:34px\" aria-hidden=\"true\" class=\"wp-block-spacer\"><\/div>\n\n<h2 class=\"wp-block-heading\">BILLETS ET DONS EN NATURE <\/h2>\n\n<p>Votre cadeau ou vos billets permettront \u00e0 nos jumelages de faire des activit\u00e9s divertissantes ensemble et donneront la chance aux jeunes de vivre de nouvelles exp\u00e9riences. <\/p>\n\n<p>Nous acceptons \u00e9galement les dons en nature pour nos prix d\u2019engagement des jeunes, notre <a href=\"https:\/\/www.bbbso.ca\/fr\/programme-de-paniers-des-fetes\/\">programme de paniers des F\u00eates<\/a>, pour venir en aide aux familles dans le besoin, et comme articles \u00e0 vendre aux ench\u00e8res lors de nos \u00e9v\u00e9nements de collecte de fonds. <\/p>\n\n<p>Voici des exemples de dons en nature accept\u00e9s : <\/p>\n\n<ul class=\"wp-block-list\">\n<li>Billets pour des \u00e9v\u00e9nements, des activit\u00e9s et des camps d\u2019\u00e9t\u00e9<\/li>\n\n\n\n<li>Cartes-cadeaux (\u00e9picerie, magasins, restaurants, caf\u00e9s, et spas)<\/li>\n\n\n\n<li>Paniers-cadeaux<\/li>\n\n\n\n<li>Nouveaux livres, jouets, jeux, appareils \u00e9lectroniques<\/li>\n\n\n\n<li>Exp\u00e9riences uniques et m\u00e9morables<\/li>\n\n\n\n<li>Services aux entreprises : conception, impression, traduction et consultation pour compenser les co\u00fbts administratifs de GFGSO <\/li>\n<\/ul>\n\n<p>Nous acceptons \u00e9galement les v\u00eatements, chaussures, accessoires et autres linges et textiles usag\u00e9s par l\u2019entremise de notre programme <a href=\"https:\/\/www.bbbso.ca\/fr\/clothes-for-kids-sake\/\">Clothes For Kids\u2019 Sake. <\/a> <\/p>\n\n<p>Pour faire un don en nature ou pour en savoir plus, veuillez contacter <strong>Erin Helmer,<\/strong> directrice du d\u00e9veloppement par courriel au <a href=\"mailto:erin.helmer@bigbrothersbigsisters.ca\">erin.helmer@bigbrothersbigsisters.ca <\/a> ou au (613) 247-4776, poste 319. <\/p>\n","protected":false},"excerpt":{"rendered":"<p>DON JUMEL\u00c9 Plusieurs employeurs acceptent de donner un montant \u00e9quivalent au v\u00f4tre \u00e0 des organismes de bienfaisance enregistr\u00e9s comme Grands Fr\u00e8res Grandes Soeurs d&#8217;Ottawa (GFGSO). De plus, certains employeurs choisissent de donner aux organismes avec qui vous faites du b\u00e9n\u00e9volat. Benevity est une plateforme utilis\u00e9e par de nombreux employeurs (Apple, RBC, TD et autres!) et [&hellip;]<\/p>\n","protected":false},"author":1,"featured_media":0,"parent":10062,"menu_order":0,"comment_status":"closed","ping_status":"closed","template":"","meta":{"_et_pb_use_builder":"off","_et_pb_old_content":"","_et_gb_content_width":"","_coblocks_attr":"","_coblocks_dimensions":"","_coblocks_responsive_height":"","_coblocks_accordion_ie_support":"","_monsterinsights_skip_tracking":false,"_monsterinsights_sitenote_active":false,"_monsterinsights_sitenote_note":"","_monsterinsights_sitenote_category":0,"footnotes":""},"class_list":["post-10002","page","type-page","status-publish","hentry"],"aioseo_notices":[],"_links":{"self":[{"href":"https:\/\/www.bbbso.ca\/fr\/wp-json\/wp\/v2\/pages\/10002","targetHints":{"allow":["GET"]}}],"collection":[{"href":"https:\/\/www.bbbso.ca\/fr\/wp-json\/wp\/v2\/pages"}],"about":[{"href":"https:\/\/www.bbbso.ca\/fr\/wp-json\/wp\/v2\/types\/page"}],"author":[{"embeddable":true,"href":"https:\/\/www.bbbso.ca\/fr\/wp-json\/wp\/v2\/users\/1"}],"replies":[{"embeddable":true,"href":"https:\/\/www.bbbso.ca\/fr\/wp-json\/wp\/v2\/comments?post=10002"}],"version-history":[{"count":1,"href":"https:\/\/www.bbbso.ca\/fr\/wp-json\/wp\/v2\/pages\/10002\/revisions"}],"predecessor-version":[{"id":10003,"href":"https:\/\/www.bbbso.ca\/fr\/wp-json\/wp\/v2\/pages\/10002\/revisions\/10003"}],"up":[{"embeddable":true,"href":"https:\/\/www.bbbso.ca\/fr\/wp-json\/wp\/v2\/pages\/10062"}],"wp:attachment":[{"href":"https:\/\/www.bbbso.ca\/fr\/wp-json\/wp\/v2\/media?parent=10002"}],"curies":[{"name":"wp","href":"https:\/\/api.w.org\/{rel}","templated":true}]}}